{"id":849,"date":"2019-01-22T12:11:13","date_gmt":"2019-01-22T11:11:13","guid":{"rendered":"http:\/\/192.168.156.19\/?page_id=849"},"modified":"2021-09-13T18:44:37","modified_gmt":"2021-09-13T16:44:37","slug":"ibm-notes","status":"publish","type":"page","link":"https:\/\/www.exterra-services.cz\/index.php\/ibm-notes\/","title":{"rendered":"HCL Notes"},"content":{"rendered":"<p><em>Klient pro soci\u00e1ln\u00ed podniky zlep\u0161uj\u00edc\u00ed produktivitu pracovn\u00edk\u016f<\/em><\/p>\n<p>Produkt HCL Notes je desktopov\u00fd klient pro soci\u00e1ln\u00ed podniky. Zp\u0159\u00edstup\u0148uje osoby, obchodn\u00ed aplikace a pot\u0159ebn\u00e9 informace z cel\u00e9ho podniku a Internetu. Nyn\u00ed svoji pr\u00e1ci zvl\u00e1dnete rychleji a efektivn\u011bji.<\/p>\n<p><strong>IBM Notes pom\u00e1h\u00e1:<\/strong><\/p>\n<ul>\n<li><strong>Zp\u0159\u00edstupnit cel\u00fd sv\u011bt z pracovn\u00ed plochy va\u0161eho po\u010d\u00edta\u010de<\/strong> d\u00edky jedin\u00e9mu p\u0159\u00edstupov\u00e9mu bodu k obchodn\u00edm aplikac\u00edm, soci\u00e1ln\u00edm s\u00edt\u00edm, e-mailu, kalend\u00e1\u0159\u016fm, informa\u010dn\u00edm kan\u00e1l\u016fm, modul\u016fm widget, rychl\u00e9mu zas\u00edl\u00e1n\u00ed zpr\u00e1v atd.<\/li>\n<li><strong>\u010cerpat informace z va\u0161\u00ed s\u00edt\u011b<\/strong> s vyu\u017eit\u00edm organiza\u010dn\u00edch znalost\u00ed a s rychl\u00fdm vyhled\u00e1v\u00e1n\u00edm osob a pot\u0159ebn\u00e9ho obsahu.<\/li>\n<li><strong>Spolupracovat chyt\u0159eji<\/strong> s uplatn\u011bn\u00edm n\u00e1stroj\u016f soci\u00e1ln\u00edch s\u00edt\u00ed integrovan\u00fdch do pracovn\u00edch \u010dinnost\u00ed. Pat\u0159\u00ed sem nap\u0159. vizitky, zji\u0161\u0165ov\u00e1n\u00ed p\u0159ipojen\u00fdch \u00fa\u010dastn\u00edk\u016f, rychl\u00e9 zas\u00edl\u00e1n\u00ed zpr\u00e1v, webov\u00e9 konference a dal\u0161\u00ed.<\/li>\n<li><strong>Pracovat kdekoli<\/strong> pomoc\u00ed za\u0159\u00edzen\u00ed handheld dle va\u0161\u00ed volby. S e-maily a aplikacemi m\u016f\u017eete pracovat dokonce i v dob\u011b, kdy nejste p\u0159ipojeni k s\u00edti.<\/li>\n<\/ul>\n<p><strong>Cel\u00fd sv\u011bt na pracovn\u00ed plo\u0161e va\u0161eho po\u010d\u00edta\u010de<\/strong><\/p>\n<ul>\n<li>P\u0159izp\u016fsobte si sv\u00e9 pracovn\u00ed prost\u0159ed\u00ed pomoc\u00ed modul\u016f widget. Moduly widget zprost\u0159edkuj\u00ed n\u00e1stroje soci\u00e1ln\u00edch s\u00edt\u00ed, kter\u00e9 pot\u0159ebujete ke sv\u00e9 pr\u00e1ci, a poskytuj\u00ed touto cestou informace z cel\u00e9ho va\u0161eho podniku i Internetu.<\/li>\n<li>Vylep\u0161ete produktivitu sv\u00e9 pr\u00e1ce pomoc\u00ed inteligentn\u00edho e-mailu, slu\u017eby kalend\u00e1\u0159e a spr\u00e1vy kontakt\u016f. Pou\u017eit\u00ed t\u011bchto n\u00e1stroj\u016f usnad\u0148uje modern\u00ed a intuitivn\u00ed rozhran\u00ed.<\/li>\n<li>Upravte si sv\u00e9ho klienta prost\u0159ed\u00ed IBM Notes podle sv\u00fdch pot\u0159eb. Do produktu IBM Notes m\u016f\u017eete integrovat i \u0159e\u0161en\u00ed t\u0159et\u00edch stran a vlastn\u00ed \u0159e\u0161en\u00ed.<\/li>\n<li>Vyhled\u00e1vejte osoby online a spolupracujte v re\u00e1ln\u00e9m \u010dase. Klient prost\u0159ed\u00ed IBM Notes spojuje funkce zji\u0161\u0165ov\u00e1n\u00ed p\u0159ipojen\u00fdch \u00fa\u010dastn\u00edk\u016f a rychl\u00e9 zas\u00edl\u00e1n\u00ed zpr\u00e1v.<\/li>\n<\/ul>\n<p><strong>\u010cerp\u00e1n\u00ed informac\u00ed z va\u0161\u00ed s\u00edt\u011b<\/strong><\/p>\n<ul>\n<li>Vyu\u017eijte integrovan\u00fd p\u0159\u00edstup k dostupn\u00fdm n\u00e1stroj\u016fm soci\u00e1ln\u00edch s\u00edt\u00ed p\u0159\u00edmo ze softwar\u016f IBM Connections a IBM Lotus Quickr, v\u010detn\u011b profil\u016f, soubor\u016f, aktivit, t\u00fdmov\u00fdch prostor\u016f a knihoven obsahu.<\/li>\n<li>Rychle vyhled\u00e1vejte informace poskytnut\u00e9 dal\u0161\u00edmi osobami ve va\u0161\u00ed organizaci; neztr\u00e1cejte \u010das hled\u00e1n\u00edm a vyu\u017eijte organiza\u010dn\u00ed znalosti na maximum.<\/li>\n<li>D\u00edky integraci s produktem Connections vyhled\u00e1vejte profily a blogy sv\u00fdch koleg\u016f, \u00falo\u017ei\u0161t\u011b obsahu, aktivity, komunity a dal\u0161\u00ed.<\/li>\n<li>Vyu\u017eijte integraci s produktem Connections a hledejte ve zna\u010dk\u00e1ch vytvo\u0159en\u00fdch ostatn\u00edmi p\u0159i vyhled\u00e1v\u00e1n\u00ed informac\u00ed na t\u00e9mata, kter\u00e1 v\u00e1s zaj\u00edmaj\u00ed.<\/li>\n<\/ul>\n<p><strong>Chyt\u0159ej\u0161\u00ed spolupr\u00e1ce<\/strong><\/p>\n<ul>\n<li>Elegantn\u00ed a modern\u00ed \u0161ablony zalo\u017een\u00e9 na technologii Web 2.0 umo\u017e\u0148uj\u00ed snadno zachytit n\u00e1pady, sd\u00edlet znalosti a zajistit si aktu\u00e1ln\u00ed informace o nejnov\u011bj\u0161\u00edm v\u00fdvoji projektu.<\/li>\n<li>Virtu\u00e1ln\u00ed prost\u0159ed\u00ed stimuluje pokrokov\u00e9 my\u0161len\u00ed t\u00edm, \u017ee spojuje dohromady r\u016fzn\u00e9 pracovn\u00edky p\u0159i v\u00fdm\u011bn\u011b n\u00e1pad\u016f.<\/li>\n<li>Integrace s produkty Lotus Quickr a Connections umo\u017e\u0148uje t\u00fdm\u016fm zorganizovat si pr\u00e1ci, napl\u00e1novat dal\u0161\u00ed kroky a dokon\u010dit projekty v krat\u0161\u00edm term\u00ednu.<\/li>\n<\/ul>\n<p><strong>Mo\u017enost pr\u00e1ce kdekoli<\/strong><\/p>\n<ul>\n<li>Pokro\u010dil\u00e1 technologie replikace usnad\u0148uje pr\u00e1ci bez p\u0159\u00edstupu k s\u00edti; va\u0161e zm\u011bny se mohou po op\u011btn\u00e9m p\u0159ipojen\u00ed automaticky synchronizovat s va\u0161\u00edm serverem IBM Domino.<\/li>\n<li>Pokud se o pracovn\u00ed stanici d\u011bl\u00edte s n\u011bk\u00fdm dal\u0161\u00edm, m\u00e1te p\u0159\u00edstup k va\u0161\u00ed osobn\u00ed konfiguraci desktopu IBM Notes a p\u0159edvolb\u00e1m aplikac\u00ed z libovoln\u00e9ho syst\u00e9mu, jen\u017e podporuje IBM Notes.<\/li>\n<li>Ke sv\u00e9mu e-mailu IBM Notes m\u016f\u017eete p\u0159istupovat z p\u0159\u00edstroj\u016f Apple iPhone, Android, Nokia Symbian, Microsoft Windows a dal\u0161\u00edch za\u0159\u00edzen\u00ed handheld za pomoci softwaru IBM Notes.<\/li>\n<\/ul>\n","protected":false},"excerpt":{"rendered":"<p>Klient pro soci\u00e1ln\u00ed podniky zlep\u0161uj\u00edc\u00ed produktivitu pracovn\u00edk\u016f Produkt HCL Notes je desktopov\u00fd klient pro soci\u00e1ln\u00ed podniky. Zp\u0159\u00edstup\u0148uje osoby, obchodn\u00ed aplikace a pot\u0159ebn\u00e9 informace z cel\u00e9ho podniku a Internetu. Nyn\u00ed svoji pr\u00e1ci zvl\u00e1dnete rychleji a efektivn\u011bji. IBM Notes pom\u00e1h\u00e1: Zp\u0159\u00edstupnit cel\u00fd sv\u011bt z pracovn\u00ed plochy va\u0161eho po\u010d\u00edta\u010de d\u00edky jedin\u00e9mu p\u0159\u00edstupov\u00e9mu bodu k obchodn\u00edm aplikac\u00edm, soci\u00e1ln\u00edm s\u00edt\u00edm, [&hellip;]<\/p>\n","protected":false},"author":1,"featured_media":0,"parent":0,"menu_order":0,"comment_status":"closed","ping_status":"closed","template":"","meta":{"ocean_post_layout":"","ocean_both_sidebars_style":"","ocean_both_sidebars_content_width":0,"ocean_both_sidebars_sidebars_width":0,"ocean_sidebar":"0","ocean_second_sidebar":"0","ocean_disable_margins":"enable","ocean_add_body_class":"","ocean_shortcode_before_top_bar":"","ocean_shortcode_after_top_bar":"","ocean_shortcode_before_header":"","ocean_shortcode_after_header":"","ocean_has_shortcode":"","ocean_shortcode_after_title":"","ocean_shortcode_before_footer_widgets":"","ocean_shortcode_after_footer_widgets":"","ocean_shortcode_before_footer_bottom":"","ocean_shortcode_after_footer_bottom":"","ocean_display_top_bar":"default","ocean_display_header":"default","ocean_header_style":"","ocean_center_header_left_menu":"0","ocean_custom_header_template":"0","ocean_custom_logo":0,"ocean_custom_retina_logo":0,"ocean_custom_logo_max_width":0,"ocean_custom_logo_tablet_max_width":0,"ocean_custom_logo_mobile_max_width":0,"ocean_custom_logo_max_height":0,"ocean_custom_logo_tablet_max_height":0,"ocean_custom_logo_mobile_max_height":0,"ocean_header_custom_menu":"0","ocean_menu_typo_font_family":"0","ocean_menu_typo_font_subset":"","ocean_menu_typo_font_size":0,"ocean_menu_typo_font_size_tablet":0,"ocean_menu_typo_font_size_mobile":0,"ocean_menu_typo_font_size_unit":"px","ocean_menu_typo_font_weight":"","ocean_menu_typo_font_weight_tablet":"","ocean_menu_typo_font_weight_mobile":"","ocean_menu_typo_transform":"","ocean_menu_typo_transform_tablet":"","ocean_menu_typo_transform_mobile":"","ocean_menu_typo_line_height":0,"ocean_menu_typo_line_height_tablet":0,"ocean_menu_typo_line_height_mobile":0,"ocean_menu_typo_line_height_unit":"","ocean_menu_typo_spacing":0,"ocean_menu_typo_spacing_tablet":0,"ocean_menu_typo_spacing_mobile":0,"ocean_menu_typo_spacing_unit":"","ocean_menu_link_color":"","ocean_menu_link_color_hover":"","ocean_menu_link_color_active":"","ocean_menu_link_background":"","ocean_menu_link_hover_background":"","ocean_menu_link_active_background":"","ocean_menu_social_links_bg":"","ocean_menu_social_hover_links_bg":"","ocean_menu_social_links_color":"","ocean_menu_social_hover_links_color":"","ocean_disable_title":"default","ocean_disable_heading":"default","ocean_post_title":"","ocean_post_subheading":"","ocean_post_title_style":"","ocean_post_title_background_color":"","ocean_post_title_background":0,"ocean_post_title_bg_image_position":"","ocean_post_title_bg_image_attachment":"","ocean_post_title_bg_image_repeat":"","ocean_post_title_bg_image_size":"","ocean_post_title_height":0,"ocean_post_title_bg_overlay":0.5,"ocean_post_title_bg_overlay_color":"","ocean_disable_breadcrumbs":"default","ocean_breadcrumbs_color":"","ocean_breadcrumbs_separator_color":"","ocean_breadcrumbs_links_color":"","ocean_breadcrumbs_links_hover_color":"","ocean_display_footer_widgets":"default","ocean_display_footer_bottom":"default","ocean_custom_footer_template":"0","footnotes":""},"class_list":["post-849","page","type-page","status-publish","hentry","entry"],"yoast_head":"<!-- This site is optimized with the Yoast SEO plugin v27.4 - https:\/\/yoast.com\/product\/yoast-seo-wordpress\/ -->\n<title>HCL Notes &#8226; exTerra Services &#8226; profesion\u00e1ln\u00ed IT \u0159e\u0161en\u00ed<\/title>\n<meta name=\"description\" content=\"Produkt HCL Notes je desktopov\u00fd klient pro soci\u00e1ln\u00ed podniky. Zp\u0159\u00edstup\u0148uje osoby, obchodn\u00ed aplikace a pot\u0159ebn\u00e9 informace...\" \/>\n<meta name=\"robots\" content=\"noindex, nofollow\" \/>\n<meta property=\"og:locale\" content=\"cs_CZ\" \/>\n<meta property=\"og:type\" content=\"article\" \/>\n<meta property=\"og:title\" content=\"HCL Notes &#8226; exTerra Services &#8226; profesion\u00e1ln\u00ed IT \u0159e\u0161en\u00ed\" \/>\n<meta property=\"og:description\" content=\"Produkt HCL Notes je desktopov\u00fd klient pro soci\u00e1ln\u00ed podniky. Zp\u0159\u00edstup\u0148uje osoby, obchodn\u00ed aplikace a pot\u0159ebn\u00e9 informace...\" \/>\n<meta property=\"og:url\" content=\"https:\/\/www.exterra-services.cz\/index.php\/ibm-notes\/\" \/>\n<meta property=\"og:site_name\" content=\"exTerra Services\" \/>\n<meta property=\"article:modified_time\" content=\"2021-09-13T16:44:37+00:00\" \/>\n<meta name=\"twitter:card\" content=\"summary_large_image\" \/>\n<meta name=\"twitter:label1\" content=\"Odhadovan\u00e1 doba \u010dten\u00ed\" \/>\n\t<meta name=\"twitter:data1\" content=\"2 minuty\" \/>\n<script type=\"application\/ld+json\" class=\"yoast-schema-graph\">{\"@context\":\"https:\\\/\\\/schema.org\",\"@graph\":[{\"@type\":\"WebPage\",\"@id\":\"https:\\\/\\\/www.exterra-services.cz\\\/index.php\\\/ibm-notes\\\/\",\"url\":\"https:\\\/\\\/www.exterra-services.cz\\\/index.php\\\/ibm-notes\\\/\",\"name\":\"HCL Notes &#8226; exTerra Services &#8226; profesion\u00e1ln\u00ed IT \u0159e\u0161en\u00ed\",\"isPartOf\":{\"@id\":\"https:\\\/\\\/www.exterra-services.cz\\\/#website\"},\"datePublished\":\"2019-01-22T11:11:13+00:00\",\"dateModified\":\"2021-09-13T16:44:37+00:00\",\"description\":\"Produkt HCL Notes je desktopov\u00fd klient pro soci\u00e1ln\u00ed podniky. Zp\u0159\u00edstup\u0148uje osoby, obchodn\u00ed aplikace a pot\u0159ebn\u00e9 informace...\",\"breadcrumb\":{\"@id\":\"https:\\\/\\\/www.exterra-services.cz\\\/index.php\\\/ibm-notes\\\/#breadcrumb\"},\"inLanguage\":\"cs\",\"potentialAction\":[{\"@type\":\"ReadAction\",\"target\":[\"https:\\\/\\\/www.exterra-services.cz\\\/index.php\\\/ibm-notes\\\/\"]}]},{\"@type\":\"BreadcrumbList\",\"@id\":\"https:\\\/\\\/www.exterra-services.cz\\\/index.php\\\/ibm-notes\\\/#breadcrumb\",\"itemListElement\":[{\"@type\":\"ListItem\",\"position\":1,\"name\":\"Dom\u016f\",\"item\":\"https:\\\/\\\/www.exterra-services.cz\\\/\"},{\"@type\":\"ListItem\",\"position\":2,\"name\":\"HCL Notes\"}]},{\"@type\":\"WebSite\",\"@id\":\"https:\\\/\\\/www.exterra-services.cz\\\/#website\",\"url\":\"https:\\\/\\\/www.exterra-services.cz\\\/\",\"name\":\"exTerra Services\",\"description\":\"profesion\u00e1ln\u00ed IT \u0159e\u0161en\u00ed\",\"publisher\":{\"@id\":\"https:\\\/\\\/www.exterra-services.cz\\\/#organization\"},\"potentialAction\":[{\"@type\":\"SearchAction\",\"target\":{\"@type\":\"EntryPoint\",\"urlTemplate\":\"https:\\\/\\\/www.exterra-services.cz\\\/?s={search_term_string}\"},\"query-input\":{\"@type\":\"PropertyValueSpecification\",\"valueRequired\":true,\"valueName\":\"search_term_string\"}}],\"inLanguage\":\"cs\"},{\"@type\":\"Organization\",\"@id\":\"https:\\\/\\\/www.exterra-services.cz\\\/#organization\",\"name\":\"exTerra Services s.r.o.\",\"url\":\"https:\\\/\\\/www.exterra-services.cz\\\/\",\"logo\":{\"@type\":\"ImageObject\",\"inLanguage\":\"cs\",\"@id\":\"https:\\\/\\\/www.exterra-services.cz\\\/#\\\/schema\\\/logo\\\/image\\\/\",\"url\":\"https:\\\/\\\/www.exterra-services.cz\\\/wp-content\\\/uploads\\\/2018\\\/12\\\/logo.png\",\"contentUrl\":\"https:\\\/\\\/www.exterra-services.cz\\\/wp-content\\\/uploads\\\/2018\\\/12\\\/logo.png\",\"width\":1280,\"height\":720,\"caption\":\"exTerra Services s.r.o.\"},\"image\":{\"@id\":\"https:\\\/\\\/www.exterra-services.cz\\\/#\\\/schema\\\/logo\\\/image\\\/\"}}]}<\/script>\n<!-- \/ Yoast SEO plugin. -->","yoast_head_json":{"title":"HCL Notes &#8226; exTerra Services &#8226; profesion\u00e1ln\u00ed IT \u0159e\u0161en\u00ed","description":"Produkt HCL Notes je desktopov\u00fd klient pro soci\u00e1ln\u00ed podniky. Zp\u0159\u00edstup\u0148uje osoby, obchodn\u00ed aplikace a pot\u0159ebn\u00e9 informace...","robots":{"index":"noindex","follow":"nofollow"},"og_locale":"cs_CZ","og_type":"article","og_title":"HCL Notes &#8226; exTerra Services &#8226; profesion\u00e1ln\u00ed IT \u0159e\u0161en\u00ed","og_description":"Produkt HCL Notes je desktopov\u00fd klient pro soci\u00e1ln\u00ed podniky. Zp\u0159\u00edstup\u0148uje osoby, obchodn\u00ed aplikace a pot\u0159ebn\u00e9 informace...","og_url":"https:\/\/www.exterra-services.cz\/index.php\/ibm-notes\/","og_site_name":"exTerra Services","article_modified_time":"2021-09-13T16:44:37+00:00","twitter_card":"summary_large_image","twitter_misc":{"Odhadovan\u00e1 doba \u010dten\u00ed":"2 minuty"},"schema":{"@context":"https:\/\/schema.org","@graph":[{"@type":"WebPage","@id":"https:\/\/www.exterra-services.cz\/index.php\/ibm-notes\/","url":"https:\/\/www.exterra-services.cz\/index.php\/ibm-notes\/","name":"HCL Notes &#8226; exTerra Services &#8226; profesion\u00e1ln\u00ed IT \u0159e\u0161en\u00ed","isPartOf":{"@id":"https:\/\/www.exterra-services.cz\/#website"},"datePublished":"2019-01-22T11:11:13+00:00","dateModified":"2021-09-13T16:44:37+00:00","description":"Produkt HCL Notes je desktopov\u00fd klient pro soci\u00e1ln\u00ed podniky. Zp\u0159\u00edstup\u0148uje osoby, obchodn\u00ed aplikace a pot\u0159ebn\u00e9 informace...","breadcrumb":{"@id":"https:\/\/www.exterra-services.cz\/index.php\/ibm-notes\/#breadcrumb"},"inLanguage":"cs","potentialAction":[{"@type":"ReadAction","target":["https:\/\/www.exterra-services.cz\/index.php\/ibm-notes\/"]}]},{"@type":"BreadcrumbList","@id":"https:\/\/www.exterra-services.cz\/index.php\/ibm-notes\/#breadcrumb","itemListElement":[{"@type":"ListItem","position":1,"name":"Dom\u016f","item":"https:\/\/www.exterra-services.cz\/"},{"@type":"ListItem","position":2,"name":"HCL Notes"}]},{"@type":"WebSite","@id":"https:\/\/www.exterra-services.cz\/#website","url":"https:\/\/www.exterra-services.cz\/","name":"exTerra Services","description":"profesion\u00e1ln\u00ed IT \u0159e\u0161en\u00ed","publisher":{"@id":"https:\/\/www.exterra-services.cz\/#organization"},"potentialAction":[{"@type":"SearchAction","target":{"@type":"EntryPoint","urlTemplate":"https:\/\/www.exterra-services.cz\/?s={search_term_string}"},"query-input":{"@type":"PropertyValueSpecification","valueRequired":true,"valueName":"search_term_string"}}],"inLanguage":"cs"},{"@type":"Organization","@id":"https:\/\/www.exterra-services.cz\/#organization","name":"exTerra Services s.r.o.","url":"https:\/\/www.exterra-services.cz\/","logo":{"@type":"ImageObject","inLanguage":"cs","@id":"https:\/\/www.exterra-services.cz\/#\/schema\/logo\/image\/","url":"https:\/\/www.exterra-services.cz\/wp-content\/uploads\/2018\/12\/logo.png","contentUrl":"https:\/\/www.exterra-services.cz\/wp-content\/uploads\/2018\/12\/logo.png","width":1280,"height":720,"caption":"exTerra Services s.r.o."},"image":{"@id":"https:\/\/www.exterra-services.cz\/#\/schema\/logo\/image\/"}}]}},"jetpack_sharing_enabled":true,"_links":{"self":[{"href":"https:\/\/www.exterra-services.cz\/index.php\/wp-json\/wp\/v2\/pages\/849","targetHints":{"allow":["GET"]}}],"collection":[{"href":"https:\/\/www.exterra-services.cz\/index.php\/wp-json\/wp\/v2\/pages"}],"about":[{"href":"https:\/\/www.exterra-services.cz\/index.php\/wp-json\/wp\/v2\/types\/page"}],"author":[{"embeddable":true,"href":"https:\/\/www.exterra-services.cz\/index.php\/wp-json\/wp\/v2\/users\/1"}],"replies":[{"embeddable":true,"href":"https:\/\/www.exterra-services.cz\/index.php\/wp-json\/wp\/v2\/comments?post=849"}],"version-history":[{"count":2,"href":"https:\/\/www.exterra-services.cz\/index.php\/wp-json\/wp\/v2\/pages\/849\/revisions"}],"predecessor-version":[{"id":3764,"href":"https:\/\/www.exterra-services.cz\/index.php\/wp-json\/wp\/v2\/pages\/849\/revisions\/3764"}],"wp:attachment":[{"href":"https:\/\/www.exterra-services.cz\/index.php\/wp-json\/wp\/v2\/media?parent=849"}],"curies":[{"name":"wp","href":"https:\/\/api.w.org\/{rel}","templated":true}]}}