{"id":56,"date":"2017-03-08T08:16:11","date_gmt":"2017-03-08T08:16:11","guid":{"rendered":"http:\/\/static.crazycafe.net\/hostwind\/?page_id=56"},"modified":"2026-01-06T16:04:04","modified_gmt":"2026-01-06T15:04:04","slug":"kontakt","status":"publish","type":"page","link":"https:\/\/www.exterra-services.cz\/index.php\/kontakt\/","title":{"rendered":"Kontakt"},"content":{"rendered":"\t\t<div data-elementor-type=\"wp-page\" data-elementor-id=\"56\" class=\"elementor elementor-56\">\n\t\t\t\t\t\t<section class=\"elementor-section elementor-top-section elementor-element elementor-element-2d72dc95 elementor-section-boxed elementor-section-height-default elementor-section-height-default\" data-id=\"2d72dc95\" data-element_type=\"section\" data-e-type=\"section\">\n\t\t\t\t\t\t<div class=\"elementor-container elementor-column-gap-default\">\n\t\t\t\t\t<div class=\"elementor-column elementor-col-100 elementor-top-column elementor-element elementor-element-d5644e\" data-id=\"d5644e\" data-element_type=\"column\" data-e-type=\"column\">\n\t\t\t<div class=\"elementor-widget-wrap elementor-element-populated\">\n\t\t\t\t\t\t<div class=\"elementor-element elementor-element-d8e1387 elementor-widget elementor-widget-spacer\" data-id=\"d8e1387\" data-element_type=\"widget\" data-e-type=\"widget\" data-widget_type=\"spacer.default\">\n\t\t\t\t<div class=\"elementor-widget-container\">\n\t\t\t\t\t\t\t<div class=\"elementor-spacer\">\n\t\t\t<div class=\"elementor-spacer-inner\"><\/div>\n\t\t<\/div>\n\t\t\t\t\t\t<\/div>\n\t\t\t\t<\/div>\n\t\t\t\t<div class=\"elementor-element elementor-element-4b6754b elementor-widget elementor-widget-text-editor\" data-id=\"4b6754b\" data-element_type=\"widget\" data-e-type=\"widget\" data-widget_type=\"text-editor.default\">\n\t\t\t\t<div class=\"elementor-widget-container\">\n\t\t\t\t\t\t\t\t\t<p><span style=\"color: #000000;\"><\/span><\/p>\n<div class=\"wp-block-columns has-3-columns is-layout-flex wp-container-core-columns-is-layout-9d6595d7 wp-block-columns-is-layout-flex\">\n<p><span style=\"color: #000000;\"><\/span><\/p>\n<div class=\"wp-block-column is-layout-flow wp-block-column-is-layout-flow\">\n<p><span style=\"color: #000000;\"><\/span><\/p>\n<h3 class=\"wp-block-heading\"><span style=\"color: #000000;\">exTerra Services s.r.o.<\/span><\/h3>\n<p><span style=\"color: #000000;\"><\/span><\/p>\n<p><span style=\"color: #000000;\"><strong>S\u00eddlo firmy:<\/strong><\/span><br \/><span style=\"color: #000000;\">Lisabonsk\u00e1 799\/8<\/span><br \/><span style=\"color: #000000;\">Praha 9 &#8211; Vyso\u010dany<\/span><br \/><span style=\"color: #000000;\">190 00<\/span><\/p>\n<p><span style=\"color: #000000;\"><\/span><\/p>\n<p><span style=\"color: #000000;\"><strong>Doru\u010dovac\u00ed adresa: <\/strong><\/span><\/p>\n<p><span style=\"color: #000000;\"><\/span><\/p>\n<p><span style=\"color: #000000;\">BUSINESS CENTRUM Lisabonsk\u00e1 799 <\/span><br \/><span style=\"color: #000000;\">Lisabonsk\u00e1 799\/8<\/span><br \/><span style=\"color: #000000;\">Praha 9 &#8211; Vyso\u010dany<\/span><br \/><span style=\"color: #000000;\">190 00 <\/span><\/p>\n<p><span style=\"color: #000000;\"><\/span><\/p>\n<hr class=\"wp-block-separator\" \/>\n<p><span style=\"color: #000000;\"><\/span><\/p>\n<p><span style=\"color: #000000;\"><strong>I\u010c: <\/strong>24660566<\/span><br \/><span style=\"color: #000000;\"><strong>DI\u010c: <\/strong>CZ699007962<\/span><\/p>\n<p><span style=\"color: #000000;\"><\/span><\/p>\n<p><span style=\"color: #000000;\"><strong>Firma je zaps\u00e1na u rejst\u0159\u00edkov\u00e9ho soudu v Praze, odd\u00edl C, vlo\u017eka 164156 <\/strong><\/span><\/p>\n<p><span style=\"color: #000000;\"><\/span><\/p>\n<\/div>\n<p><span style=\"color: #000000;\"><\/span><\/p>\n<div class=\"wp-block-column is-layout-flow wp-block-column-is-layout-flow\">\n<p><span style=\"color: #000000;\"><\/span><\/p>\n<h3 class=\"wp-block-heading\"><span style=\"color: #000000;\">Bankovn\u00ed spojen\u00ed:<\/span><\/h3>\n<p><span style=\"color: #000000;\"><\/span><\/p>\n<p><span style=\"color: #000000;\"><strong>Raiffeisenbank a.s.<\/strong> <\/span><br \/><span style=\"color: #000000;\">\u010c\u00edslo \u00fa\u010dtu: 5555523 \/ 5500 CZK <\/span><br \/><span style=\"color: #000000;\">IBAN: CZ58\u00a05500\u00a00000\u00a00000\u00a00555\u00a05523<\/span><\/p>\n<p><span style=\"color: #000000;\"><\/span><\/p>\n<p><span style=\"color: #000000;\"><strong>\u010cSOB Praha<\/strong><\/span><br \/><span style=\"color: #000000;\">\u010c\u00edslo \u00fa\u010dtu: 237858144 \/ 0300 CZK <\/span><br \/><span style=\"color: #000000;\">IBAN: CZ49\u00a00300\u00a00000\u00a00002\u00a03785\u00a08144<\/span><\/p>\n<p><span style=\"color: #000000;\"><\/span><\/p>\n<\/div>\n<p><span style=\"color: #000000;\"><\/span><\/p>\n<div class=\"wp-block-column is-layout-flow wp-block-column-is-layout-flow\">\n<p><span style=\"color: #000000;\"><\/span><\/p>\n<h3 class=\"wp-block-heading\"><span style=\"color: #000000;\"><strong>Kontaktn\u00ed osoby<\/strong><\/span><\/h3>\n<p><span style=\"color: #000000;\"><\/span><\/p>\n<p><span style=\"color: #000000;\"><strong>Petr \u0160ANTR\u016e\u010cEK<\/strong><\/span><br \/><span style=\"color: #ff6600;\">&#8211; jednatel spole\u010dnosti<\/span><br \/><span style=\"color: #000000;\"><a style=\"color: #000000;\" href=\"mailto:petr.santrucek@exterra-services.cz\">petr.santrucek@exterra-services.cz<\/a><\/span><br \/><span style=\"color: #000000;\">tel: <a style=\"color: #000000;\" href=\"tel:602119906\">+420\u00a0602\u00a0119\u00a0906<\/a><\/span><\/p>\n<p><span style=\"color: #000000;\"><\/span><\/p>\n<p><span style=\"color: #000000;\"><strong>Ji\u0159\u00ed \u0160IR\u016e\u010cEK<\/strong><\/span><br \/><span style=\"color: #ff6600;\">&#8211; technick\u00e1 podpora<\/span><br \/><span style=\"color: #000000;\"><a style=\"color: #000000;\" href=\"mailto:jiri.sirucek@exterra-services.cz\">jiri.sirucek@exterra-services.cz<\/a><\/span><br \/><span style=\"color: #000000;\">tel: <a style=\"color: #000000;\" href=\"tel:727 879 744\">+ 420\u00a0727\u00a0879\u00a0744<\/a><\/span><\/p>\n<p><span style=\"color: #000000;\"><\/span><\/p>\n<p><span style=\"color: #000000;\"><strong>\u0160tefan GELETA<\/strong><\/span><br \/><span style=\"color: #ff6600;\">&#8211; v\u00fdvoj aplikac\u00ed<\/span><br \/><span style=\"color: #000000;\"><a style=\"color: #000000;\" href=\"mailto:stefan.geleta@exterra-services.cz\">stefan.geleta@exterra-services.cz<\/a><\/span><br \/><span style=\"color: #000000;\">tel: <a style=\"color: #000000;\" href=\"tel:602 271 982\">+420\u00a0602\u00a0271\u00a0982 <\/a><\/span><\/p>\n<p><span style=\"color: #000000;\"><\/span><\/p>\n<p><span style=\"color: #000000;\"><\/span><\/p>\n<p><span style=\"color: #000000;\"><\/span><\/p>\n<p><span style=\"color: #000000;\"><strong>Gabriela BARTO\u0147OV\u00c1<\/strong><\/span><br \/><span style=\"color: #ff6600;\">&#8211; administrativa a obchod<\/span><br \/><span style=\"color: #000000;\"><a style=\"color: #000000;\" href=\"mailto:gabriela.bartonova@exterra-services.cz\">gabriela.bartonova@exterra-services.cz<\/a><\/span><br \/><span style=\"color: #000000;\">tel: <a style=\"color: #000000;\" href=\"tel:724 321 121\">+420\u00a0724\u00a0321\u00a0121<\/a><\/span><\/p>\n<p><span style=\"color: #000000;\"><\/span><\/p>\n<\/div>\n<p><span style=\"color: #000000;\"><\/span><\/p>\n<\/div>\n<p><span style=\"color: #000000;\"><\/span><\/p>\n<p><iframe style=\"border: 0;\" src=\"https:\/\/www.google.com\/maps\/embed?pb=!1m18!1m12!1m3!1d2558.950831370966!2d14.495164915718904!3d50.105927279429245!2m3!1f0!2f0!3f0!3m2!1i1024!2i768!4f13.1!3m3!1m2!1s0x470becb5998def33%3A0x76fbc420ee624a00!2sLisabonsk%C3%A1+799%2F8%2C+190+00+Praha+9-Vyso%C4%8Dany!5e0!3m2!1scs!2scz!4v1548087474741\" width=\"100%\" height=\"450\" frameborder=\"0\" allowfullscreen=\"allowfullscreen\"><\/iframe><\/p>\n<p><span style=\"color: #000000;\"><\/span><\/p>\t\t\t\t\t\t\t\t<\/div>\n\t\t\t\t<\/div>\n\t\t\t\t\t<\/div>\n\t\t<\/div>\n\t\t\t\t\t<\/div>\n\t\t<\/section>\n\t\t\t\t<\/div>\n\t\t","protected":false},"excerpt":{"rendered":"<p>exTerra Services s.r.o. S\u00eddlo firmy:Lisabonsk\u00e1 799\/8Praha 9 &#8211; Vyso\u010dany190 00 Doru\u010dovac\u00ed adresa: BUSINESS CENTRUM Lisabonsk\u00e1 799 Lisabonsk\u00e1 799\/8Praha 9 &#8211; Vyso\u010dany190 00 I\u010c: 24660566DI\u010c: CZ699007962 Firma je zaps\u00e1na u rejst\u0159\u00edkov\u00e9ho soudu v Praze, odd\u00edl C, vlo\u017eka 164156 Bankovn\u00ed spojen\u00ed: Raiffeisenbank a.s. \u010c\u00edslo \u00fa\u010dtu: 5555523 \/ 5500 CZK IBAN: CZ58\u00a05500\u00a00000\u00a00000\u00a00555\u00a05523 \u010cSOB Praha\u010c\u00edslo \u00fa\u010dtu: 237858144 \/ 0300 [&hellip;]<\/p>\n","protected":false},"author":1,"featured_media":0,"parent":0,"menu_order":0,"comment_status":"closed","ping_status":"closed","template":"","meta":{"ocean_post_layout":"","ocean_both_sidebars_style":"","ocean_both_sidebars_content_width":0,"ocean_both_sidebars_sidebars_width":0,"ocean_sidebar":"0","ocean_second_sidebar":"0","ocean_disable_margins":"enable","ocean_add_body_class":"","ocean_shortcode_before_top_bar":"","ocean_shortcode_after_top_bar":"","ocean_shortcode_before_header":"","ocean_shortcode_after_header":"","ocean_has_shortcode":"","ocean_shortcode_after_title":"","ocean_shortcode_before_footer_widgets":"","ocean_shortcode_after_footer_widgets":"","ocean_shortcode_before_footer_bottom":"","ocean_shortcode_after_footer_bottom":"","ocean_display_top_bar":"default","ocean_display_header":"default","ocean_header_style":"","ocean_center_header_left_menu":"0","ocean_custom_header_template":"0","ocean_custom_logo":0,"ocean_custom_retina_logo":0,"ocean_custom_logo_max_width":0,"ocean_custom_logo_tablet_max_width":0,"ocean_custom_logo_mobile_max_width":0,"ocean_custom_logo_max_height":0,"ocean_custom_logo_tablet_max_height":0,"ocean_custom_logo_mobile_max_height":0,"ocean_header_custom_menu":"0","ocean_menu_typo_font_family":"0","ocean_menu_typo_font_subset":"","ocean_menu_typo_font_size":0,"ocean_menu_typo_font_size_tablet":0,"ocean_menu_typo_font_size_mobile":0,"ocean_menu_typo_font_size_unit":"px","ocean_menu_typo_font_weight":"","ocean_menu_typo_font_weight_tablet":"","ocean_menu_typo_font_weight_mobile":"","ocean_menu_typo_transform":"","ocean_menu_typo_transform_tablet":"","ocean_menu_typo_transform_mobile":"","ocean_menu_typo_line_height":0,"ocean_menu_typo_line_height_tablet":0,"ocean_menu_typo_line_height_mobile":0,"ocean_menu_typo_line_height_unit":"","ocean_menu_typo_spacing":0,"ocean_menu_typo_spacing_tablet":0,"ocean_menu_typo_spacing_mobile":0,"ocean_menu_typo_spacing_unit":"","ocean_menu_link_color":"","ocean_menu_link_color_hover":"","ocean_menu_link_color_active":"","ocean_menu_link_background":"","ocean_menu_link_hover_background":"","ocean_menu_link_active_background":"","ocean_menu_social_links_bg":"","ocean_menu_social_hover_links_bg":"","ocean_menu_social_links_color":"","ocean_menu_social_hover_links_color":"","ocean_disable_title":"default","ocean_disable_heading":"default","ocean_post_title":"","ocean_post_subheading":"","ocean_post_title_style":"","ocean_post_title_background_color":"","ocean_post_title_background":0,"ocean_post_title_bg_image_position":"","ocean_post_title_bg_image_attachment":"","ocean_post_title_bg_image_repeat":"","ocean_post_title_bg_image_size":"","ocean_post_title_height":0,"ocean_post_title_bg_overlay":0.5,"ocean_post_title_bg_overlay_color":"","ocean_disable_breadcrumbs":"default","ocean_breadcrumbs_color":"","ocean_breadcrumbs_separator_color":"","ocean_breadcrumbs_links_color":"","ocean_breadcrumbs_links_hover_color":"","ocean_display_footer_widgets":"default","ocean_display_footer_bottom":"default","ocean_custom_footer_template":"0","footnotes":""},"class_list":["post-56","page","type-page","status-publish","hentry","entry"],"yoast_head":"<!-- This site is optimized with the Yoast SEO plugin v27.4 - https:\/\/yoast.com\/product\/yoast-seo-wordpress\/ -->\n<title>Kontakt &#8226; exTerra Services &#8226; profesion\u00e1ln\u00ed IT \u0159e\u0161en\u00ed<\/title>\n<meta name=\"description\" content=\"exTerra Services s.r.o. S\u00eddlo firmy: Lisabonsk\u00e1 799\/8Praha 9 \u2013 Vyso\u010dany 190 00. Kontakty Petr \u0160ANTR\u016e\u010cEK - petr.santrucek@exterra-services.cz\" \/>\n<meta name=\"robots\" content=\"index, follow, max-snippet:-1, max-image-preview:large, max-video-preview:-1\" \/>\n<link rel=\"canonical\" href=\"https:\/\/www.exterra-services.cz\/index.php\/kontakt\/\" \/>\n<meta property=\"og:locale\" content=\"cs_CZ\" \/>\n<meta property=\"og:type\" content=\"article\" \/>\n<meta property=\"og:title\" content=\"Kontakt &#8226; exTerra Services &#8226; profesion\u00e1ln\u00ed IT \u0159e\u0161en\u00ed\" \/>\n<meta property=\"og:description\" content=\"exTerra Services s.r.o. S\u00eddlo firmy: Lisabonsk\u00e1 799\/8Praha 9 \u2013 Vyso\u010dany 190 00. Kontakty Petr \u0160ANTR\u016e\u010cEK - petr.santrucek@exterra-services.cz\" \/>\n<meta property=\"og:url\" content=\"https:\/\/www.exterra-services.cz\/index.php\/kontakt\/\" \/>\n<meta property=\"og:site_name\" content=\"exTerra Services\" \/>\n<meta property=\"article:modified_time\" content=\"2026-01-06T15:04:04+00:00\" \/>\n<meta name=\"twitter:card\" content=\"summary_large_image\" \/>\n<meta name=\"twitter:label1\" content=\"Odhadovan\u00e1 doba \u010dten\u00ed\" \/>\n\t<meta name=\"twitter:data1\" content=\"1 minuta\" \/>\n<script type=\"application\/ld+json\" class=\"yoast-schema-graph\">{\"@context\":\"https:\\\/\\\/schema.org\",\"@graph\":[{\"@type\":\"WebPage\",\"@id\":\"https:\\\/\\\/www.exterra-services.cz\\\/index.php\\\/kontakt\\\/\",\"url\":\"https:\\\/\\\/www.exterra-services.cz\\\/index.php\\\/kontakt\\\/\",\"name\":\"Kontakt &#8226; exTerra Services &#8226; profesion\u00e1ln\u00ed IT \u0159e\u0161en\u00ed\",\"isPartOf\":{\"@id\":\"https:\\\/\\\/www.exterra-services.cz\\\/#website\"},\"datePublished\":\"2017-03-08T08:16:11+00:00\",\"dateModified\":\"2026-01-06T15:04:04+00:00\",\"description\":\"exTerra Services s.r.o. S\u00eddlo firmy: Lisabonsk\u00e1 799\\\/8Praha 9 \u2013 Vyso\u010dany 190 00. Kontakty Petr \u0160ANTR\u016e\u010cEK - petr.santrucek@exterra-services.cz\",\"breadcrumb\":{\"@id\":\"https:\\\/\\\/www.exterra-services.cz\\\/index.php\\\/kontakt\\\/#breadcrumb\"},\"inLanguage\":\"cs\",\"potentialAction\":[{\"@type\":\"ReadAction\",\"target\":[\"https:\\\/\\\/www.exterra-services.cz\\\/index.php\\\/kontakt\\\/\"]}]},{\"@type\":\"BreadcrumbList\",\"@id\":\"https:\\\/\\\/www.exterra-services.cz\\\/index.php\\\/kontakt\\\/#breadcrumb\",\"itemListElement\":[{\"@type\":\"ListItem\",\"position\":1,\"name\":\"Dom\u016f\",\"item\":\"https:\\\/\\\/www.exterra-services.cz\\\/\"},{\"@type\":\"ListItem\",\"position\":2,\"name\":\"Kontakt\"}]},{\"@type\":\"WebSite\",\"@id\":\"https:\\\/\\\/www.exterra-services.cz\\\/#website\",\"url\":\"https:\\\/\\\/www.exterra-services.cz\\\/\",\"name\":\"exTerra Services\",\"description\":\"profesion\u00e1ln\u00ed IT \u0159e\u0161en\u00ed\",\"publisher\":{\"@id\":\"https:\\\/\\\/www.exterra-services.cz\\\/#organization\"},\"potentialAction\":[{\"@type\":\"SearchAction\",\"target\":{\"@type\":\"EntryPoint\",\"urlTemplate\":\"https:\\\/\\\/www.exterra-services.cz\\\/?s={search_term_string}\"},\"query-input\":{\"@type\":\"PropertyValueSpecification\",\"valueRequired\":true,\"valueName\":\"search_term_string\"}}],\"inLanguage\":\"cs\"},{\"@type\":\"Organization\",\"@id\":\"https:\\\/\\\/www.exterra-services.cz\\\/#organization\",\"name\":\"exTerra Services s.r.o.\",\"url\":\"https:\\\/\\\/www.exterra-services.cz\\\/\",\"logo\":{\"@type\":\"ImageObject\",\"inLanguage\":\"cs\",\"@id\":\"https:\\\/\\\/www.exterra-services.cz\\\/#\\\/schema\\\/logo\\\/image\\\/\",\"url\":\"https:\\\/\\\/www.exterra-services.cz\\\/wp-content\\\/uploads\\\/2018\\\/12\\\/logo.png\",\"contentUrl\":\"https:\\\/\\\/www.exterra-services.cz\\\/wp-content\\\/uploads\\\/2018\\\/12\\\/logo.png\",\"width\":1280,\"height\":720,\"caption\":\"exTerra Services s.r.o.\"},\"image\":{\"@id\":\"https:\\\/\\\/www.exterra-services.cz\\\/#\\\/schema\\\/logo\\\/image\\\/\"}}]}<\/script>\n<!-- \/ Yoast SEO plugin. -->","yoast_head_json":{"title":"Kontakt &#8226; exTerra Services &#8226; profesion\u00e1ln\u00ed IT \u0159e\u0161en\u00ed","description":"exTerra Services s.r.o. S\u00eddlo firmy: Lisabonsk\u00e1 799\/8Praha 9 \u2013 Vyso\u010dany 190 00. Kontakty Petr \u0160ANTR\u016e\u010cEK - petr.santrucek@exterra-services.cz","robots":{"index":"index","follow":"follow","max-snippet":"max-snippet:-1","max-image-preview":"max-image-preview:large","max-video-preview":"max-video-preview:-1"},"canonical":"https:\/\/www.exterra-services.cz\/index.php\/kontakt\/","og_locale":"cs_CZ","og_type":"article","og_title":"Kontakt &#8226; exTerra Services &#8226; profesion\u00e1ln\u00ed IT \u0159e\u0161en\u00ed","og_description":"exTerra Services s.r.o. S\u00eddlo firmy: Lisabonsk\u00e1 799\/8Praha 9 \u2013 Vyso\u010dany 190 00. Kontakty Petr \u0160ANTR\u016e\u010cEK - petr.santrucek@exterra-services.cz","og_url":"https:\/\/www.exterra-services.cz\/index.php\/kontakt\/","og_site_name":"exTerra Services","article_modified_time":"2026-01-06T15:04:04+00:00","twitter_card":"summary_large_image","twitter_misc":{"Odhadovan\u00e1 doba \u010dten\u00ed":"1 minuta"},"schema":{"@context":"https:\/\/schema.org","@graph":[{"@type":"WebPage","@id":"https:\/\/www.exterra-services.cz\/index.php\/kontakt\/","url":"https:\/\/www.exterra-services.cz\/index.php\/kontakt\/","name":"Kontakt &#8226; exTerra Services &#8226; profesion\u00e1ln\u00ed IT \u0159e\u0161en\u00ed","isPartOf":{"@id":"https:\/\/www.exterra-services.cz\/#website"},"datePublished":"2017-03-08T08:16:11+00:00","dateModified":"2026-01-06T15:04:04+00:00","description":"exTerra Services s.r.o. S\u00eddlo firmy: Lisabonsk\u00e1 799\/8Praha 9 \u2013 Vyso\u010dany 190 00. Kontakty Petr \u0160ANTR\u016e\u010cEK - petr.santrucek@exterra-services.cz","breadcrumb":{"@id":"https:\/\/www.exterra-services.cz\/index.php\/kontakt\/#breadcrumb"},"inLanguage":"cs","potentialAction":[{"@type":"ReadAction","target":["https:\/\/www.exterra-services.cz\/index.php\/kontakt\/"]}]},{"@type":"BreadcrumbList","@id":"https:\/\/www.exterra-services.cz\/index.php\/kontakt\/#breadcrumb","itemListElement":[{"@type":"ListItem","position":1,"name":"Dom\u016f","item":"https:\/\/www.exterra-services.cz\/"},{"@type":"ListItem","position":2,"name":"Kontakt"}]},{"@type":"WebSite","@id":"https:\/\/www.exterra-services.cz\/#website","url":"https:\/\/www.exterra-services.cz\/","name":"exTerra Services","description":"profesion\u00e1ln\u00ed IT \u0159e\u0161en\u00ed","publisher":{"@id":"https:\/\/www.exterra-services.cz\/#organization"},"potentialAction":[{"@type":"SearchAction","target":{"@type":"EntryPoint","urlTemplate":"https:\/\/www.exterra-services.cz\/?s={search_term_string}"},"query-input":{"@type":"PropertyValueSpecification","valueRequired":true,"valueName":"search_term_string"}}],"inLanguage":"cs"},{"@type":"Organization","@id":"https:\/\/www.exterra-services.cz\/#organization","name":"exTerra Services s.r.o.","url":"https:\/\/www.exterra-services.cz\/","logo":{"@type":"ImageObject","inLanguage":"cs","@id":"https:\/\/www.exterra-services.cz\/#\/schema\/logo\/image\/","url":"https:\/\/www.exterra-services.cz\/wp-content\/uploads\/2018\/12\/logo.png","contentUrl":"https:\/\/www.exterra-services.cz\/wp-content\/uploads\/2018\/12\/logo.png","width":1280,"height":720,"caption":"exTerra Services s.r.o."},"image":{"@id":"https:\/\/www.exterra-services.cz\/#\/schema\/logo\/image\/"}}]}},"jetpack_sharing_enabled":true,"_links":{"self":[{"href":"https:\/\/www.exterra-services.cz\/index.php\/wp-json\/wp\/v2\/pages\/56","targetHints":{"allow":["GET"]}}],"collection":[{"href":"https:\/\/www.exterra-services.cz\/index.php\/wp-json\/wp\/v2\/pages"}],"about":[{"href":"https:\/\/www.exterra-services.cz\/index.php\/wp-json\/wp\/v2\/types\/page"}],"author":[{"embeddable":true,"href":"https:\/\/www.exterra-services.cz\/index.php\/wp-json\/wp\/v2\/users\/1"}],"replies":[{"embeddable":true,"href":"https:\/\/www.exterra-services.cz\/index.php\/wp-json\/wp\/v2\/comments?post=56"}],"version-history":[{"count":17,"href":"https:\/\/www.exterra-services.cz\/index.php\/wp-json\/wp\/v2\/pages\/56\/revisions"}],"predecessor-version":[{"id":4923,"href":"https:\/\/www.exterra-services.cz\/index.php\/wp-json\/wp\/v2\/pages\/56\/revisions\/4923"}],"wp:attachment":[{"href":"https:\/\/www.exterra-services.cz\/index.php\/wp-json\/wp\/v2\/media?parent=56"}],"curies":[{"name":"wp","href":"https:\/\/api.w.org\/{rel}","templated":true}]}}