{"id":481,"date":"2019-01-21T15:16:47","date_gmt":"2019-01-21T14:16:47","guid":{"rendered":"http:\/\/192.168.156.19\/?page_id=481"},"modified":"2025-03-03T22:29:11","modified_gmt":"2025-03-03T21:29:11","slug":"virtualizace","status":"publish","type":"page","link":"https:\/\/www.exterra-services.cz\/index.php\/virtualizace\/","title":{"rendered":"Virtualizace"},"content":{"rendered":"\t\t<div data-elementor-type=\"wp-page\" data-elementor-id=\"481\" class=\"elementor elementor-481\">\n\t\t\t\t\t\t<section class=\"elementor-section elementor-top-section elementor-element elementor-element-2b1b1474 elementor-section-boxed elementor-section-height-default elementor-section-height-default\" data-id=\"2b1b1474\" data-element_type=\"section\" data-e-type=\"section\">\n\t\t\t\t\t\t<div class=\"elementor-container elementor-column-gap-default\">\n\t\t\t\t\t<div class=\"elementor-column elementor-col-100 elementor-top-column elementor-element elementor-element-2d9e0aee\" data-id=\"2d9e0aee\" data-element_type=\"column\" data-e-type=\"column\">\n\t\t\t<div class=\"elementor-widget-wrap elementor-element-populated\">\n\t\t\t\t\t\t<div class=\"elementor-element elementor-element-7a6063d5 elementor-widget elementor-widget-text-editor\" data-id=\"7a6063d5\" data-element_type=\"widget\" data-e-type=\"widget\" data-widget_type=\"text-editor.default\">\n\t\t\t\t<div class=\"elementor-widget-container\">\n\t\t\t\t\t\t\t\t\t<p><span style=\"color: #000000;\"><strong>Fenom\u00e9n virtualizace pronikl nap\u0159\u00ed\u010d IT trhem od velk\u00fdch korporac\u00ed, p\u0159es st\u0159edn\u00ed podniky a\u017e po mal\u00e9 firmy.<\/strong><\/span><\/p><hr \/><h4><span style=\"color: #000000;\"><strong> Z cel\u00e9 \u0161k\u00e1ly dostupn\u00fdch \u0159e\u0161en\u00ed jsme si vybrali tyto technologie dominuj\u00edc\u00ed trhu:<\/strong><\/span><\/h4><ul><li><a href=\"https:\/\/www.exterra-services.cz\/index.php\/proxmox\/\" rel=\"noopener\">Proxmox VE<\/a><\/li><li><span style=\"color: #000000;\">VMware vSphere<\/span><\/li><li><span style=\"color: #000000;\">Microsoft Hyper-V<\/span><\/li><\/ul><hr \/><p><span style=\"color: #000000;\">Pro ob\u011b technologie disponujeme nezbytn\u00fdmi technick\u00fdmi znalostmi a re\u00e1ln\u00fdmi zku\u0161enostmi z na\u0161ich projekt\u016f.<\/span><\/p><h4><span style=\"color: #000000;\"> <strong>Dod\u00e1vku t\u011bchto \u0159e\u0161en\u00ed poj\u00edm\u00e1me jako komplexn\u00ed \u00falohu, kter\u00e1 obsahuje n\u011bkolik krok\u016f:<\/strong><\/span><\/h4><ul><li><span style=\"color: #000000;\">dod\u00e1vka licenc\u00ed a licen\u010dn\u00ed poradenstv\u00ed<\/span><\/li><li><span style=\"color: #000000;\">n\u00e1vrh \u0159e\u0161en\u00ed na kl\u00ed\u010d<\/span><\/li><li><span style=\"color: #000000;\">nasazen\u00ed technologie<\/span><\/li><li><span style=\"color: #000000;\">konfigurace dle pot\u0159eb z\u00e1kazn\u00edka<\/span><\/li><li><span style=\"color: #000000;\">dokumentace \u0159e\u0161en\u00ed<\/span><\/li><li><span style=\"color: #000000;\">za\u0161kolen\u00ed administr\u00e1tor\u016f z\u00e1kazn\u00edka<\/span><\/li><li><span style=\"color: #000000;\">n\u00e1sledn\u00e1 technick\u00e1 podpora<\/span><\/li><\/ul><hr \/><p><span style=\"color: #000000;\">P\u0159i vytv\u00e1\u0159en\u00ed \u0159e\u0161en\u00ed v diskuzi se z\u00e1kazn\u00edkem lze n\u011bkter\u00e9 v\u00fd\u0161e uveden\u00e9 kroky vynechat \u010di naopak roz\u0161\u00ed\u0159it nebo p\u0159idat dal\u0161\u00ed slu\u017eby dle zad\u00e1n\u00ed.<\/span><\/p><p><span style=\"color: #000000;\">\u00a0<\/span><\/p>\t\t\t\t\t\t\t\t<\/div>\n\t\t\t\t<\/div>\n\t\t\t\t\t<\/div>\n\t\t<\/div>\n\t\t\t\t\t<\/div>\n\t\t<\/section>\n\t\t\t\t<\/div>\n\t\t","protected":false},"excerpt":{"rendered":"<p>Fenom\u00e9n virtualizace pronikl nap\u0159\u00ed\u010d IT trhem od velk\u00fdch korporac\u00ed, p\u0159es st\u0159edn\u00ed podniky a\u017e po mal\u00e9 firmy. Z cel\u00e9 \u0161k\u00e1ly dostupn\u00fdch \u0159e\u0161en\u00ed jsme si vybrali tyto technologie dominuj\u00edc\u00ed trhu: Proxmox VE VMware vSphere Microsoft Hyper-V Pro ob\u011b technologie disponujeme nezbytn\u00fdmi technick\u00fdmi znalostmi a re\u00e1ln\u00fdmi zku\u0161enostmi z na\u0161ich projekt\u016f. Dod\u00e1vku t\u011bchto \u0159e\u0161en\u00ed poj\u00edm\u00e1me jako komplexn\u00ed \u00falohu, kter\u00e1 [&hellip;]<\/p>\n","protected":false},"author":1,"featured_media":0,"parent":0,"menu_order":0,"comment_status":"closed","ping_status":"closed","template":"","meta":{"ocean_post_layout":"","ocean_both_sidebars_style":"","ocean_both_sidebars_content_width":0,"ocean_both_sidebars_sidebars_width":0,"ocean_sidebar":"0","ocean_second_sidebar":"0","ocean_disable_margins":"enable","ocean_add_body_class":"","ocean_shortcode_before_top_bar":"","ocean_shortcode_after_top_bar":"","ocean_shortcode_before_header":"","ocean_shortcode_after_header":"","ocean_has_shortcode":"","ocean_shortcode_after_title":"","ocean_shortcode_before_footer_widgets":"","ocean_shortcode_after_footer_widgets":"","ocean_shortcode_before_footer_bottom":"","ocean_shortcode_after_footer_bottom":"","ocean_display_top_bar":"default","ocean_display_header":"default","ocean_header_style":"","ocean_center_header_left_menu":"0","ocean_custom_header_template":"0","ocean_custom_logo":0,"ocean_custom_retina_logo":0,"ocean_custom_logo_max_width":0,"ocean_custom_logo_tablet_max_width":0,"ocean_custom_logo_mobile_max_width":0,"ocean_custom_logo_max_height":0,"ocean_custom_logo_tablet_max_height":0,"ocean_custom_logo_mobile_max_height":0,"ocean_header_custom_menu":"0","ocean_menu_typo_font_family":"0","ocean_menu_typo_font_subset":"","ocean_menu_typo_font_size":0,"ocean_menu_typo_font_size_tablet":0,"ocean_menu_typo_font_size_mobile":0,"ocean_menu_typo_font_size_unit":"px","ocean_menu_typo_font_weight":"","ocean_menu_typo_font_weight_tablet":"","ocean_menu_typo_font_weight_mobile":"","ocean_menu_typo_transform":"","ocean_menu_typo_transform_tablet":"","ocean_menu_typo_transform_mobile":"","ocean_menu_typo_line_height":0,"ocean_menu_typo_line_height_tablet":0,"ocean_menu_typo_line_height_mobile":0,"ocean_menu_typo_line_height_unit":"","ocean_menu_typo_spacing":0,"ocean_menu_typo_spacing_tablet":0,"ocean_menu_typo_spacing_mobile":0,"ocean_menu_typo_spacing_unit":"","ocean_menu_link_color":"","ocean_menu_link_color_hover":"","ocean_menu_link_color_active":"","ocean_menu_link_background":"","ocean_menu_link_hover_background":"","ocean_menu_link_active_background":"","ocean_menu_social_links_bg":"","ocean_menu_social_hover_links_bg":"","ocean_menu_social_links_color":"","ocean_menu_social_hover_links_color":"","ocean_disable_title":"default","ocean_disable_heading":"default","ocean_post_title":"","ocean_post_subheading":"","ocean_post_title_style":"","ocean_post_title_background_color":"","ocean_post_title_background":0,"ocean_post_title_bg_image_position":"","ocean_post_title_bg_image_attachment":"","ocean_post_title_bg_image_repeat":"","ocean_post_title_bg_image_size":"","ocean_post_title_height":0,"ocean_post_title_bg_overlay":0.5,"ocean_post_title_bg_overlay_color":"","ocean_disable_breadcrumbs":"default","ocean_breadcrumbs_color":"","ocean_breadcrumbs_separator_color":"","ocean_breadcrumbs_links_color":"","ocean_breadcrumbs_links_hover_color":"","ocean_display_footer_widgets":"default","ocean_display_footer_bottom":"default","ocean_custom_footer_template":"0","footnotes":""},"class_list":["post-481","page","type-page","status-publish","hentry","entry"],"yoast_head":"<!-- This site is optimized with the Yoast SEO plugin v27.4 - https:\/\/yoast.com\/product\/yoast-seo-wordpress\/ -->\n<title>Virtualizace &#8226; exTerra Services &#8226; profesion\u00e1ln\u00ed IT \u0159e\u0161en\u00ed<\/title>\n<meta name=\"robots\" content=\"index, follow, max-snippet:-1, max-image-preview:large, max-video-preview:-1\" \/>\n<link rel=\"canonical\" href=\"https:\/\/www.exterra-services.cz\/index.php\/virtualizace\/\" \/>\n<meta property=\"og:locale\" content=\"cs_CZ\" \/>\n<meta property=\"og:type\" content=\"article\" \/>\n<meta property=\"og:title\" content=\"Virtualizace &#8226; exTerra Services &#8226; profesion\u00e1ln\u00ed IT \u0159e\u0161en\u00ed\" \/>\n<meta property=\"og:description\" content=\"Fenom\u00e9n virtualizace pronikl nap\u0159\u00ed\u010d IT trhem od velk\u00fdch korporac\u00ed, p\u0159es st\u0159edn\u00ed podniky a\u017e po mal\u00e9 firmy. Z cel\u00e9 \u0161k\u00e1ly dostupn\u00fdch \u0159e\u0161en\u00ed jsme si vybrali tyto technologie dominuj\u00edc\u00ed trhu: Proxmox VE VMware vSphere Microsoft Hyper-V Pro ob\u011b technologie disponujeme nezbytn\u00fdmi technick\u00fdmi znalostmi a re\u00e1ln\u00fdmi zku\u0161enostmi z na\u0161ich projekt\u016f. Dod\u00e1vku t\u011bchto \u0159e\u0161en\u00ed poj\u00edm\u00e1me jako komplexn\u00ed \u00falohu, kter\u00e1 [&hellip;]\" \/>\n<meta property=\"og:url\" content=\"https:\/\/www.exterra-services.cz\/index.php\/virtualizace\/\" \/>\n<meta property=\"og:site_name\" content=\"exTerra Services\" \/>\n<meta property=\"article:modified_time\" content=\"2025-03-03T21:29:11+00:00\" \/>\n<meta name=\"twitter:card\" content=\"summary_large_image\" \/>\n<meta name=\"twitter:label1\" content=\"Odhadovan\u00e1 doba \u010dten\u00ed\" \/>\n\t<meta name=\"twitter:data1\" content=\"1 minuta\" \/>\n<script type=\"application\/ld+json\" class=\"yoast-schema-graph\">{\"@context\":\"https:\\\/\\\/schema.org\",\"@graph\":[{\"@type\":\"WebPage\",\"@id\":\"https:\\\/\\\/www.exterra-services.cz\\\/index.php\\\/virtualizace\\\/\",\"url\":\"https:\\\/\\\/www.exterra-services.cz\\\/index.php\\\/virtualizace\\\/\",\"name\":\"Virtualizace &#8226; exTerra Services &#8226; profesion\u00e1ln\u00ed IT \u0159e\u0161en\u00ed\",\"isPartOf\":{\"@id\":\"https:\\\/\\\/www.exterra-services.cz\\\/#website\"},\"datePublished\":\"2019-01-21T14:16:47+00:00\",\"dateModified\":\"2025-03-03T21:29:11+00:00\",\"breadcrumb\":{\"@id\":\"https:\\\/\\\/www.exterra-services.cz\\\/index.php\\\/virtualizace\\\/#breadcrumb\"},\"inLanguage\":\"cs\",\"potentialAction\":[{\"@type\":\"ReadAction\",\"target\":[\"https:\\\/\\\/www.exterra-services.cz\\\/index.php\\\/virtualizace\\\/\"]}]},{\"@type\":\"BreadcrumbList\",\"@id\":\"https:\\\/\\\/www.exterra-services.cz\\\/index.php\\\/virtualizace\\\/#breadcrumb\",\"itemListElement\":[{\"@type\":\"ListItem\",\"position\":1,\"name\":\"Dom\u016f\",\"item\":\"https:\\\/\\\/www.exterra-services.cz\\\/\"},{\"@type\":\"ListItem\",\"position\":2,\"name\":\"Virtualizace\"}]},{\"@type\":\"WebSite\",\"@id\":\"https:\\\/\\\/www.exterra-services.cz\\\/#website\",\"url\":\"https:\\\/\\\/www.exterra-services.cz\\\/\",\"name\":\"exTerra Services\",\"description\":\"profesion\u00e1ln\u00ed IT \u0159e\u0161en\u00ed\",\"publisher\":{\"@id\":\"https:\\\/\\\/www.exterra-services.cz\\\/#organization\"},\"potentialAction\":[{\"@type\":\"SearchAction\",\"target\":{\"@type\":\"EntryPoint\",\"urlTemplate\":\"https:\\\/\\\/www.exterra-services.cz\\\/?s={search_term_string}\"},\"query-input\":{\"@type\":\"PropertyValueSpecification\",\"valueRequired\":true,\"valueName\":\"search_term_string\"}}],\"inLanguage\":\"cs\"},{\"@type\":\"Organization\",\"@id\":\"https:\\\/\\\/www.exterra-services.cz\\\/#organization\",\"name\":\"exTerra Services s.r.o.\",\"url\":\"https:\\\/\\\/www.exterra-services.cz\\\/\",\"logo\":{\"@type\":\"ImageObject\",\"inLanguage\":\"cs\",\"@id\":\"https:\\\/\\\/www.exterra-services.cz\\\/#\\\/schema\\\/logo\\\/image\\\/\",\"url\":\"https:\\\/\\\/www.exterra-services.cz\\\/wp-content\\\/uploads\\\/2018\\\/12\\\/logo.png\",\"contentUrl\":\"https:\\\/\\\/www.exterra-services.cz\\\/wp-content\\\/uploads\\\/2018\\\/12\\\/logo.png\",\"width\":1280,\"height\":720,\"caption\":\"exTerra Services s.r.o.\"},\"image\":{\"@id\":\"https:\\\/\\\/www.exterra-services.cz\\\/#\\\/schema\\\/logo\\\/image\\\/\"}}]}<\/script>\n<!-- \/ Yoast SEO plugin. -->","yoast_head_json":{"title":"Virtualizace &#8226; exTerra Services &#8226; profesion\u00e1ln\u00ed IT \u0159e\u0161en\u00ed","robots":{"index":"index","follow":"follow","max-snippet":"max-snippet:-1","max-image-preview":"max-image-preview:large","max-video-preview":"max-video-preview:-1"},"canonical":"https:\/\/www.exterra-services.cz\/index.php\/virtualizace\/","og_locale":"cs_CZ","og_type":"article","og_title":"Virtualizace &#8226; exTerra Services &#8226; profesion\u00e1ln\u00ed IT \u0159e\u0161en\u00ed","og_description":"Fenom\u00e9n virtualizace pronikl nap\u0159\u00ed\u010d IT trhem od velk\u00fdch korporac\u00ed, p\u0159es st\u0159edn\u00ed podniky a\u017e po mal\u00e9 firmy. Z cel\u00e9 \u0161k\u00e1ly dostupn\u00fdch \u0159e\u0161en\u00ed jsme si vybrali tyto technologie dominuj\u00edc\u00ed trhu: Proxmox VE VMware vSphere Microsoft Hyper-V Pro ob\u011b technologie disponujeme nezbytn\u00fdmi technick\u00fdmi znalostmi a re\u00e1ln\u00fdmi zku\u0161enostmi z na\u0161ich projekt\u016f. Dod\u00e1vku t\u011bchto \u0159e\u0161en\u00ed poj\u00edm\u00e1me jako komplexn\u00ed \u00falohu, kter\u00e1 [&hellip;]","og_url":"https:\/\/www.exterra-services.cz\/index.php\/virtualizace\/","og_site_name":"exTerra Services","article_modified_time":"2025-03-03T21:29:11+00:00","twitter_card":"summary_large_image","twitter_misc":{"Odhadovan\u00e1 doba \u010dten\u00ed":"1 minuta"},"schema":{"@context":"https:\/\/schema.org","@graph":[{"@type":"WebPage","@id":"https:\/\/www.exterra-services.cz\/index.php\/virtualizace\/","url":"https:\/\/www.exterra-services.cz\/index.php\/virtualizace\/","name":"Virtualizace &#8226; exTerra Services &#8226; profesion\u00e1ln\u00ed IT \u0159e\u0161en\u00ed","isPartOf":{"@id":"https:\/\/www.exterra-services.cz\/#website"},"datePublished":"2019-01-21T14:16:47+00:00","dateModified":"2025-03-03T21:29:11+00:00","breadcrumb":{"@id":"https:\/\/www.exterra-services.cz\/index.php\/virtualizace\/#breadcrumb"},"inLanguage":"cs","potentialAction":[{"@type":"ReadAction","target":["https:\/\/www.exterra-services.cz\/index.php\/virtualizace\/"]}]},{"@type":"BreadcrumbList","@id":"https:\/\/www.exterra-services.cz\/index.php\/virtualizace\/#breadcrumb","itemListElement":[{"@type":"ListItem","position":1,"name":"Dom\u016f","item":"https:\/\/www.exterra-services.cz\/"},{"@type":"ListItem","position":2,"name":"Virtualizace"}]},{"@type":"WebSite","@id":"https:\/\/www.exterra-services.cz\/#website","url":"https:\/\/www.exterra-services.cz\/","name":"exTerra Services","description":"profesion\u00e1ln\u00ed IT \u0159e\u0161en\u00ed","publisher":{"@id":"https:\/\/www.exterra-services.cz\/#organization"},"potentialAction":[{"@type":"SearchAction","target":{"@type":"EntryPoint","urlTemplate":"https:\/\/www.exterra-services.cz\/?s={search_term_string}"},"query-input":{"@type":"PropertyValueSpecification","valueRequired":true,"valueName":"search_term_string"}}],"inLanguage":"cs"},{"@type":"Organization","@id":"https:\/\/www.exterra-services.cz\/#organization","name":"exTerra Services s.r.o.","url":"https:\/\/www.exterra-services.cz\/","logo":{"@type":"ImageObject","inLanguage":"cs","@id":"https:\/\/www.exterra-services.cz\/#\/schema\/logo\/image\/","url":"https:\/\/www.exterra-services.cz\/wp-content\/uploads\/2018\/12\/logo.png","contentUrl":"https:\/\/www.exterra-services.cz\/wp-content\/uploads\/2018\/12\/logo.png","width":1280,"height":720,"caption":"exTerra Services s.r.o."},"image":{"@id":"https:\/\/www.exterra-services.cz\/#\/schema\/logo\/image\/"}}]}},"jetpack_sharing_enabled":true,"_links":{"self":[{"href":"https:\/\/www.exterra-services.cz\/index.php\/wp-json\/wp\/v2\/pages\/481","targetHints":{"allow":["GET"]}}],"collection":[{"href":"https:\/\/www.exterra-services.cz\/index.php\/wp-json\/wp\/v2\/pages"}],"about":[{"href":"https:\/\/www.exterra-services.cz\/index.php\/wp-json\/wp\/v2\/types\/page"}],"author":[{"embeddable":true,"href":"https:\/\/www.exterra-services.cz\/index.php\/wp-json\/wp\/v2\/users\/1"}],"replies":[{"embeddable":true,"href":"https:\/\/www.exterra-services.cz\/index.php\/wp-json\/wp\/v2\/comments?post=481"}],"version-history":[{"count":14,"href":"https:\/\/www.exterra-services.cz\/index.php\/wp-json\/wp\/v2\/pages\/481\/revisions"}],"predecessor-version":[{"id":4728,"href":"https:\/\/www.exterra-services.cz\/index.php\/wp-json\/wp\/v2\/pages\/481\/revisions\/4728"}],"wp:attachment":[{"href":"https:\/\/www.exterra-services.cz\/index.php\/wp-json\/wp\/v2\/media?parent=481"}],"curies":[{"name":"wp","href":"https:\/\/api.w.org\/{rel}","templated":true}]}}