{"id":3,"date":"2018-11-30T12:04:30","date_gmt":"2018-11-30T11:04:30","guid":{"rendered":"http:\/\/192.168.156.19\/?page_id=3"},"modified":"2019-03-20T14:10:09","modified_gmt":"2019-03-20T13:10:09","slug":"ochrana-osobnich-udaju","status":"publish","type":"page","link":"https:\/\/www.exterra-services.cz\/index.php\/ochrana-osobnich-udaju\/","title":{"rendered":"Z\u00e1sady ochrany osobn\u00edch \u00fadaj\u016f"},"content":{"rendered":"<h2>Kdo jsme<\/h2>\n<p>Informace o n\u00e1s naleznete v sekci: <a href=\"http:\/\/www.exterra-services.cz\/index.php\/about\/\">O N\u00c1S<\/a><\/p>\n<hr \/>\n<h3>Jak\u00e9 shroma\u017e\u010fujeme osobn\u00ed \u00fadaje a pro\u010d je shroma\u017e\u010fujeme<\/h3>\n<p>Informace kter\u00e9 shroma\u017e\u010fujeme jsou pouze obecn\u00e9ho charakteru a nijak nezahrnuj\u00ed osobn\u00ed \u00fadaje. Sledujeme kde na na\u0161ich str\u00e1nk\u00e1ch tr\u00e1v\u00edte nejv\u00edce \u010dasu a co V\u00e1s nejv\u00edce zaj\u00edm\u00e1.<\/p>\n<hr \/>\n<h3>Koment\u00e1\u0159e<\/h3>\n<p>Kdy\u017e n\u00e1v\u0161t\u011bvn\u00edci p\u0159idaj\u00ed koment\u00e1\u0159 na tento web, jsou shroma\u017e\u010fov\u00e1ny \u00fadaje zobrazen\u00e9 ve formul\u00e1\u0159i pro koment\u00e1\u0159, d\u00e1le IP adresa n\u00e1v\u0161t\u011bvn\u00edka a \u0159et\u011bzec user agent definuj\u00edc\u00ed prohl\u00ed\u017ee\u010d, co\u017e pom\u00e1h\u00e1 k detekci spamu.<\/p>\n<p>Slu\u017eb\u011b Gravatar m\u016f\u017ee b\u00fdt poskytnut anonymn\u00ed \u0159et\u011bzec vytvo\u0159en\u00fd z va\u0161\u00ed emailov\u00e9 adresy (naz\u00fdvan\u00fd tak\u00e9 hash), d\u00edky kter\u00e9mu lze ur\u010dit jestli tuto slu\u017ebu pou\u017e\u00edv\u00e1te. Z\u00e1sady ochrany osobn\u00edch \u00fadaj\u016f slu\u017eby Gravatar jsou k dispozici zde: https:\/\/automattic.com\/privacy\/. Po schv\u00e1len\u00ed va\u0161eho koment\u00e1\u0159e je v\u00e1\u0161 profilov\u00fd obr\u00e1zek viditeln\u00fd pro ve\u0159ejnost v kontextu va\u0161eho koment\u00e1\u0159e.<\/p>\n<hr \/>\n<h3>M\u00e9dia<\/h3>\n<p>Pokud nahr\u00e1v\u00e1te obr\u00e1zky na tento web, m\u011bli byste se vyhnout nahr\u00e1v\u00e1n\u00ed obr\u00e1zk\u016f s vlo\u017een\u00fdmi \u00fadaji o poloze (EXIF GPS). N\u00e1v\u0161t\u011bvn\u00edci webu mohou st\u00e1hnout a zobrazit libovoln\u00e9 data o poloze z obr\u00e1zk\u016f na webu.<\/p>\n<hr \/>\n<h3>Cookies<\/h3>\n<p>Pokud na na\u0161e str\u00e1nky p\u0159id\u00e1te koment\u00e1\u0159, m\u016f\u017eete povolit ulo\u017een\u00ed jm\u00e9na, emailov\u00e9 adresy a webov\u00e9 str\u00e1nky do cookies. T\u00edmto zp\u016fsobem se sna\u017e\u00edme zv\u00fd\u0161it v\u00e1\u0161 komfort, kdy\u017e budete ps\u00e1t nov\u00fd koment\u00e1\u0159 u\u017e pak nebudete muset tyto \u00fadaje znovu vypl\u0148ovat. Tyto soubory cookies budou m\u00edt \u017eivotnost jeden rok.<\/p>\n<hr \/>\n<h2>Jak dlouho uchov\u00e1v\u00e1me va\u0161e \u00fadaje<\/h2>\n<p>Pokud p\u0159id\u00e1te koment\u00e1\u0159, koment\u00e1\u0159 a jeho metadata budou uchov\u00e1v\u00e1na po dobu neur\u010ditou. \u00dadaje jsou uchov\u00e1v\u00e1ny za \u00fa\u010delem automatick\u00e9ho rozpozn\u00e1n\u00ed a schv\u00e1len\u00ed v\u0161ech n\u00e1sledn\u00fdch koment\u00e1\u0159\u016f, m\u00edsto jejich dr\u017een\u00ed ve front\u011b moderov\u00e1n\u00ed.<\/p>\n<hr \/>\n<h2>Jak\u00e1 m\u00e1te pr\u00e1va?<\/h2>\n<p>Pokud m\u00e1te na tomto webu \u00fa\u010det nebo jste zde p\u0159idali koment\u00e1\u0159e, m\u016f\u017eete po\u017e\u00e1dat o obdr\u017een\u00ed souboru s exportem osobn\u00edch \u00fadaj\u016f, kter\u00e9 o v\u00e1s uchov\u00e1v\u00e1me, v\u010detn\u011b v\u0161ech \u00fadaj\u016f, kter\u00e9 jste n\u00e1m poskytli. M\u016f\u017eete tak\u00e9 po\u017e\u00e1dat o odstran\u011bn\u00ed ve\u0161ker\u00fdch osobn\u00edch \u00fadaj\u016f, kter\u00e9 o v\u00e1s uchov\u00e1v\u00e1me. Tato mo\u017enost nezahrnuje \u00fadaje, kter\u00e9 jsme povinni uchov\u00e1vat z administrativn\u00edch, pr\u00e1vn\u00edch nebo bezpe\u010dnostn\u00edch d\u016fvod\u016f.<\/p>\n<hr \/>\n<h2>Kam pos\u00edl\u00e1me va\u0161e data?<\/h2>\n<p>Koment\u00e1\u0159e n\u00e1v\u0161t\u011bvn\u00edk\u016f mohou b\u00fdt kontrolov\u00e1ny prost\u0159ednictv\u00edm automatizovan\u00e9 slu\u017eby detekce spamu, kter\u00e1 m\u016f\u017ee b\u00fdt um\u00edst\u011bna v zahrani\u010d\u00ed.<\/p>\n","protected":false},"excerpt":{"rendered":"<p>Kdo jsme Informace o n\u00e1s naleznete v sekci: O N\u00c1S Jak\u00e9 shroma\u017e\u010fujeme osobn\u00ed \u00fadaje a pro\u010d je shroma\u017e\u010fujeme Informace kter\u00e9 shroma\u017e\u010fujeme jsou pouze obecn\u00e9ho charakteru a nijak nezahrnuj\u00ed osobn\u00ed \u00fadaje. Sledujeme kde na na\u0161ich str\u00e1nk\u00e1ch tr\u00e1v\u00edte nejv\u00edce \u010dasu a co V\u00e1s nejv\u00edce zaj\u00edm\u00e1. Koment\u00e1\u0159e Kdy\u017e n\u00e1v\u0161t\u011bvn\u00edci p\u0159idaj\u00ed koment\u00e1\u0159 na tento web, jsou shroma\u017e\u010fov\u00e1ny \u00fadaje zobrazen\u00e9 [&hellip;]<\/p>\n","protected":false},"author":1,"featured_media":0,"parent":0,"menu_order":0,"comment_status":"closed","ping_status":"open","template":"","meta":{"ocean_post_layout":"","ocean_both_sidebars_style":"","ocean_both_sidebars_content_width":0,"ocean_both_sidebars_sidebars_width":0,"ocean_sidebar":"","ocean_second_sidebar":"","ocean_disable_margins":"enable","ocean_add_body_class":"","ocean_shortcode_before_top_bar":"","ocean_shortcode_after_top_bar":"","ocean_shortcode_before_header":"","ocean_shortcode_after_header":"","ocean_has_shortcode":"","ocean_shortcode_after_title":"","ocean_shortcode_before_footer_widgets":"","ocean_shortcode_after_footer_widgets":"","ocean_shortcode_before_footer_bottom":"","ocean_shortcode_after_footer_bottom":"","ocean_display_top_bar":"default","ocean_display_header":"default","ocean_header_style":"","ocean_center_header_left_menu":"","ocean_custom_header_template":"","ocean_custom_logo":0,"ocean_custom_retina_logo":0,"ocean_custom_logo_max_width":0,"ocean_custom_logo_tablet_max_width":0,"ocean_custom_logo_mobile_max_width":0,"ocean_custom_logo_max_height":0,"ocean_custom_logo_tablet_max_height":0,"ocean_custom_logo_mobile_max_height":0,"ocean_header_custom_menu":"","ocean_menu_typo_font_family":"","ocean_menu_typo_font_subset":"","ocean_menu_typo_font_size":0,"ocean_menu_typo_font_size_tablet":0,"ocean_menu_typo_font_size_mobile":0,"ocean_menu_typo_font_size_unit":"px","ocean_menu_typo_font_weight":"","ocean_menu_typo_font_weight_tablet":"","ocean_menu_typo_font_weight_mobile":"","ocean_menu_typo_transform":"","ocean_menu_typo_transform_tablet":"","ocean_menu_typo_transform_mobile":"","ocean_menu_typo_line_height":0,"ocean_menu_typo_line_height_tablet":0,"ocean_menu_typo_line_height_mobile":0,"ocean_menu_typo_line_height_unit":"","ocean_menu_typo_spacing":0,"ocean_menu_typo_spacing_tablet":0,"ocean_menu_typo_spacing_mobile":0,"ocean_menu_typo_spacing_unit":"","ocean_menu_link_color":"","ocean_menu_link_color_hover":"","ocean_menu_link_color_active":"","ocean_menu_link_background":"","ocean_menu_link_hover_background":"","ocean_menu_link_active_background":"","ocean_menu_social_links_bg":"","ocean_menu_social_hover_links_bg":"","ocean_menu_social_links_color":"","ocean_menu_social_hover_links_color":"","ocean_disable_title":"default","ocean_disable_heading":"default","ocean_post_title":"","ocean_post_subheading":"","ocean_post_title_style":"","ocean_post_title_background_color":"","ocean_post_title_background":0,"ocean_post_title_bg_image_position":"","ocean_post_title_bg_image_attachment":"","ocean_post_title_bg_image_repeat":"","ocean_post_title_bg_image_size":"","ocean_post_title_height":0,"ocean_post_title_bg_overlay":0.5,"ocean_post_title_bg_overlay_color":"","ocean_disable_breadcrumbs":"default","ocean_breadcrumbs_color":"","ocean_breadcrumbs_separator_color":"","ocean_breadcrumbs_links_color":"","ocean_breadcrumbs_links_hover_color":"","ocean_display_footer_widgets":"default","ocean_display_footer_bottom":"default","ocean_custom_footer_template":"","footnotes":""},"class_list":["post-3","page","type-page","status-publish","hentry","entry"],"yoast_head":"<!-- This site is optimized with the Yoast SEO plugin v27.4 - https:\/\/yoast.com\/product\/yoast-seo-wordpress\/ -->\n<title>Z\u00e1sady ochrany osobn\u00edch \u00fadaj\u016f &#8226; exTerra Services &#8226; profesion\u00e1ln\u00ed IT \u0159e\u0161en\u00ed<\/title>\n<meta name=\"robots\" content=\"index, follow, max-snippet:-1, max-image-preview:large, max-video-preview:-1\" \/>\n<link rel=\"canonical\" href=\"https:\/\/www.exterra-services.cz\/index.php\/ochrana-osobnich-udaju\/\" \/>\n<meta property=\"og:locale\" content=\"cs_CZ\" \/>\n<meta property=\"og:type\" content=\"article\" \/>\n<meta property=\"og:title\" content=\"Z\u00e1sady ochrany osobn\u00edch \u00fadaj\u016f &#8226; exTerra Services &#8226; profesion\u00e1ln\u00ed IT \u0159e\u0161en\u00ed\" \/>\n<meta property=\"og:description\" content=\"Kdo jsme Informace o n\u00e1s naleznete v sekci: O N\u00c1S Jak\u00e9 shroma\u017e\u010fujeme osobn\u00ed \u00fadaje a pro\u010d je shroma\u017e\u010fujeme Informace kter\u00e9 shroma\u017e\u010fujeme jsou pouze obecn\u00e9ho charakteru a nijak nezahrnuj\u00ed osobn\u00ed \u00fadaje. Sledujeme kde na na\u0161ich str\u00e1nk\u00e1ch tr\u00e1v\u00edte nejv\u00edce \u010dasu a co V\u00e1s nejv\u00edce zaj\u00edm\u00e1. Koment\u00e1\u0159e Kdy\u017e n\u00e1v\u0161t\u011bvn\u00edci p\u0159idaj\u00ed koment\u00e1\u0159 na tento web, jsou shroma\u017e\u010fov\u00e1ny \u00fadaje zobrazen\u00e9 [&hellip;]\" \/>\n<meta property=\"og:url\" content=\"https:\/\/www.exterra-services.cz\/index.php\/ochrana-osobnich-udaju\/\" \/>\n<meta property=\"og:site_name\" content=\"exTerra Services\" \/>\n<meta property=\"article:modified_time\" content=\"2019-03-20T13:10:09+00:00\" \/>\n<meta name=\"twitter:card\" content=\"summary_large_image\" \/>\n<meta name=\"twitter:label1\" content=\"Odhadovan\u00e1 doba \u010dten\u00ed\" \/>\n\t<meta name=\"twitter:data1\" content=\"2 minuty\" \/>\n<script type=\"application\/ld+json\" class=\"yoast-schema-graph\">{\"@context\":\"https:\\\/\\\/schema.org\",\"@graph\":[{\"@type\":\"WebPage\",\"@id\":\"https:\\\/\\\/www.exterra-services.cz\\\/index.php\\\/ochrana-osobnich-udaju\\\/\",\"url\":\"https:\\\/\\\/www.exterra-services.cz\\\/index.php\\\/ochrana-osobnich-udaju\\\/\",\"name\":\"Z\u00e1sady ochrany osobn\u00edch \u00fadaj\u016f &#8226; exTerra Services &#8226; profesion\u00e1ln\u00ed IT \u0159e\u0161en\u00ed\",\"isPartOf\":{\"@id\":\"https:\\\/\\\/www.exterra-services.cz\\\/#website\"},\"datePublished\":\"2018-11-30T11:04:30+00:00\",\"dateModified\":\"2019-03-20T13:10:09+00:00\",\"breadcrumb\":{\"@id\":\"https:\\\/\\\/www.exterra-services.cz\\\/index.php\\\/ochrana-osobnich-udaju\\\/#breadcrumb\"},\"inLanguage\":\"cs\",\"potentialAction\":[{\"@type\":\"ReadAction\",\"target\":[\"https:\\\/\\\/www.exterra-services.cz\\\/index.php\\\/ochrana-osobnich-udaju\\\/\"]}]},{\"@type\":\"BreadcrumbList\",\"@id\":\"https:\\\/\\\/www.exterra-services.cz\\\/index.php\\\/ochrana-osobnich-udaju\\\/#breadcrumb\",\"itemListElement\":[{\"@type\":\"ListItem\",\"position\":1,\"name\":\"Dom\u016f\",\"item\":\"https:\\\/\\\/www.exterra-services.cz\\\/\"},{\"@type\":\"ListItem\",\"position\":2,\"name\":\"Z\u00e1sady ochrany osobn\u00edch \u00fadaj\u016f\"}]},{\"@type\":\"WebSite\",\"@id\":\"https:\\\/\\\/www.exterra-services.cz\\\/#website\",\"url\":\"https:\\\/\\\/www.exterra-services.cz\\\/\",\"name\":\"exTerra Services\",\"description\":\"profesion\u00e1ln\u00ed IT \u0159e\u0161en\u00ed\",\"publisher\":{\"@id\":\"https:\\\/\\\/www.exterra-services.cz\\\/#organization\"},\"potentialAction\":[{\"@type\":\"SearchAction\",\"target\":{\"@type\":\"EntryPoint\",\"urlTemplate\":\"https:\\\/\\\/www.exterra-services.cz\\\/?s={search_term_string}\"},\"query-input\":{\"@type\":\"PropertyValueSpecification\",\"valueRequired\":true,\"valueName\":\"search_term_string\"}}],\"inLanguage\":\"cs\"},{\"@type\":\"Organization\",\"@id\":\"https:\\\/\\\/www.exterra-services.cz\\\/#organization\",\"name\":\"exTerra Services s.r.o.\",\"url\":\"https:\\\/\\\/www.exterra-services.cz\\\/\",\"logo\":{\"@type\":\"ImageObject\",\"inLanguage\":\"cs\",\"@id\":\"https:\\\/\\\/www.exterra-services.cz\\\/#\\\/schema\\\/logo\\\/image\\\/\",\"url\":\"https:\\\/\\\/www.exterra-services.cz\\\/wp-content\\\/uploads\\\/2018\\\/12\\\/logo.png\",\"contentUrl\":\"https:\\\/\\\/www.exterra-services.cz\\\/wp-content\\\/uploads\\\/2018\\\/12\\\/logo.png\",\"width\":1280,\"height\":720,\"caption\":\"exTerra Services s.r.o.\"},\"image\":{\"@id\":\"https:\\\/\\\/www.exterra-services.cz\\\/#\\\/schema\\\/logo\\\/image\\\/\"}}]}<\/script>\n<!-- \/ Yoast SEO plugin. -->","yoast_head_json":{"title":"Z\u00e1sady ochrany osobn\u00edch \u00fadaj\u016f &#8226; exTerra Services &#8226; profesion\u00e1ln\u00ed IT \u0159e\u0161en\u00ed","robots":{"index":"index","follow":"follow","max-snippet":"max-snippet:-1","max-image-preview":"max-image-preview:large","max-video-preview":"max-video-preview:-1"},"canonical":"https:\/\/www.exterra-services.cz\/index.php\/ochrana-osobnich-udaju\/","og_locale":"cs_CZ","og_type":"article","og_title":"Z\u00e1sady ochrany osobn\u00edch \u00fadaj\u016f &#8226; exTerra Services &#8226; profesion\u00e1ln\u00ed IT \u0159e\u0161en\u00ed","og_description":"Kdo jsme Informace o n\u00e1s naleznete v sekci: O N\u00c1S Jak\u00e9 shroma\u017e\u010fujeme osobn\u00ed \u00fadaje a pro\u010d je shroma\u017e\u010fujeme Informace kter\u00e9 shroma\u017e\u010fujeme jsou pouze obecn\u00e9ho charakteru a nijak nezahrnuj\u00ed osobn\u00ed \u00fadaje. Sledujeme kde na na\u0161ich str\u00e1nk\u00e1ch tr\u00e1v\u00edte nejv\u00edce \u010dasu a co V\u00e1s nejv\u00edce zaj\u00edm\u00e1. Koment\u00e1\u0159e Kdy\u017e n\u00e1v\u0161t\u011bvn\u00edci p\u0159idaj\u00ed koment\u00e1\u0159 na tento web, jsou shroma\u017e\u010fov\u00e1ny \u00fadaje zobrazen\u00e9 [&hellip;]","og_url":"https:\/\/www.exterra-services.cz\/index.php\/ochrana-osobnich-udaju\/","og_site_name":"exTerra Services","article_modified_time":"2019-03-20T13:10:09+00:00","twitter_card":"summary_large_image","twitter_misc":{"Odhadovan\u00e1 doba \u010dten\u00ed":"2 minuty"},"schema":{"@context":"https:\/\/schema.org","@graph":[{"@type":"WebPage","@id":"https:\/\/www.exterra-services.cz\/index.php\/ochrana-osobnich-udaju\/","url":"https:\/\/www.exterra-services.cz\/index.php\/ochrana-osobnich-udaju\/","name":"Z\u00e1sady ochrany osobn\u00edch \u00fadaj\u016f &#8226; exTerra Services &#8226; profesion\u00e1ln\u00ed IT \u0159e\u0161en\u00ed","isPartOf":{"@id":"https:\/\/www.exterra-services.cz\/#website"},"datePublished":"2018-11-30T11:04:30+00:00","dateModified":"2019-03-20T13:10:09+00:00","breadcrumb":{"@id":"https:\/\/www.exterra-services.cz\/index.php\/ochrana-osobnich-udaju\/#breadcrumb"},"inLanguage":"cs","potentialAction":[{"@type":"ReadAction","target":["https:\/\/www.exterra-services.cz\/index.php\/ochrana-osobnich-udaju\/"]}]},{"@type":"BreadcrumbList","@id":"https:\/\/www.exterra-services.cz\/index.php\/ochrana-osobnich-udaju\/#breadcrumb","itemListElement":[{"@type":"ListItem","position":1,"name":"Dom\u016f","item":"https:\/\/www.exterra-services.cz\/"},{"@type":"ListItem","position":2,"name":"Z\u00e1sady ochrany osobn\u00edch \u00fadaj\u016f"}]},{"@type":"WebSite","@id":"https:\/\/www.exterra-services.cz\/#website","url":"https:\/\/www.exterra-services.cz\/","name":"exTerra Services","description":"profesion\u00e1ln\u00ed IT \u0159e\u0161en\u00ed","publisher":{"@id":"https:\/\/www.exterra-services.cz\/#organization"},"potentialAction":[{"@type":"SearchAction","target":{"@type":"EntryPoint","urlTemplate":"https:\/\/www.exterra-services.cz\/?s={search_term_string}"},"query-input":{"@type":"PropertyValueSpecification","valueRequired":true,"valueName":"search_term_string"}}],"inLanguage":"cs"},{"@type":"Organization","@id":"https:\/\/www.exterra-services.cz\/#organization","name":"exTerra Services s.r.o.","url":"https:\/\/www.exterra-services.cz\/","logo":{"@type":"ImageObject","inLanguage":"cs","@id":"https:\/\/www.exterra-services.cz\/#\/schema\/logo\/image\/","url":"https:\/\/www.exterra-services.cz\/wp-content\/uploads\/2018\/12\/logo.png","contentUrl":"https:\/\/www.exterra-services.cz\/wp-content\/uploads\/2018\/12\/logo.png","width":1280,"height":720,"caption":"exTerra Services s.r.o."},"image":{"@id":"https:\/\/www.exterra-services.cz\/#\/schema\/logo\/image\/"}}]}},"jetpack_sharing_enabled":true,"_links":{"self":[{"href":"https:\/\/www.exterra-services.cz\/index.php\/wp-json\/wp\/v2\/pages\/3","targetHints":{"allow":["GET"]}}],"collection":[{"href":"https:\/\/www.exterra-services.cz\/index.php\/wp-json\/wp\/v2\/pages"}],"about":[{"href":"https:\/\/www.exterra-services.cz\/index.php\/wp-json\/wp\/v2\/types\/page"}],"author":[{"embeddable":true,"href":"https:\/\/www.exterra-services.cz\/index.php\/wp-json\/wp\/v2\/users\/1"}],"replies":[{"embeddable":true,"href":"https:\/\/www.exterra-services.cz\/index.php\/wp-json\/wp\/v2\/comments?post=3"}],"version-history":[{"count":0,"href":"https:\/\/www.exterra-services.cz\/index.php\/wp-json\/wp\/v2\/pages\/3\/revisions"}],"wp:attachment":[{"href":"https:\/\/www.exterra-services.cz\/index.php\/wp-json\/wp\/v2\/media?parent=3"}],"curies":[{"name":"wp","href":"https:\/\/api.w.org\/{rel}","templated":true}]}}