{"id":168,"date":"2018-12-03T18:13:25","date_gmt":"2018-12-03T17:13:25","guid":{"rendered":"http:\/\/192.168.156.19\/?page_id=168"},"modified":"2021-09-06T19:04:25","modified_gmt":"2021-09-06T17:04:25","slug":"synology","status":"publish","type":"page","link":"https:\/\/www.exterra-services.cz\/index.php\/synology\/","title":{"rendered":"Synology"},"content":{"rendered":"\t\t<div data-elementor-type=\"wp-page\" data-elementor-id=\"168\" class=\"elementor elementor-168\">\n\t\t\t\t\t\t<section class=\"elementor-section elementor-top-section elementor-element elementor-element-50a62b90 elementor-section-boxed elementor-section-height-default elementor-section-height-default\" data-id=\"50a62b90\" data-element_type=\"section\" data-e-type=\"section\">\n\t\t\t\t\t\t<div class=\"elementor-container elementor-column-gap-default\">\n\t\t\t\t\t<div class=\"elementor-column elementor-col-100 elementor-top-column elementor-element elementor-element-67d7026\" data-id=\"67d7026\" data-element_type=\"column\" data-e-type=\"column\">\n\t\t\t<div class=\"elementor-widget-wrap elementor-element-populated\">\n\t\t\t\t\t\t<div class=\"elementor-element elementor-element-2da6b065 elementor-widget elementor-widget-text-editor\" data-id=\"2da6b065\" data-element_type=\"widget\" data-e-type=\"widget\" data-widget_type=\"text-editor.default\">\n\t\t\t\t<div class=\"elementor-widget-container\">\n\t\t\t\t\t\t\t\t\t<p><span style=\"color: #000000;\"><\/span><\/p>\n<h3><span style=\"color: #000000;\"><strong>Pro\u010d Synology?<\/strong><\/span><\/h3>\n<p><span style=\"color: #000000;\">Synology nab\u00edz\u00ed \u0161irokou \u0161k\u00e1lu produkt\u016f, kter\u00e9 uspokoj\u00ed pot\u0159eby jak\u00e9hokoli rozsahu \u2013 velk\u00fdch firem, mal\u00fdch a st\u0159edn\u00edch podnik\u016f \u010di dom\u00e1c\u00edch u\u017eivatel\u016f, v\u0161echny v\u0161ak maj\u00ed n\u011bkter\u00e9 vlastnosti podobn\u00e9 \u2013 jsou spolehliv\u00e9, univerz\u00e1ln\u00ed a ekologicky \u0161etrn\u00e9.<\/span><\/p>\n<p><span style=\"color: #000000;\">Na\u0161e firma zvolila produkty Synology jako hlavn\u00ed platformu v oblasti ukl\u00e1d\u00e1n\u00ed dat pr\u00e1v\u011b pro jejich univerz\u00e1lnost, kompatibilitu s pr\u016fmyslov\u00fdmi standardy, v\u00fdkon a podporu od velk\u00fdch v\u00fdrobc\u016f software.<\/span><\/p>\n<p><span style=\"color: #000000;\"><\/span><span style=\"color: #000000;\"><\/span><\/p>\n<h4><span style=\"color: #000000;\"><strong>Oblasti \u0159e\u0161en\u00ed a produkty:<\/strong><\/span><\/h4>\n<p><span style=\"color: #000000;\"><\/span><\/p>\n<ul class=\"wp-block-list\">\n<li><span style=\"color: #000000;\"><strong>\u0158ada XS\/XS<\/strong>+ &#8211; velk\u00fd podnik<\/span><\/li>\n<li><span style=\"color: #000000;\"><strong>\u0158ada Plus<\/strong> &#8211; pracovn\u00ed skupina\/mal\u00fd a st\u0159edn\u00ed podnik<\/span><\/li>\n<li><span style=\"color: #000000;\"><strong>\u0158ada Value<\/strong> &#8211; dom\u00e1c\u00ed\/pracovn\u00ed skupina<\/span><\/li>\n<li><span style=\"color: #000000;\"><strong>\u0158ada J<\/strong> &#8211; osobn\u00ed\/dom\u00e1c\u00ed<\/span><\/li>\n<\/ul>\n<p><span style=\"color: #000000;\"><\/span><\/p>\n<h4><span style=\"color: #000000;\"><strong>V\u00fdhody pro z\u00e1kazn\u00edka:<\/strong><\/span><\/h4>\n<p><span style=\"color: #000000;\"><\/span><\/p>\n<ul class=\"wp-block-list\">\n<li><span style=\"color: #000000;\"><strong>Efektivn\u00ed ukl\u00e1d\u00e1n\u00ed<\/strong>: Ukl\u00e1d\u00e1n\u00ed je efektivn\u00ed, okam\u017eit\u00e9 a \u0161iroce dostupn\u00e9.<\/span><\/li>\n<li><span style=\"color: #000000;\"><strong>Jednotn\u00e9 \u00falo\u017ei\u0161t\u011b<\/strong>: Jednotn\u00e9 \u00falo\u017ei\u0161t\u011b p\u0159\u00edstupn\u00e9 v\u0161em a vyu\u017eiteln\u00e9 pro ka\u017ed\u00fd \u00fa\u010del.<\/span><\/li>\n<li><span style=\"color: #000000;\"><strong>Dostupn\u00e9 \u00falo\u017ei\u0161t\u011b<\/strong>: \u00dalo\u017ei\u0161t\u011b p\u0159\u00edstupn\u00e9 p\u0159es r\u016fzn\u00e9 kan\u00e1ly.<\/span><\/li>\n<li><span style=\"color: #000000;\"><strong>Synchronizace a aktualizace<\/strong>: Z\u00edskejte bezprobl\u00e9mov\u00fd p\u0159\u00edstup k soubor\u016fm ze v\u0161ech po\u010d\u00edta\u010dov\u00fdch za\u0159\u00edzen\u00ed.<\/span><\/li>\n<li><span style=\"color: #000000;\"><strong>Bu\u010fte v centru d\u011bn\u00ed:<\/strong> Udr\u017eujte aktu\u00e1ln\u00ed spojen\u00ed s rodinou, p\u0159\u00e1teli, kolegy a jin\u00fdmi.<\/span><\/li>\n<li><span style=\"color: #000000;\"><strong>Sd\u00edlejte p\u0159es soci\u00e1ln\u00ed s\u00edt\u011b:<\/strong> Bavte se, komunikujte a upev\u0148ujte p\u0159\u00e1telstv\u00ed, rodinn\u00e9 vazby a v\u0161echny ostatn\u00ed vztahy.<\/span><\/li>\n<li><span style=\"color: #000000;\"><strong>Sd\u00edlejte hromadn\u011b:<\/strong> Sjedno\u0165te a slu\u010dte slu\u017eby na jednom m\u00edst\u011b. Maximalizujte vyu\u017eit\u00ed zdroj\u016f t\u00edm, \u017ee je rozd\u011bl\u00edte mezi v\u00edce slu\u017eeb.<\/span><\/li>\n<li><span style=\"color: #000000;\"><strong>Absolutn\u00ed bezpe\u010dnost<\/strong>: Vyu\u017eijte bezpe\u010dnostn\u00edch opat\u0159en\u00ed a zabra\u0148te mo\u017en\u00e9mu ohro\u017een\u00ed integrity dat.<\/span><\/li>\n<li><span style=\"color: #000000;\"><strong>Praktick\u00e1 bezpe\u010dnost:<\/strong> Mo\u017enost jednoduch\u00fdch bezpe\u010dnostn\u00edch nastaven\u00ed, kter\u00e1 m\u016f\u017ee pochopit a nastavit ka\u017ed\u00fd.<\/span><\/li>\n<li><span style=\"color: #000000;\"><strong>Kvalitn\u00ed slu\u017eba:<\/strong> Poskytov\u00e1n\u00ed p\u0159esn\u00e9, profesion\u00e1ln\u00ed a v\u010dasn\u00e9 podpory z\u00e1kazn\u00edk\u016fm kdykoli.<\/span><\/li>\n<\/ul>\n<p><span style=\"color: #000000;\"><\/span><\/p>\n<p><span style=\"color: #000000;\"><\/span><\/p>\n<h4><span style=\"color: #000000;\"><strong>U\u017eite\u010dn\u00e9 odkazy:<\/strong><\/span><\/h4>\n<p><span style=\"color: #000000;\"><\/span><\/p>\n<ul class=\"wp-block-list\">\n<li><span style=\"color: #000000;\">Kompletn\u00ed p\u0159ehled model\u016f NAS <a style=\"color: #000000;\" href=\"https:\/\/www.synology.com\/cs-cz\/products\/\" target=\"_blank\" rel=\"noreferrer noopener\">najdete zde<\/a>.<\/span><\/li>\n<li><span style=\"color: #000000;\"><a style=\"color: #000000;\" href=\"https:\/\/www.synology.com\/cs-cz\/support\/RAID_calculator\" target=\"_blank\" rel=\"noreferrer noopener\">Kalkula\u010dka RAID<\/a> pro spo\u010d\u00edt\u00e1n\u00ed efektivn\u00ed kapacity.<\/span><\/li>\n<li><span style=\"color: #000000;\"><a style=\"color: #000000;\" href=\"https:\/\/www.synology.com\/en-us\/support\/nas_selector\" target=\"_blank\" rel=\"noreferrer noopener\">NAS selector<\/a> jako r\u00e1dce pro usnadn\u011bn\u00ed v\u00fdb\u011bru vhodn\u00e9ho za\u0159\u00edzen\u00ed.<\/span><\/li>\n<\/ul>\n<p><span style=\"color: #000000;\"><\/span><\/p>\t\t\t\t\t\t\t\t<\/div>\n\t\t\t\t<\/div>\n\t\t\t\t\t<\/div>\n\t\t<\/div>\n\t\t\t\t\t<\/div>\n\t\t<\/section>\n\t\t\t\t<\/div>\n\t\t","protected":false},"excerpt":{"rendered":"<p>Pro\u010d Synology? Synology nab\u00edz\u00ed \u0161irokou \u0161k\u00e1lu produkt\u016f, kter\u00e9 uspokoj\u00ed pot\u0159eby jak\u00e9hokoli rozsahu \u2013 velk\u00fdch firem, mal\u00fdch a st\u0159edn\u00edch podnik\u016f \u010di dom\u00e1c\u00edch u\u017eivatel\u016f, v\u0161echny v\u0161ak maj\u00ed n\u011bkter\u00e9 vlastnosti podobn\u00e9 \u2013 jsou spolehliv\u00e9, univerz\u00e1ln\u00ed a ekologicky \u0161etrn\u00e9. Na\u0161e firma zvolila produkty Synology jako hlavn\u00ed platformu v oblasti ukl\u00e1d\u00e1n\u00ed dat pr\u00e1v\u011b pro jejich univerz\u00e1lnost, kompatibilitu s pr\u016fmyslov\u00fdmi standardy, [&hellip;]<\/p>\n","protected":false},"author":1,"featured_media":0,"parent":0,"menu_order":0,"comment_status":"closed","ping_status":"closed","template":"","meta":{"ocean_post_layout":"","ocean_both_sidebars_style":"","ocean_both_sidebars_content_width":0,"ocean_both_sidebars_sidebars_width":0,"ocean_sidebar":"","ocean_second_sidebar":"","ocean_disable_margins":"enable","ocean_add_body_class":"","ocean_shortcode_before_top_bar":"","ocean_shortcode_after_top_bar":"","ocean_shortcode_before_header":"","ocean_shortcode_after_header":"","ocean_has_shortcode":"","ocean_shortcode_after_title":"","ocean_shortcode_before_footer_widgets":"","ocean_shortcode_after_footer_widgets":"","ocean_shortcode_before_footer_bottom":"","ocean_shortcode_after_footer_bottom":"","ocean_display_top_bar":"default","ocean_display_header":"default","ocean_header_style":"","ocean_center_header_left_menu":"","ocean_custom_header_template":"","ocean_custom_logo":0,"ocean_custom_retina_logo":0,"ocean_custom_logo_max_width":0,"ocean_custom_logo_tablet_max_width":0,"ocean_custom_logo_mobile_max_width":0,"ocean_custom_logo_max_height":0,"ocean_custom_logo_tablet_max_height":0,"ocean_custom_logo_mobile_max_height":0,"ocean_header_custom_menu":"","ocean_menu_typo_font_family":"","ocean_menu_typo_font_subset":"","ocean_menu_typo_font_size":0,"ocean_menu_typo_font_size_tablet":0,"ocean_menu_typo_font_size_mobile":0,"ocean_menu_typo_font_size_unit":"px","ocean_menu_typo_font_weight":"","ocean_menu_typo_font_weight_tablet":"","ocean_menu_typo_font_weight_mobile":"","ocean_menu_typo_transform":"","ocean_menu_typo_transform_tablet":"","ocean_menu_typo_transform_mobile":"","ocean_menu_typo_line_height":0,"ocean_menu_typo_line_height_tablet":0,"ocean_menu_typo_line_height_mobile":0,"ocean_menu_typo_line_height_unit":"","ocean_menu_typo_spacing":0,"ocean_menu_typo_spacing_tablet":0,"ocean_menu_typo_spacing_mobile":0,"ocean_menu_typo_spacing_unit":"","ocean_menu_link_color":"","ocean_menu_link_color_hover":"","ocean_menu_link_color_active":"","ocean_menu_link_background":"","ocean_menu_link_hover_background":"","ocean_menu_link_active_background":"","ocean_menu_social_links_bg":"","ocean_menu_social_hover_links_bg":"","ocean_menu_social_links_color":"","ocean_menu_social_hover_links_color":"","ocean_disable_title":"default","ocean_disable_heading":"default","ocean_post_title":"","ocean_post_subheading":"","ocean_post_title_style":"","ocean_post_title_background_color":"","ocean_post_title_background":0,"ocean_post_title_bg_image_position":"","ocean_post_title_bg_image_attachment":"","ocean_post_title_bg_image_repeat":"","ocean_post_title_bg_image_size":"","ocean_post_title_height":0,"ocean_post_title_bg_overlay":0.5,"ocean_post_title_bg_overlay_color":"","ocean_disable_breadcrumbs":"default","ocean_breadcrumbs_color":"","ocean_breadcrumbs_separator_color":"","ocean_breadcrumbs_links_color":"","ocean_breadcrumbs_links_hover_color":"","ocean_display_footer_widgets":"default","ocean_display_footer_bottom":"default","ocean_custom_footer_template":"","footnotes":""},"class_list":["post-168","page","type-page","status-publish","hentry","entry"],"yoast_head":"<!-- This site is optimized with the Yoast SEO plugin v27.4 - https:\/\/yoast.com\/product\/yoast-seo-wordpress\/ -->\n<title>Synology &#8226; exTerra Services &#8226; profesion\u00e1ln\u00ed IT \u0159e\u0161en\u00ed<\/title>\n<meta name=\"robots\" content=\"index, follow, max-snippet:-1, max-image-preview:large, max-video-preview:-1\" \/>\n<link rel=\"canonical\" href=\"https:\/\/www.exterra-services.cz\/index.php\/synology\/\" \/>\n<meta property=\"og:locale\" content=\"cs_CZ\" \/>\n<meta property=\"og:type\" content=\"article\" \/>\n<meta property=\"og:title\" content=\"Synology &#8226; exTerra Services &#8226; profesion\u00e1ln\u00ed IT \u0159e\u0161en\u00ed\" \/>\n<meta property=\"og:description\" content=\"Pro\u010d Synology? Synology nab\u00edz\u00ed \u0161irokou \u0161k\u00e1lu produkt\u016f, kter\u00e9 uspokoj\u00ed pot\u0159eby jak\u00e9hokoli rozsahu \u2013 velk\u00fdch firem, mal\u00fdch a st\u0159edn\u00edch podnik\u016f \u010di dom\u00e1c\u00edch u\u017eivatel\u016f, v\u0161echny v\u0161ak maj\u00ed n\u011bkter\u00e9 vlastnosti podobn\u00e9 \u2013 jsou spolehliv\u00e9, univerz\u00e1ln\u00ed a ekologicky \u0161etrn\u00e9. Na\u0161e firma zvolila produkty Synology jako hlavn\u00ed platformu v oblasti ukl\u00e1d\u00e1n\u00ed dat pr\u00e1v\u011b pro jejich univerz\u00e1lnost, kompatibilitu s pr\u016fmyslov\u00fdmi standardy, [&hellip;]\" \/>\n<meta property=\"og:url\" content=\"https:\/\/www.exterra-services.cz\/index.php\/synology\/\" \/>\n<meta property=\"og:site_name\" content=\"exTerra Services\" \/>\n<meta property=\"article:modified_time\" content=\"2021-09-06T17:04:25+00:00\" \/>\n<meta name=\"twitter:card\" content=\"summary_large_image\" \/>\n<meta name=\"twitter:label1\" content=\"Odhadovan\u00e1 doba \u010dten\u00ed\" \/>\n\t<meta name=\"twitter:data1\" content=\"1 minuta\" \/>\n<script type=\"application\/ld+json\" class=\"yoast-schema-graph\">{\"@context\":\"https:\\\/\\\/schema.org\",\"@graph\":[{\"@type\":\"WebPage\",\"@id\":\"https:\\\/\\\/www.exterra-services.cz\\\/index.php\\\/synology\\\/\",\"url\":\"https:\\\/\\\/www.exterra-services.cz\\\/index.php\\\/synology\\\/\",\"name\":\"Synology &#8226; exTerra Services &#8226; profesion\u00e1ln\u00ed IT \u0159e\u0161en\u00ed\",\"isPartOf\":{\"@id\":\"https:\\\/\\\/www.exterra-services.cz\\\/#website\"},\"datePublished\":\"2018-12-03T17:13:25+00:00\",\"dateModified\":\"2021-09-06T17:04:25+00:00\",\"breadcrumb\":{\"@id\":\"https:\\\/\\\/www.exterra-services.cz\\\/index.php\\\/synology\\\/#breadcrumb\"},\"inLanguage\":\"cs\",\"potentialAction\":[{\"@type\":\"ReadAction\",\"target\":[\"https:\\\/\\\/www.exterra-services.cz\\\/index.php\\\/synology\\\/\"]}]},{\"@type\":\"BreadcrumbList\",\"@id\":\"https:\\\/\\\/www.exterra-services.cz\\\/index.php\\\/synology\\\/#breadcrumb\",\"itemListElement\":[{\"@type\":\"ListItem\",\"position\":1,\"name\":\"Dom\u016f\",\"item\":\"https:\\\/\\\/www.exterra-services.cz\\\/\"},{\"@type\":\"ListItem\",\"position\":2,\"name\":\"Synology\"}]},{\"@type\":\"WebSite\",\"@id\":\"https:\\\/\\\/www.exterra-services.cz\\\/#website\",\"url\":\"https:\\\/\\\/www.exterra-services.cz\\\/\",\"name\":\"exTerra Services\",\"description\":\"profesion\u00e1ln\u00ed IT \u0159e\u0161en\u00ed\",\"publisher\":{\"@id\":\"https:\\\/\\\/www.exterra-services.cz\\\/#organization\"},\"potentialAction\":[{\"@type\":\"SearchAction\",\"target\":{\"@type\":\"EntryPoint\",\"urlTemplate\":\"https:\\\/\\\/www.exterra-services.cz\\\/?s={search_term_string}\"},\"query-input\":{\"@type\":\"PropertyValueSpecification\",\"valueRequired\":true,\"valueName\":\"search_term_string\"}}],\"inLanguage\":\"cs\"},{\"@type\":\"Organization\",\"@id\":\"https:\\\/\\\/www.exterra-services.cz\\\/#organization\",\"name\":\"exTerra Services s.r.o.\",\"url\":\"https:\\\/\\\/www.exterra-services.cz\\\/\",\"logo\":{\"@type\":\"ImageObject\",\"inLanguage\":\"cs\",\"@id\":\"https:\\\/\\\/www.exterra-services.cz\\\/#\\\/schema\\\/logo\\\/image\\\/\",\"url\":\"https:\\\/\\\/www.exterra-services.cz\\\/wp-content\\\/uploads\\\/2018\\\/12\\\/logo.png\",\"contentUrl\":\"https:\\\/\\\/www.exterra-services.cz\\\/wp-content\\\/uploads\\\/2018\\\/12\\\/logo.png\",\"width\":1280,\"height\":720,\"caption\":\"exTerra Services s.r.o.\"},\"image\":{\"@id\":\"https:\\\/\\\/www.exterra-services.cz\\\/#\\\/schema\\\/logo\\\/image\\\/\"}}]}<\/script>\n<!-- \/ Yoast SEO plugin. -->","yoast_head_json":{"title":"Synology &#8226; exTerra Services &#8226; profesion\u00e1ln\u00ed IT \u0159e\u0161en\u00ed","robots":{"index":"index","follow":"follow","max-snippet":"max-snippet:-1","max-image-preview":"max-image-preview:large","max-video-preview":"max-video-preview:-1"},"canonical":"https:\/\/www.exterra-services.cz\/index.php\/synology\/","og_locale":"cs_CZ","og_type":"article","og_title":"Synology &#8226; exTerra Services &#8226; profesion\u00e1ln\u00ed IT \u0159e\u0161en\u00ed","og_description":"Pro\u010d Synology? Synology nab\u00edz\u00ed \u0161irokou \u0161k\u00e1lu produkt\u016f, kter\u00e9 uspokoj\u00ed pot\u0159eby jak\u00e9hokoli rozsahu \u2013 velk\u00fdch firem, mal\u00fdch a st\u0159edn\u00edch podnik\u016f \u010di dom\u00e1c\u00edch u\u017eivatel\u016f, v\u0161echny v\u0161ak maj\u00ed n\u011bkter\u00e9 vlastnosti podobn\u00e9 \u2013 jsou spolehliv\u00e9, univerz\u00e1ln\u00ed a ekologicky \u0161etrn\u00e9. Na\u0161e firma zvolila produkty Synology jako hlavn\u00ed platformu v oblasti ukl\u00e1d\u00e1n\u00ed dat pr\u00e1v\u011b pro jejich univerz\u00e1lnost, kompatibilitu s pr\u016fmyslov\u00fdmi standardy, [&hellip;]","og_url":"https:\/\/www.exterra-services.cz\/index.php\/synology\/","og_site_name":"exTerra Services","article_modified_time":"2021-09-06T17:04:25+00:00","twitter_card":"summary_large_image","twitter_misc":{"Odhadovan\u00e1 doba \u010dten\u00ed":"1 minuta"},"schema":{"@context":"https:\/\/schema.org","@graph":[{"@type":"WebPage","@id":"https:\/\/www.exterra-services.cz\/index.php\/synology\/","url":"https:\/\/www.exterra-services.cz\/index.php\/synology\/","name":"Synology &#8226; exTerra Services &#8226; profesion\u00e1ln\u00ed IT \u0159e\u0161en\u00ed","isPartOf":{"@id":"https:\/\/www.exterra-services.cz\/#website"},"datePublished":"2018-12-03T17:13:25+00:00","dateModified":"2021-09-06T17:04:25+00:00","breadcrumb":{"@id":"https:\/\/www.exterra-services.cz\/index.php\/synology\/#breadcrumb"},"inLanguage":"cs","potentialAction":[{"@type":"ReadAction","target":["https:\/\/www.exterra-services.cz\/index.php\/synology\/"]}]},{"@type":"BreadcrumbList","@id":"https:\/\/www.exterra-services.cz\/index.php\/synology\/#breadcrumb","itemListElement":[{"@type":"ListItem","position":1,"name":"Dom\u016f","item":"https:\/\/www.exterra-services.cz\/"},{"@type":"ListItem","position":2,"name":"Synology"}]},{"@type":"WebSite","@id":"https:\/\/www.exterra-services.cz\/#website","url":"https:\/\/www.exterra-services.cz\/","name":"exTerra Services","description":"profesion\u00e1ln\u00ed IT \u0159e\u0161en\u00ed","publisher":{"@id":"https:\/\/www.exterra-services.cz\/#organization"},"potentialAction":[{"@type":"SearchAction","target":{"@type":"EntryPoint","urlTemplate":"https:\/\/www.exterra-services.cz\/?s={search_term_string}"},"query-input":{"@type":"PropertyValueSpecification","valueRequired":true,"valueName":"search_term_string"}}],"inLanguage":"cs"},{"@type":"Organization","@id":"https:\/\/www.exterra-services.cz\/#organization","name":"exTerra Services s.r.o.","url":"https:\/\/www.exterra-services.cz\/","logo":{"@type":"ImageObject","inLanguage":"cs","@id":"https:\/\/www.exterra-services.cz\/#\/schema\/logo\/image\/","url":"https:\/\/www.exterra-services.cz\/wp-content\/uploads\/2018\/12\/logo.png","contentUrl":"https:\/\/www.exterra-services.cz\/wp-content\/uploads\/2018\/12\/logo.png","width":1280,"height":720,"caption":"exTerra Services s.r.o."},"image":{"@id":"https:\/\/www.exterra-services.cz\/#\/schema\/logo\/image\/"}}]}},"jetpack_sharing_enabled":true,"_links":{"self":[{"href":"https:\/\/www.exterra-services.cz\/index.php\/wp-json\/wp\/v2\/pages\/168","targetHints":{"allow":["GET"]}}],"collection":[{"href":"https:\/\/www.exterra-services.cz\/index.php\/wp-json\/wp\/v2\/pages"}],"about":[{"href":"https:\/\/www.exterra-services.cz\/index.php\/wp-json\/wp\/v2\/types\/page"}],"author":[{"embeddable":true,"href":"https:\/\/www.exterra-services.cz\/index.php\/wp-json\/wp\/v2\/users\/1"}],"replies":[{"embeddable":true,"href":"https:\/\/www.exterra-services.cz\/index.php\/wp-json\/wp\/v2\/comments?post=168"}],"version-history":[{"count":3,"href":"https:\/\/www.exterra-services.cz\/index.php\/wp-json\/wp\/v2\/pages\/168\/revisions"}],"predecessor-version":[{"id":3524,"href":"https:\/\/www.exterra-services.cz\/index.php\/wp-json\/wp\/v2\/pages\/168\/revisions\/3524"}],"wp:attachment":[{"href":"https:\/\/www.exterra-services.cz\/index.php\/wp-json\/wp\/v2\/media?parent=168"}],"curies":[{"name":"wp","href":"https:\/\/api.w.org\/{rel}","templated":true}]}}