{"id":164,"date":"2018-12-03T18:10:33","date_gmt":"2018-12-03T17:10:33","guid":{"rendered":"http:\/\/192.168.156.19\/?page_id=164"},"modified":"2021-09-06T18:56:17","modified_gmt":"2021-09-06T16:56:17","slug":"vircom","status":"publish","type":"page","link":"https:\/\/www.exterra-services.cz\/index.php\/vircom\/","title":{"rendered":"Vircom"},"content":{"rendered":"\t\t<div data-elementor-type=\"wp-page\" data-elementor-id=\"164\" class=\"elementor elementor-164\">\n\t\t\t\t\t\t<section class=\"elementor-section elementor-top-section elementor-element elementor-element-201c787a elementor-section-boxed elementor-section-height-default elementor-section-height-default\" data-id=\"201c787a\" data-element_type=\"section\" data-e-type=\"section\">\n\t\t\t\t\t\t<div class=\"elementor-container elementor-column-gap-default\">\n\t\t\t\t\t<div class=\"elementor-column elementor-col-100 elementor-top-column elementor-element elementor-element-399f5c94\" data-id=\"399f5c94\" data-element_type=\"column\" data-e-type=\"column\">\n\t\t\t<div class=\"elementor-widget-wrap elementor-element-populated\">\n\t\t\t\t\t\t<div class=\"elementor-element elementor-element-6ff73a70 elementor-widget elementor-widget-text-editor\" data-id=\"6ff73a70\" data-element_type=\"widget\" data-e-type=\"widget\" data-widget_type=\"text-editor.default\">\n\t\t\t\t<div class=\"elementor-widget-container\">\n\t\t\t\t\t\t\t\t\t<p><span style=\"color: #000000;\"><\/span><\/p>\n<h3><span style=\"color: #000000;\"><strong>Pro\u010d Vircom?<\/strong><\/span><\/h3>\n<p><span style=\"color: #000000;\">Spole\u010dnost Vircom je v\u00fdrobcem softwarov\u00fdch n\u00e1stroj\u016f pro ochranu mailov\u00e9ho serveru p\u0159ed viry a spamem. modusGate je n\u00e1stroj instalovan\u00fd jako samostatn\u00e1 slu\u017eba p\u0159ed mailov\u00fd server.<\/span><\/p>\n<p><span style=\"color: #000000;\"><\/span><\/p>\n<h4><span style=\"color: #000000;\"><strong>V\u00fdhody pro z\u00e1kazn\u00edka:<\/strong><\/span><\/h4>\n<p><span style=\"color: #000000;\"><\/span><\/p>\n<ul class=\"wp-block-list\">\n<li><span style=\"color: #000000;\">v\u00edcen\u00e1sobn\u00e1 detekce spamu<\/span><\/li>\n<li><span style=\"color: #000000;\">detekce obr\u00e1zkov\u00e9ho spamu<\/span><\/li>\n<li><span style=\"color: #000000;\">podpora MS Exchange a Active Directory<\/span><\/li>\n<li><span style=\"color: #000000;\">podpora adres\u00e1\u0159ov\u00fdch slu\u017eeb LDAP (IBM Domino, Kerio Connect,OpenLDAP,&#8230;)<\/span><\/li>\n<li><span style=\"color: #000000;\">dvojit\u00e1 AV kontrola &#8211; Bitdefender a Avira<\/span><\/li>\n<li><span style=\"color: #000000;\">aktualizace v re\u00e1ln\u00e9m \u010dase<\/span><\/li>\n<li><span style=\"color: #000000;\">karant\u00e9na s p\u0159\u00edm\u00fdm p\u0159\u00edstupem pro u\u017eivatele<\/span><\/li>\n<li><span style=\"color: #000000;\">detailn\u00ed reporting<\/span><\/li>\n<\/ul>\n<h4><span style=\"color: #000000;\"><strong>Oblasti \u0159e\u0161en\u00ed a produkty:<\/strong><\/span><\/h4>\n<p><span style=\"color: #000000;\"><\/span><\/p>\n<ul class=\"wp-block-list\">\n<li><span style=\"color: #000000;\"><strong><a style=\"color: #000000;\" href=\"https:\/\/www.vircom.com\/modusgate-for-exchange\/learn-email-security\/\" target=\"_blank\" rel=\"noreferrer noopener\">modusGate <\/a>&#8211;<\/strong> zastavte spam je\u0161t\u011b p\u0159ed mailov\u00fdm serverem.<\/span><\/li>\n<\/ul>\n<p><span style=\"color: #000000;\"><\/span><\/p>\t\t\t\t\t\t\t\t<\/div>\n\t\t\t\t<\/div>\n\t\t\t\t\t<\/div>\n\t\t<\/div>\n\t\t\t\t\t<\/div>\n\t\t<\/section>\n\t\t\t\t<\/div>\n\t\t","protected":false},"excerpt":{"rendered":"<p>Pro\u010d Vircom? Spole\u010dnost Vircom je v\u00fdrobcem softwarov\u00fdch n\u00e1stroj\u016f pro ochranu mailov\u00e9ho serveru p\u0159ed viry a spamem. modusGate je n\u00e1stroj instalovan\u00fd jako samostatn\u00e1 slu\u017eba p\u0159ed mailov\u00fd server. v\u00edcen\u00e1sobn\u00e1 detekce spamu detekce obr\u00e1zkov\u00e9ho spamu podpora MS Exchange a Active Directory podpora adres\u00e1\u0159ov\u00fdch slu\u017eeb LDAP (IBM Domino, Kerio Connect,OpenLDAP,&#8230;) dvojit\u00e1 AV kontrola &#8211; Bitdefender a Avira aktualizace v [&hellip;]<\/p>\n","protected":false},"author":1,"featured_media":0,"parent":0,"menu_order":0,"comment_status":"closed","ping_status":"closed","template":"","meta":{"ocean_post_layout":"","ocean_both_sidebars_style":"","ocean_both_sidebars_content_width":0,"ocean_both_sidebars_sidebars_width":0,"ocean_sidebar":"","ocean_second_sidebar":"","ocean_disable_margins":"enable","ocean_add_body_class":"","ocean_shortcode_before_top_bar":"","ocean_shortcode_after_top_bar":"","ocean_shortcode_before_header":"","ocean_shortcode_after_header":"","ocean_has_shortcode":"","ocean_shortcode_after_title":"","ocean_shortcode_before_footer_widgets":"","ocean_shortcode_after_footer_widgets":"","ocean_shortcode_before_footer_bottom":"","ocean_shortcode_after_footer_bottom":"","ocean_display_top_bar":"default","ocean_display_header":"default","ocean_header_style":"","ocean_center_header_left_menu":"","ocean_custom_header_template":"","ocean_custom_logo":0,"ocean_custom_retina_logo":0,"ocean_custom_logo_max_width":0,"ocean_custom_logo_tablet_max_width":0,"ocean_custom_logo_mobile_max_width":0,"ocean_custom_logo_max_height":0,"ocean_custom_logo_tablet_max_height":0,"ocean_custom_logo_mobile_max_height":0,"ocean_header_custom_menu":"","ocean_menu_typo_font_family":"","ocean_menu_typo_font_subset":"","ocean_menu_typo_font_size":0,"ocean_menu_typo_font_size_tablet":0,"ocean_menu_typo_font_size_mobile":0,"ocean_menu_typo_font_size_unit":"px","ocean_menu_typo_font_weight":"","ocean_menu_typo_font_weight_tablet":"","ocean_menu_typo_font_weight_mobile":"","ocean_menu_typo_transform":"","ocean_menu_typo_transform_tablet":"","ocean_menu_typo_transform_mobile":"","ocean_menu_typo_line_height":0,"ocean_menu_typo_line_height_tablet":0,"ocean_menu_typo_line_height_mobile":0,"ocean_menu_typo_line_height_unit":"","ocean_menu_typo_spacing":0,"ocean_menu_typo_spacing_tablet":0,"ocean_menu_typo_spacing_mobile":0,"ocean_menu_typo_spacing_unit":"","ocean_menu_link_color":"","ocean_menu_link_color_hover":"","ocean_menu_link_color_active":"","ocean_menu_link_background":"","ocean_menu_link_hover_background":"","ocean_menu_link_active_background":"","ocean_menu_social_links_bg":"","ocean_menu_social_hover_links_bg":"","ocean_menu_social_links_color":"","ocean_menu_social_hover_links_color":"","ocean_disable_title":"default","ocean_disable_heading":"default","ocean_post_title":"","ocean_post_subheading":"","ocean_post_title_style":"","ocean_post_title_background_color":"","ocean_post_title_background":0,"ocean_post_title_bg_image_position":"","ocean_post_title_bg_image_attachment":"","ocean_post_title_bg_image_repeat":"","ocean_post_title_bg_image_size":"","ocean_post_title_height":0,"ocean_post_title_bg_overlay":0.5,"ocean_post_title_bg_overlay_color":"","ocean_disable_breadcrumbs":"default","ocean_breadcrumbs_color":"","ocean_breadcrumbs_separator_color":"","ocean_breadcrumbs_links_color":"","ocean_breadcrumbs_links_hover_color":"","ocean_display_footer_widgets":"default","ocean_display_footer_bottom":"default","ocean_custom_footer_template":"","footnotes":""},"class_list":["post-164","page","type-page","status-publish","hentry","entry"],"yoast_head":"<!-- This site is optimized with the Yoast SEO plugin v27.4 - https:\/\/yoast.com\/product\/yoast-seo-wordpress\/ -->\n<title>Vircom &#8226; exTerra Services &#8226; profesion\u00e1ln\u00ed IT \u0159e\u0161en\u00ed<\/title>\n<meta name=\"robots\" content=\"index, follow, max-snippet:-1, max-image-preview:large, max-video-preview:-1\" \/>\n<link rel=\"canonical\" href=\"https:\/\/www.exterra-services.cz\/index.php\/vircom\/\" \/>\n<meta property=\"og:locale\" content=\"cs_CZ\" \/>\n<meta property=\"og:type\" content=\"article\" \/>\n<meta property=\"og:title\" content=\"Vircom &#8226; exTerra Services &#8226; profesion\u00e1ln\u00ed IT \u0159e\u0161en\u00ed\" \/>\n<meta property=\"og:description\" content=\"Pro\u010d Vircom? Spole\u010dnost Vircom je v\u00fdrobcem softwarov\u00fdch n\u00e1stroj\u016f pro ochranu mailov\u00e9ho serveru p\u0159ed viry a spamem. modusGate je n\u00e1stroj instalovan\u00fd jako samostatn\u00e1 slu\u017eba p\u0159ed mailov\u00fd server. v\u00edcen\u00e1sobn\u00e1 detekce spamu detekce obr\u00e1zkov\u00e9ho spamu podpora MS Exchange a Active Directory podpora adres\u00e1\u0159ov\u00fdch slu\u017eeb LDAP (IBM Domino, Kerio Connect,OpenLDAP,&#8230;) dvojit\u00e1 AV kontrola &#8211; Bitdefender a Avira aktualizace v [&hellip;]\" \/>\n<meta property=\"og:url\" content=\"https:\/\/www.exterra-services.cz\/index.php\/vircom\/\" \/>\n<meta property=\"og:site_name\" content=\"exTerra Services\" \/>\n<meta property=\"article:modified_time\" content=\"2021-09-06T16:56:17+00:00\" \/>\n<meta name=\"twitter:card\" content=\"summary_large_image\" \/>\n<meta name=\"twitter:label1\" content=\"Odhadovan\u00e1 doba \u010dten\u00ed\" \/>\n\t<meta name=\"twitter:data1\" content=\"1 minuta\" \/>\n<script type=\"application\/ld+json\" class=\"yoast-schema-graph\">{\"@context\":\"https:\\\/\\\/schema.org\",\"@graph\":[{\"@type\":\"WebPage\",\"@id\":\"https:\\\/\\\/www.exterra-services.cz\\\/index.php\\\/vircom\\\/\",\"url\":\"https:\\\/\\\/www.exterra-services.cz\\\/index.php\\\/vircom\\\/\",\"name\":\"Vircom &#8226; exTerra Services &#8226; profesion\u00e1ln\u00ed IT \u0159e\u0161en\u00ed\",\"isPartOf\":{\"@id\":\"https:\\\/\\\/www.exterra-services.cz\\\/#website\"},\"datePublished\":\"2018-12-03T17:10:33+00:00\",\"dateModified\":\"2021-09-06T16:56:17+00:00\",\"breadcrumb\":{\"@id\":\"https:\\\/\\\/www.exterra-services.cz\\\/index.php\\\/vircom\\\/#breadcrumb\"},\"inLanguage\":\"cs\",\"potentialAction\":[{\"@type\":\"ReadAction\",\"target\":[\"https:\\\/\\\/www.exterra-services.cz\\\/index.php\\\/vircom\\\/\"]}]},{\"@type\":\"BreadcrumbList\",\"@id\":\"https:\\\/\\\/www.exterra-services.cz\\\/index.php\\\/vircom\\\/#breadcrumb\",\"itemListElement\":[{\"@type\":\"ListItem\",\"position\":1,\"name\":\"Dom\u016f\",\"item\":\"https:\\\/\\\/www.exterra-services.cz\\\/\"},{\"@type\":\"ListItem\",\"position\":2,\"name\":\"Vircom\"}]},{\"@type\":\"WebSite\",\"@id\":\"https:\\\/\\\/www.exterra-services.cz\\\/#website\",\"url\":\"https:\\\/\\\/www.exterra-services.cz\\\/\",\"name\":\"exTerra Services\",\"description\":\"profesion\u00e1ln\u00ed IT \u0159e\u0161en\u00ed\",\"publisher\":{\"@id\":\"https:\\\/\\\/www.exterra-services.cz\\\/#organization\"},\"potentialAction\":[{\"@type\":\"SearchAction\",\"target\":{\"@type\":\"EntryPoint\",\"urlTemplate\":\"https:\\\/\\\/www.exterra-services.cz\\\/?s={search_term_string}\"},\"query-input\":{\"@type\":\"PropertyValueSpecification\",\"valueRequired\":true,\"valueName\":\"search_term_string\"}}],\"inLanguage\":\"cs\"},{\"@type\":\"Organization\",\"@id\":\"https:\\\/\\\/www.exterra-services.cz\\\/#organization\",\"name\":\"exTerra Services s.r.o.\",\"url\":\"https:\\\/\\\/www.exterra-services.cz\\\/\",\"logo\":{\"@type\":\"ImageObject\",\"inLanguage\":\"cs\",\"@id\":\"https:\\\/\\\/www.exterra-services.cz\\\/#\\\/schema\\\/logo\\\/image\\\/\",\"url\":\"https:\\\/\\\/www.exterra-services.cz\\\/wp-content\\\/uploads\\\/2018\\\/12\\\/logo.png\",\"contentUrl\":\"https:\\\/\\\/www.exterra-services.cz\\\/wp-content\\\/uploads\\\/2018\\\/12\\\/logo.png\",\"width\":1280,\"height\":720,\"caption\":\"exTerra Services s.r.o.\"},\"image\":{\"@id\":\"https:\\\/\\\/www.exterra-services.cz\\\/#\\\/schema\\\/logo\\\/image\\\/\"}}]}<\/script>\n<!-- \/ Yoast SEO plugin. -->","yoast_head_json":{"title":"Vircom &#8226; exTerra Services &#8226; profesion\u00e1ln\u00ed IT \u0159e\u0161en\u00ed","robots":{"index":"index","follow":"follow","max-snippet":"max-snippet:-1","max-image-preview":"max-image-preview:large","max-video-preview":"max-video-preview:-1"},"canonical":"https:\/\/www.exterra-services.cz\/index.php\/vircom\/","og_locale":"cs_CZ","og_type":"article","og_title":"Vircom &#8226; exTerra Services &#8226; profesion\u00e1ln\u00ed IT \u0159e\u0161en\u00ed","og_description":"Pro\u010d Vircom? Spole\u010dnost Vircom je v\u00fdrobcem softwarov\u00fdch n\u00e1stroj\u016f pro ochranu mailov\u00e9ho serveru p\u0159ed viry a spamem. modusGate je n\u00e1stroj instalovan\u00fd jako samostatn\u00e1 slu\u017eba p\u0159ed mailov\u00fd server. v\u00edcen\u00e1sobn\u00e1 detekce spamu detekce obr\u00e1zkov\u00e9ho spamu podpora MS Exchange a Active Directory podpora adres\u00e1\u0159ov\u00fdch slu\u017eeb LDAP (IBM Domino, Kerio Connect,OpenLDAP,&#8230;) dvojit\u00e1 AV kontrola &#8211; Bitdefender a Avira aktualizace v [&hellip;]","og_url":"https:\/\/www.exterra-services.cz\/index.php\/vircom\/","og_site_name":"exTerra Services","article_modified_time":"2021-09-06T16:56:17+00:00","twitter_card":"summary_large_image","twitter_misc":{"Odhadovan\u00e1 doba \u010dten\u00ed":"1 minuta"},"schema":{"@context":"https:\/\/schema.org","@graph":[{"@type":"WebPage","@id":"https:\/\/www.exterra-services.cz\/index.php\/vircom\/","url":"https:\/\/www.exterra-services.cz\/index.php\/vircom\/","name":"Vircom &#8226; exTerra Services &#8226; profesion\u00e1ln\u00ed IT \u0159e\u0161en\u00ed","isPartOf":{"@id":"https:\/\/www.exterra-services.cz\/#website"},"datePublished":"2018-12-03T17:10:33+00:00","dateModified":"2021-09-06T16:56:17+00:00","breadcrumb":{"@id":"https:\/\/www.exterra-services.cz\/index.php\/vircom\/#breadcrumb"},"inLanguage":"cs","potentialAction":[{"@type":"ReadAction","target":["https:\/\/www.exterra-services.cz\/index.php\/vircom\/"]}]},{"@type":"BreadcrumbList","@id":"https:\/\/www.exterra-services.cz\/index.php\/vircom\/#breadcrumb","itemListElement":[{"@type":"ListItem","position":1,"name":"Dom\u016f","item":"https:\/\/www.exterra-services.cz\/"},{"@type":"ListItem","position":2,"name":"Vircom"}]},{"@type":"WebSite","@id":"https:\/\/www.exterra-services.cz\/#website","url":"https:\/\/www.exterra-services.cz\/","name":"exTerra Services","description":"profesion\u00e1ln\u00ed IT \u0159e\u0161en\u00ed","publisher":{"@id":"https:\/\/www.exterra-services.cz\/#organization"},"potentialAction":[{"@type":"SearchAction","target":{"@type":"EntryPoint","urlTemplate":"https:\/\/www.exterra-services.cz\/?s={search_term_string}"},"query-input":{"@type":"PropertyValueSpecification","valueRequired":true,"valueName":"search_term_string"}}],"inLanguage":"cs"},{"@type":"Organization","@id":"https:\/\/www.exterra-services.cz\/#organization","name":"exTerra Services s.r.o.","url":"https:\/\/www.exterra-services.cz\/","logo":{"@type":"ImageObject","inLanguage":"cs","@id":"https:\/\/www.exterra-services.cz\/#\/schema\/logo\/image\/","url":"https:\/\/www.exterra-services.cz\/wp-content\/uploads\/2018\/12\/logo.png","contentUrl":"https:\/\/www.exterra-services.cz\/wp-content\/uploads\/2018\/12\/logo.png","width":1280,"height":720,"caption":"exTerra Services s.r.o."},"image":{"@id":"https:\/\/www.exterra-services.cz\/#\/schema\/logo\/image\/"}}]}},"jetpack_sharing_enabled":true,"_links":{"self":[{"href":"https:\/\/www.exterra-services.cz\/index.php\/wp-json\/wp\/v2\/pages\/164","targetHints":{"allow":["GET"]}}],"collection":[{"href":"https:\/\/www.exterra-services.cz\/index.php\/wp-json\/wp\/v2\/pages"}],"about":[{"href":"https:\/\/www.exterra-services.cz\/index.php\/wp-json\/wp\/v2\/types\/page"}],"author":[{"embeddable":true,"href":"https:\/\/www.exterra-services.cz\/index.php\/wp-json\/wp\/v2\/users\/1"}],"replies":[{"embeddable":true,"href":"https:\/\/www.exterra-services.cz\/index.php\/wp-json\/wp\/v2\/comments?post=164"}],"version-history":[{"count":3,"href":"https:\/\/www.exterra-services.cz\/index.php\/wp-json\/wp\/v2\/pages\/164\/revisions"}],"predecessor-version":[{"id":3518,"href":"https:\/\/www.exterra-services.cz\/index.php\/wp-json\/wp\/v2\/pages\/164\/revisions\/3518"}],"wp:attachment":[{"href":"https:\/\/www.exterra-services.cz\/index.php\/wp-json\/wp\/v2\/media?parent=164"}],"curies":[{"name":"wp","href":"https:\/\/api.w.org\/{rel}","templated":true}]}}