{"id":153,"date":"2018-12-03T18:05:53","date_gmt":"2018-12-03T17:05:53","guid":{"rendered":"http:\/\/192.168.156.19\/?page_id=153"},"modified":"2021-09-13T18:37:41","modified_gmt":"2021-09-13T16:37:41","slug":"ibm-hardware","status":"publish","type":"page","link":"https:\/\/www.exterra-services.cz\/index.php\/ibm-hardware\/","title":{"rendered":"Hardware Lenovo"},"content":{"rendered":"\t\t<div data-elementor-type=\"wp-page\" data-elementor-id=\"153\" class=\"elementor elementor-153\">\n\t\t\t\t\t\t<section class=\"elementor-section elementor-top-section elementor-element elementor-element-a56a88e elementor-section-boxed elementor-section-height-default elementor-section-height-default\" data-id=\"a56a88e\" data-element_type=\"section\" data-e-type=\"section\">\n\t\t\t\t\t\t<div class=\"elementor-container elementor-column-gap-default\">\n\t\t\t\t\t<div class=\"elementor-column elementor-col-100 elementor-top-column elementor-element elementor-element-20a24ab0\" data-id=\"20a24ab0\" data-element_type=\"column\" data-e-type=\"column\">\n\t\t\t<div class=\"elementor-widget-wrap elementor-element-populated\">\n\t\t\t\t\t\t<div class=\"elementor-element elementor-element-458023b elementor-widget elementor-widget-text-editor\" data-id=\"458023b\" data-element_type=\"widget\" data-e-type=\"widget\" data-widget_type=\"text-editor.default\">\n\t\t\t\t<div class=\"elementor-widget-container\">\n\t\t\t\t\t\t\t\t\t<p><span style=\"color: #000000;\"><\/span><\/p>\n<h4 class=\"wp-block-heading\"><span style=\"color: #000000;\"><strong>V\u00fdkonn\u00e9 servery:<\/strong><\/span><\/h4>\n<p><span style=\"color: #000000;\"><\/span><\/p>\n<p><span style=\"color: #000000;\">Spole\u010dnost Lenovo je tradi\u010dn\u00edm vedouc\u00edm v\u00fdrobcem server\u016f. V kategorii syst\u00e9m\u016f postaven\u00fdch na procesorech Intel x86 (32-bitov\u00fdch i 64-bitov\u00fdch) je Lenovo technologick\u00fdm l\u00eddrem.<\/span><\/p>\n<p><span style=\"color: #000000;\"><\/span><\/p>\n<p><span style=\"color: #000000;\">N\u00e1mi nab\u00edzen\u00e1 \u0159e\u0161en\u00ed obvykle stav\u00edme (nem\u00e1-li z\u00e1kazn\u00edk jinou technologickou preferenci) pr\u00e1v\u011b na serverov\u00fdch technologi\u00edch, kter\u00e9 poskytuj\u00ed pot\u0159ebnou stabilitu, v\u00fdkon, roz\u0161i\u0159itelnost, snadnou spr\u00e1vu a \u0161pi\u010dkov\u00fd servis.<\/span><\/p>\n<p><span style=\"color: #000000;\"><\/span><\/p>\n<ul class=\"wp-block-list\">\n<li><strong><span style=\"color: #000000;\">Servery optimalizovan\u00e9 pro um\u00edst\u011bn\u00ed do racku<\/span><\/strong><\/li>\n<li><strong><span style=\"color: #000000;\">Servery v proveden\u00ed tower<\/span><\/strong><\/li>\n<li><strong><span style=\"color: #000000;\">Enterprise servery<\/span><\/strong><\/li>\n<li><strong><span style=\"color: #000000;\">Modul\u00e1rn\u00ed servery BladeCenter<\/span><\/strong><\/li>\n<\/ul>\n<p><span style=\"color: #000000;\"><\/span><\/p>\n<h4><span style=\"color: #000000;\"><strong>Storage:<\/strong><\/span><\/h4>\n<p><span style=\"color: #000000;\"><\/span><\/p>\n<p><span style=\"color: #000000;\">Lenovo krom\u011b \u0161pi\u010dkov\u00fdch server\u016f vyr\u00e1b\u00ed i syst\u00e9my pro ukl\u00e1d\u00e1n\u00ed dat, kter\u00e9 se vyzna\u010duj\u00ed v\u00fdkonem, roz\u0161i\u0159itelnost\u00ed a kompatibilitou, kter\u00e1 zaru\u010duje mo\u017enosti roz\u010d\u00ed\u0159en\u00ed a dostupnost n\u00e1hradn\u00edch d\u00edl\u016f i n\u011bkolik let po dod\u00e1n\u00ed.<\/span><\/p>\n<p><span style=\"color: #000000;\"><\/span><\/p>\n<ul class=\"wp-block-list\">\n<li><strong><span style=\"color: #000000;\">Diskov\u00e9 syst\u00e9my<\/span><\/strong><\/li>\n<li><strong><span style=\"color: #000000;\">P\u00e1skov\u00e9 syst\u00e9my<\/span><\/strong><\/li>\n<li><strong><span style=\"color: #000000;\">SAN (Storage Area Network)<\/span><\/strong><\/li>\n<li><strong><span style=\"color: #000000;\">\u0158e\u0161en\u00ed NAS &amp; iSCSI<\/span><\/strong><\/li>\n<li><strong><span style=\"color: #000000;\">Software pro ukl\u00e1d\u00e1n\u00ed dat<\/span><\/strong><\/li>\n<li><strong><span style=\"color: #000000;\">Pam\u011b\u0165ov\u00e1 m\u00e9dia<\/span><\/strong><\/li>\n<\/ul>\n<p><span style=\"color: #000000;\"><\/span><\/p>\t\t\t\t\t\t\t\t<\/div>\n\t\t\t\t<\/div>\n\t\t\t\t\t<\/div>\n\t\t<\/div>\n\t\t\t\t\t<\/div>\n\t\t<\/section>\n\t\t\t\t<\/div>\n\t\t","protected":false},"excerpt":{"rendered":"<p>V\u00fdkonn\u00e9 servery: Spole\u010dnost Lenovo je tradi\u010dn\u00edm vedouc\u00edm v\u00fdrobcem server\u016f. V kategorii syst\u00e9m\u016f postaven\u00fdch na procesorech Intel x86 (32-bitov\u00fdch i 64-bitov\u00fdch) je Lenovo technologick\u00fdm l\u00eddrem. N\u00e1mi nab\u00edzen\u00e1 \u0159e\u0161en\u00ed obvykle stav\u00edme (nem\u00e1-li z\u00e1kazn\u00edk jinou technologickou preferenci) pr\u00e1v\u011b na serverov\u00fdch technologi\u00edch, kter\u00e9 poskytuj\u00ed pot\u0159ebnou stabilitu, v\u00fdkon, roz\u0161i\u0159itelnost, snadnou spr\u00e1vu a \u0161pi\u010dkov\u00fd servis. Servery optimalizovan\u00e9 pro um\u00edst\u011bn\u00ed do racku [&hellip;]<\/p>\n","protected":false},"author":1,"featured_media":0,"parent":0,"menu_order":0,"comment_status":"closed","ping_status":"closed","template":"","meta":{"ocean_post_layout":"","ocean_both_sidebars_style":"","ocean_both_sidebars_content_width":0,"ocean_both_sidebars_sidebars_width":0,"ocean_sidebar":"0","ocean_second_sidebar":"0","ocean_disable_margins":"enable","ocean_add_body_class":"","ocean_shortcode_before_top_bar":"","ocean_shortcode_after_top_bar":"","ocean_shortcode_before_header":"","ocean_shortcode_after_header":"","ocean_has_shortcode":"","ocean_shortcode_after_title":"","ocean_shortcode_before_footer_widgets":"","ocean_shortcode_after_footer_widgets":"","ocean_shortcode_before_footer_bottom":"","ocean_shortcode_after_footer_bottom":"","ocean_display_top_bar":"default","ocean_display_header":"default","ocean_header_style":"","ocean_center_header_left_menu":"0","ocean_custom_header_template":"0","ocean_custom_logo":0,"ocean_custom_retina_logo":0,"ocean_custom_logo_max_width":0,"ocean_custom_logo_tablet_max_width":0,"ocean_custom_logo_mobile_max_width":0,"ocean_custom_logo_max_height":0,"ocean_custom_logo_tablet_max_height":0,"ocean_custom_logo_mobile_max_height":0,"ocean_header_custom_menu":"0","ocean_menu_typo_font_family":"0","ocean_menu_typo_font_subset":"","ocean_menu_typo_font_size":0,"ocean_menu_typo_font_size_tablet":0,"ocean_menu_typo_font_size_mobile":0,"ocean_menu_typo_font_size_unit":"px","ocean_menu_typo_font_weight":"","ocean_menu_typo_font_weight_tablet":"","ocean_menu_typo_font_weight_mobile":"","ocean_menu_typo_transform":"","ocean_menu_typo_transform_tablet":"","ocean_menu_typo_transform_mobile":"","ocean_menu_typo_line_height":0,"ocean_menu_typo_line_height_tablet":0,"ocean_menu_typo_line_height_mobile":0,"ocean_menu_typo_line_height_unit":"","ocean_menu_typo_spacing":0,"ocean_menu_typo_spacing_tablet":0,"ocean_menu_typo_spacing_mobile":0,"ocean_menu_typo_spacing_unit":"","ocean_menu_link_color":"","ocean_menu_link_color_hover":"","ocean_menu_link_color_active":"","ocean_menu_link_background":"","ocean_menu_link_hover_background":"","ocean_menu_link_active_background":"","ocean_menu_social_links_bg":"","ocean_menu_social_hover_links_bg":"","ocean_menu_social_links_color":"","ocean_menu_social_hover_links_color":"","ocean_disable_title":"default","ocean_disable_heading":"default","ocean_post_title":"","ocean_post_subheading":"","ocean_post_title_style":"","ocean_post_title_background_color":"","ocean_post_title_background":0,"ocean_post_title_bg_image_position":"","ocean_post_title_bg_image_attachment":"","ocean_post_title_bg_image_repeat":"","ocean_post_title_bg_image_size":"","ocean_post_title_height":0,"ocean_post_title_bg_overlay":0.5,"ocean_post_title_bg_overlay_color":"","ocean_disable_breadcrumbs":"default","ocean_breadcrumbs_color":"","ocean_breadcrumbs_separator_color":"","ocean_breadcrumbs_links_color":"","ocean_breadcrumbs_links_hover_color":"","ocean_display_footer_widgets":"default","ocean_display_footer_bottom":"default","ocean_custom_footer_template":"0","footnotes":""},"class_list":["post-153","page","type-page","status-publish","hentry","entry"],"yoast_head":"<!-- This site is optimized with the Yoast SEO plugin v27.4 - https:\/\/yoast.com\/product\/yoast-seo-wordpress\/ -->\n<title>Hardware Lenovo &#8226; exTerra Services &#8226; profesion\u00e1ln\u00ed IT \u0159e\u0161en\u00ed<\/title>\n<meta name=\"description\" content=\"Servery a diskov\u00e1 pole Lenovo pat\u0159\u00ed ke \u0161pi\u010dce na trhu, nab\u00edz\u00edme je na z\u00e1klad\u011b letit\u00e9 zku\u0161enosti s nasazen\u00edm, provozem a podporou.\" \/>\n<meta name=\"robots\" content=\"index, follow, max-snippet:-1, max-image-preview:large, max-video-preview:-1\" \/>\n<link rel=\"canonical\" href=\"https:\/\/www.exterra-services.cz\/index.php\/ibm-hardware\/\" \/>\n<meta property=\"og:locale\" content=\"cs_CZ\" \/>\n<meta property=\"og:type\" content=\"article\" \/>\n<meta property=\"og:title\" content=\"Hardware Lenovo &#8226; exTerra Services &#8226; profesion\u00e1ln\u00ed IT \u0159e\u0161en\u00ed\" \/>\n<meta property=\"og:description\" content=\"Servery a diskov\u00e1 pole Lenovo pat\u0159\u00ed ke \u0161pi\u010dce na trhu, nab\u00edz\u00edme je na z\u00e1klad\u011b letit\u00e9 zku\u0161enosti s nasazen\u00edm, provozem a podporou.\" \/>\n<meta property=\"og:url\" content=\"https:\/\/www.exterra-services.cz\/index.php\/ibm-hardware\/\" \/>\n<meta property=\"og:site_name\" content=\"exTerra Services\" \/>\n<meta property=\"article:modified_time\" content=\"2021-09-13T16:37:41+00:00\" \/>\n<meta name=\"twitter:card\" content=\"summary_large_image\" \/>\n<meta name=\"twitter:label1\" content=\"Odhadovan\u00e1 doba \u010dten\u00ed\" \/>\n\t<meta name=\"twitter:data1\" content=\"1 minuta\" \/>\n<script type=\"application\/ld+json\" class=\"yoast-schema-graph\">{\"@context\":\"https:\\\/\\\/schema.org\",\"@graph\":[{\"@type\":\"WebPage\",\"@id\":\"https:\\\/\\\/www.exterra-services.cz\\\/index.php\\\/ibm-hardware\\\/\",\"url\":\"https:\\\/\\\/www.exterra-services.cz\\\/index.php\\\/ibm-hardware\\\/\",\"name\":\"Hardware Lenovo &#8226; exTerra Services &#8226; profesion\u00e1ln\u00ed IT \u0159e\u0161en\u00ed\",\"isPartOf\":{\"@id\":\"https:\\\/\\\/www.exterra-services.cz\\\/#website\"},\"datePublished\":\"2018-12-03T17:05:53+00:00\",\"dateModified\":\"2021-09-13T16:37:41+00:00\",\"description\":\"Servery a diskov\u00e1 pole Lenovo pat\u0159\u00ed ke \u0161pi\u010dce na trhu, nab\u00edz\u00edme je na z\u00e1klad\u011b letit\u00e9 zku\u0161enosti s nasazen\u00edm, provozem a podporou.\",\"breadcrumb\":{\"@id\":\"https:\\\/\\\/www.exterra-services.cz\\\/index.php\\\/ibm-hardware\\\/#breadcrumb\"},\"inLanguage\":\"cs\",\"potentialAction\":[{\"@type\":\"ReadAction\",\"target\":[\"https:\\\/\\\/www.exterra-services.cz\\\/index.php\\\/ibm-hardware\\\/\"]}]},{\"@type\":\"BreadcrumbList\",\"@id\":\"https:\\\/\\\/www.exterra-services.cz\\\/index.php\\\/ibm-hardware\\\/#breadcrumb\",\"itemListElement\":[{\"@type\":\"ListItem\",\"position\":1,\"name\":\"Dom\u016f\",\"item\":\"https:\\\/\\\/www.exterra-services.cz\\\/\"},{\"@type\":\"ListItem\",\"position\":2,\"name\":\"Hardware Lenovo\"}]},{\"@type\":\"WebSite\",\"@id\":\"https:\\\/\\\/www.exterra-services.cz\\\/#website\",\"url\":\"https:\\\/\\\/www.exterra-services.cz\\\/\",\"name\":\"exTerra Services\",\"description\":\"profesion\u00e1ln\u00ed IT \u0159e\u0161en\u00ed\",\"publisher\":{\"@id\":\"https:\\\/\\\/www.exterra-services.cz\\\/#organization\"},\"potentialAction\":[{\"@type\":\"SearchAction\",\"target\":{\"@type\":\"EntryPoint\",\"urlTemplate\":\"https:\\\/\\\/www.exterra-services.cz\\\/?s={search_term_string}\"},\"query-input\":{\"@type\":\"PropertyValueSpecification\",\"valueRequired\":true,\"valueName\":\"search_term_string\"}}],\"inLanguage\":\"cs\"},{\"@type\":\"Organization\",\"@id\":\"https:\\\/\\\/www.exterra-services.cz\\\/#organization\",\"name\":\"exTerra Services s.r.o.\",\"url\":\"https:\\\/\\\/www.exterra-services.cz\\\/\",\"logo\":{\"@type\":\"ImageObject\",\"inLanguage\":\"cs\",\"@id\":\"https:\\\/\\\/www.exterra-services.cz\\\/#\\\/schema\\\/logo\\\/image\\\/\",\"url\":\"https:\\\/\\\/www.exterra-services.cz\\\/wp-content\\\/uploads\\\/2018\\\/12\\\/logo.png\",\"contentUrl\":\"https:\\\/\\\/www.exterra-services.cz\\\/wp-content\\\/uploads\\\/2018\\\/12\\\/logo.png\",\"width\":1280,\"height\":720,\"caption\":\"exTerra Services s.r.o.\"},\"image\":{\"@id\":\"https:\\\/\\\/www.exterra-services.cz\\\/#\\\/schema\\\/logo\\\/image\\\/\"}}]}<\/script>\n<!-- \/ Yoast SEO plugin. -->","yoast_head_json":{"title":"Hardware Lenovo &#8226; exTerra Services &#8226; profesion\u00e1ln\u00ed IT \u0159e\u0161en\u00ed","description":"Servery a diskov\u00e1 pole Lenovo pat\u0159\u00ed ke \u0161pi\u010dce na trhu, nab\u00edz\u00edme je na z\u00e1klad\u011b letit\u00e9 zku\u0161enosti s nasazen\u00edm, provozem a podporou.","robots":{"index":"index","follow":"follow","max-snippet":"max-snippet:-1","max-image-preview":"max-image-preview:large","max-video-preview":"max-video-preview:-1"},"canonical":"https:\/\/www.exterra-services.cz\/index.php\/ibm-hardware\/","og_locale":"cs_CZ","og_type":"article","og_title":"Hardware Lenovo &#8226; exTerra Services &#8226; profesion\u00e1ln\u00ed IT \u0159e\u0161en\u00ed","og_description":"Servery a diskov\u00e1 pole Lenovo pat\u0159\u00ed ke \u0161pi\u010dce na trhu, nab\u00edz\u00edme je na z\u00e1klad\u011b letit\u00e9 zku\u0161enosti s nasazen\u00edm, provozem a podporou.","og_url":"https:\/\/www.exterra-services.cz\/index.php\/ibm-hardware\/","og_site_name":"exTerra Services","article_modified_time":"2021-09-13T16:37:41+00:00","twitter_card":"summary_large_image","twitter_misc":{"Odhadovan\u00e1 doba \u010dten\u00ed":"1 minuta"},"schema":{"@context":"https:\/\/schema.org","@graph":[{"@type":"WebPage","@id":"https:\/\/www.exterra-services.cz\/index.php\/ibm-hardware\/","url":"https:\/\/www.exterra-services.cz\/index.php\/ibm-hardware\/","name":"Hardware Lenovo &#8226; exTerra Services &#8226; profesion\u00e1ln\u00ed IT \u0159e\u0161en\u00ed","isPartOf":{"@id":"https:\/\/www.exterra-services.cz\/#website"},"datePublished":"2018-12-03T17:05:53+00:00","dateModified":"2021-09-13T16:37:41+00:00","description":"Servery a diskov\u00e1 pole Lenovo pat\u0159\u00ed ke \u0161pi\u010dce na trhu, nab\u00edz\u00edme je na z\u00e1klad\u011b letit\u00e9 zku\u0161enosti s nasazen\u00edm, provozem a podporou.","breadcrumb":{"@id":"https:\/\/www.exterra-services.cz\/index.php\/ibm-hardware\/#breadcrumb"},"inLanguage":"cs","potentialAction":[{"@type":"ReadAction","target":["https:\/\/www.exterra-services.cz\/index.php\/ibm-hardware\/"]}]},{"@type":"BreadcrumbList","@id":"https:\/\/www.exterra-services.cz\/index.php\/ibm-hardware\/#breadcrumb","itemListElement":[{"@type":"ListItem","position":1,"name":"Dom\u016f","item":"https:\/\/www.exterra-services.cz\/"},{"@type":"ListItem","position":2,"name":"Hardware Lenovo"}]},{"@type":"WebSite","@id":"https:\/\/www.exterra-services.cz\/#website","url":"https:\/\/www.exterra-services.cz\/","name":"exTerra Services","description":"profesion\u00e1ln\u00ed IT \u0159e\u0161en\u00ed","publisher":{"@id":"https:\/\/www.exterra-services.cz\/#organization"},"potentialAction":[{"@type":"SearchAction","target":{"@type":"EntryPoint","urlTemplate":"https:\/\/www.exterra-services.cz\/?s={search_term_string}"},"query-input":{"@type":"PropertyValueSpecification","valueRequired":true,"valueName":"search_term_string"}}],"inLanguage":"cs"},{"@type":"Organization","@id":"https:\/\/www.exterra-services.cz\/#organization","name":"exTerra Services s.r.o.","url":"https:\/\/www.exterra-services.cz\/","logo":{"@type":"ImageObject","inLanguage":"cs","@id":"https:\/\/www.exterra-services.cz\/#\/schema\/logo\/image\/","url":"https:\/\/www.exterra-services.cz\/wp-content\/uploads\/2018\/12\/logo.png","contentUrl":"https:\/\/www.exterra-services.cz\/wp-content\/uploads\/2018\/12\/logo.png","width":1280,"height":720,"caption":"exTerra Services s.r.o."},"image":{"@id":"https:\/\/www.exterra-services.cz\/#\/schema\/logo\/image\/"}}]}},"jetpack_sharing_enabled":true,"_links":{"self":[{"href":"https:\/\/www.exterra-services.cz\/index.php\/wp-json\/wp\/v2\/pages\/153","targetHints":{"allow":["GET"]}}],"collection":[{"href":"https:\/\/www.exterra-services.cz\/index.php\/wp-json\/wp\/v2\/pages"}],"about":[{"href":"https:\/\/www.exterra-services.cz\/index.php\/wp-json\/wp\/v2\/types\/page"}],"author":[{"embeddable":true,"href":"https:\/\/www.exterra-services.cz\/index.php\/wp-json\/wp\/v2\/users\/1"}],"replies":[{"embeddable":true,"href":"https:\/\/www.exterra-services.cz\/index.php\/wp-json\/wp\/v2\/comments?post=153"}],"version-history":[{"count":8,"href":"https:\/\/www.exterra-services.cz\/index.php\/wp-json\/wp\/v2\/pages\/153\/revisions"}],"predecessor-version":[{"id":3759,"href":"https:\/\/www.exterra-services.cz\/index.php\/wp-json\/wp\/v2\/pages\/153\/revisions\/3759"}],"wp:attachment":[{"href":"https:\/\/www.exterra-services.cz\/index.php\/wp-json\/wp\/v2\/media?parent=153"}],"curies":[{"name":"wp","href":"https:\/\/api.w.org\/{rel}","templated":true}]}}