{"id":1520,"date":"2019-02-24T12:22:52","date_gmt":"2019-02-24T11:22:52","guid":{"rendered":"http:\/\/www.exterra-services.cz\/?page_id=1520"},"modified":"2025-08-05T17:36:08","modified_gmt":"2025-08-05T15:36:08","slug":"zjistete-platnost-podpory-pro-sve-systemy-aplikace","status":"publish","type":"page","link":"https:\/\/www.exterra-services.cz\/index.php\/zjistete-platnost-podpory-pro-sve-systemy-aplikace\/","title":{"rendered":"Zjist\u011bte platnost podpory pro sv\u00e9 syst\u00e9my\/aplikace"},"content":{"rendered":"\n<h2 class=\"wp-block-heading\" id=\"h-str-nky-v-robc-s-p-ehledem-platnosti-podpory-pro-produkty\">Str\u00e1nky v\u00fdrobc\u016f s p\u0159ehledem platnosti podpory pro produkty<br><\/h2>\n\n\n\n<p>Jako slu\u017ebu pro na\u0161e z\u00e1kazn\u00edky na t\u00e9to str\u00e1nce budeme uv\u00e1d\u011bt odkazy na str\u00e1nky v\u00fdrobc\u016f syst\u00e9m\u016f, aplikac\u00ed a za\u0159\u00edzen\u00ed, kter\u00e9 dod\u00e1v\u00e1me a n\u00e1sledn\u011b i podporujeme. <br><\/p>\n\n\n\n<figure class=\"wp-block-table\"><table><tbody><tr><td><strong>V\u00fdrobce<\/strong><\/td><td><strong>Odkaz na str\u00e1nky podpory<\/strong><\/td><\/tr><tr><td>Bitdefender<\/td><td><a href=\"https:\/\/www.bitdefender.com\/support\/bitdefender-end-of-life-policy-statement-983.html\" target=\"_blank\" rel=\"noreferrer noopener\" aria-label=\"End of Life Policy Statement (otev\u0159e se na nov\u00e9 z\u00e1lo\u017ece)\">End of Life Policy Statement<\/a><\/td><\/tr><tr><td> CentOS <\/td><td>Support &#8220;end of life&#8220; for each CentOS release<\/td><\/tr><tr><td>Cisco<\/td><td><a href=\"https:\/\/www.cisco.com\/c\/en\/us\/products\/eos-eol-listing.html\" target=\"_blank\" rel=\"noreferrer noopener\" aria-label=\"End-of-Sale and End-of-Life Products (otev\u0159e se na nov\u00e9 z\u00e1lo\u017ece)\">End-of-Sale and End-of-Life Products<\/a><\/td><\/tr><tr><td>ESET<\/td><td><a href=\"https:\/\/support.eset.com\/kb3592\/?locale=en_US&amp;viewlocale=sk_SK\" target=\"_blank\" rel=\"noreferrer noopener\" aria-label=\"\u017divotn\u00fd cyklus produktov spolo\u010dnosti ESET (otev\u0159e se na nov\u00e9 z\u00e1lo\u017ece)\">\u017divotn\u00fd cyklus produktov spolo\u010dnosti ESET<\/a><\/td><\/tr><tr><td>IBM<\/td><td><a href=\"https:\/\/www.ibm.com\/support\/pages\/lifecycle\/\" target=\"_blank\" rel=\"noreferrer noopener\">Software lifecycle<\/a><\/td><\/tr><tr><td>Lenovo<\/td><td><a href=\"https:\/\/pcsupport.lenovo.com\/cz\/en\/solutions\/endofservice\" target=\"_blank\" rel=\"noreferrer noopener\" aria-label=\"End of Service Dates for Servers and Storage products (otev\u0159e se na nov\u00e9 z\u00e1lo\u017ece)\">End of Service Dates for Servers and Storage products<\/a> <\/td><\/tr><tr><td>Microsoft<\/td><td><a href=\"https:\/\/support.microsoft.com\/en-us\/lifecycle\/search\" target=\"_blank\" rel=\"noreferrer noopener\" aria-label=\"Search product lifecycle (otev\u0159e se na nov\u00e9 z\u00e1lo\u017ece)\">Search product lifecycle<\/a><\/td><\/tr><tr><td>Open Mesh<\/td><td>Open Mesh End of Life Policy and Product Matrix<\/td><\/tr><tr><td>Oracle<\/td><td><a href=\"https:\/\/support.oracle.com\/knowledge\/Oracle%20Database%20Products\/742060_1.html\" target=\"_blank\" rel=\"noreferrer noopener\" aria-label=\"Release Schedule of Current Database Releases (otev\u0159e se na nov\u00e9 z\u00e1lo\u017ece)\">Release Schedule of Current Database Releases<\/a><\/td><\/tr><tr><td>PostgreSQL<\/td><td><a href=\"https:\/\/www.postgresql.org\/support\/versioning\/\" target=\"_blank\" rel=\"noreferrer noopener\" aria-label=\"Versioning Policy (otev\u0159e se na nov\u00e9 z\u00e1lo\u017ece)\">Versioning Policy<\/a><\/td><\/tr><tr><td>Red Hat<\/td><td><a href=\"https:\/\/access.redhat.com\/support\/policy\/updates\/errata\/\" target=\"_blank\" rel=\"noreferrer noopener\" aria-label=\"RHEL Life Cycle (otev\u0159e se na nov\u00e9 z\u00e1lo\u017ece)\">RHEL Life Cycle<\/a><\/td><\/tr><tr><td>Synology<\/td><td><a href=\"https:\/\/www.synology.com\/en-global\/products\/status\" target=\"_blank\" rel=\"noreferrer noopener\" aria-label=\"Product Support Status (otev\u0159e se na nov\u00e9 z\u00e1lo\u017ece)\">Product Support Status<\/a><\/td><\/tr><tr><td>Veeam<\/td><td><a rel=\"noreferrer noopener\" aria-label=\"Veeam Backup &amp; Replication support for VMware vSphere (otev\u0159e se na nov\u00e9 z\u00e1lo\u017ece)\" href=\"https:\/\/www.veeam.com\/kb2443\" target=\"_blank\">Veeam Backup &amp; Replication support for VMware vSpher<\/a><\/td><\/tr><tr><td> VIPRE Security <\/td><td> <a rel=\"noreferrer noopener\" href=\"https:\/\/success.vipre.com\/ves-cloud\/Resources\/Legal\/VIPRE_Product_Lifecycle_Matrix\" target=\"_blank\">VIPRE Product Lifecycle Matrix<\/a> <\/td><\/tr><tr><td> VMware <\/td><td> Lifecycle Product Matrix <\/td><\/tr><tr><td> ZyXEL <\/td><td> <a rel=\"noreferrer noopener\" href=\"https:\/\/support.zyxel.eu\/hc\/en-us\/articles\/360001287853-Products-and-warranties\" target=\"_blank\">Products and warranties<\/a> <\/td><\/tr><\/tbody><\/table><\/figure>\n\n\n\n<p>V p\u0159\u00edpad\u011b, \u017ee n\u011bkter\u00fd v\u00e1\u0161 syst\u00e9m \u010di aplikace je u\u017e mimo podporu, kontaktujte n\u00e1s a pokus\u00edme se naj\u00edt nejv\u00fdhodn\u011bj\u0161\u00ed \u0159e\u0161en\u00ed na m\u00edru. Ne v\u017edy je nutno kupovat novou verzi produktu, \u010dasto lze potenci\u00e1ln\u00ed bezpe\u010dnostn\u00ed rizika minimalizovat \u010di p\u0159\u00edmo eliminovat technologick\u00fdch \u0159e\u0161en\u00edm.<\/p>\n","protected":false},"excerpt":{"rendered":"<p>Str\u00e1nky v\u00fdrobc\u016f s p\u0159ehledem platnosti podpory pro produkty Jako slu\u017ebu pro na\u0161e z\u00e1kazn\u00edky na t\u00e9to str\u00e1nce budeme uv\u00e1d\u011bt odkazy na str\u00e1nky v\u00fdrobc\u016f syst\u00e9m\u016f, aplikac\u00ed a za\u0159\u00edzen\u00ed, kter\u00e9 dod\u00e1v\u00e1me a n\u00e1sledn\u011b i podporujeme. V\u00fdrobce Odkaz na str\u00e1nky podpory Bitdefender End of Life Policy Statement CentOS Support &#8220;end of life&#8220; for each CentOS release Cisco End-of-Sale and [&hellip;]<\/p>\n","protected":false},"author":1,"featured_media":0,"parent":0,"menu_order":0,"comment_status":"closed","ping_status":"closed","template":"","meta":{"ocean_post_layout":"","ocean_both_sidebars_style":"","ocean_both_sidebars_content_width":0,"ocean_both_sidebars_sidebars_width":0,"ocean_sidebar":"0","ocean_second_sidebar":"0","ocean_disable_margins":"enable","ocean_add_body_class":"","ocean_shortcode_before_top_bar":"","ocean_shortcode_after_top_bar":"","ocean_shortcode_before_header":"","ocean_shortcode_after_header":"","ocean_has_shortcode":"","ocean_shortcode_after_title":"","ocean_shortcode_before_footer_widgets":"","ocean_shortcode_after_footer_widgets":"","ocean_shortcode_before_footer_bottom":"","ocean_shortcode_after_footer_bottom":"","ocean_display_top_bar":"default","ocean_display_header":"default","ocean_header_style":"","ocean_center_header_left_menu":"0","ocean_custom_header_template":"0","ocean_custom_logo":0,"ocean_custom_retina_logo":0,"ocean_custom_logo_max_width":0,"ocean_custom_logo_tablet_max_width":0,"ocean_custom_logo_mobile_max_width":0,"ocean_custom_logo_max_height":0,"ocean_custom_logo_tablet_max_height":0,"ocean_custom_logo_mobile_max_height":0,"ocean_header_custom_menu":"0","ocean_menu_typo_font_family":"0","ocean_menu_typo_font_subset":"","ocean_menu_typo_font_size":0,"ocean_menu_typo_font_size_tablet":0,"ocean_menu_typo_font_size_mobile":0,"ocean_menu_typo_font_size_unit":"px","ocean_menu_typo_font_weight":"","ocean_menu_typo_font_weight_tablet":"","ocean_menu_typo_font_weight_mobile":"","ocean_menu_typo_transform":"","ocean_menu_typo_transform_tablet":"","ocean_menu_typo_transform_mobile":"","ocean_menu_typo_line_height":0,"ocean_menu_typo_line_height_tablet":0,"ocean_menu_typo_line_height_mobile":0,"ocean_menu_typo_line_height_unit":"","ocean_menu_typo_spacing":0,"ocean_menu_typo_spacing_tablet":0,"ocean_menu_typo_spacing_mobile":0,"ocean_menu_typo_spacing_unit":"","ocean_menu_link_color":"","ocean_menu_link_color_hover":"","ocean_menu_link_color_active":"","ocean_menu_link_background":"","ocean_menu_link_hover_background":"","ocean_menu_link_active_background":"","ocean_menu_social_links_bg":"","ocean_menu_social_hover_links_bg":"","ocean_menu_social_links_color":"","ocean_menu_social_hover_links_color":"","ocean_disable_title":"default","ocean_disable_heading":"default","ocean_post_title":"","ocean_post_subheading":"","ocean_post_title_style":"","ocean_post_title_background_color":"","ocean_post_title_background":0,"ocean_post_title_bg_image_position":"","ocean_post_title_bg_image_attachment":"","ocean_post_title_bg_image_repeat":"","ocean_post_title_bg_image_size":"","ocean_post_title_height":0,"ocean_post_title_bg_overlay":0.5,"ocean_post_title_bg_overlay_color":"","ocean_disable_breadcrumbs":"default","ocean_breadcrumbs_color":"","ocean_breadcrumbs_separator_color":"","ocean_breadcrumbs_links_color":"","ocean_breadcrumbs_links_hover_color":"","ocean_display_footer_widgets":"default","ocean_display_footer_bottom":"default","ocean_custom_footer_template":"0","footnotes":""},"class_list":["post-1520","page","type-page","status-publish","hentry","entry"],"yoast_head":"<!-- This site is optimized with the Yoast SEO plugin v27.4 - https:\/\/yoast.com\/product\/yoast-seo-wordpress\/ -->\n<title>Zjist\u011bte platnost podpory pro sv\u00e9 syst\u00e9my\/aplikace &#8226; exTerra Services &#8226; profesion\u00e1ln\u00ed IT \u0159e\u0161en\u00ed<\/title>\n<meta name=\"robots\" content=\"index, follow, max-snippet:-1, max-image-preview:large, max-video-preview:-1\" \/>\n<link rel=\"canonical\" href=\"https:\/\/www.exterra-services.cz\/index.php\/zjistete-platnost-podpory-pro-sve-systemy-aplikace\/\" \/>\n<meta property=\"og:locale\" content=\"cs_CZ\" \/>\n<meta property=\"og:type\" content=\"article\" \/>\n<meta property=\"og:title\" content=\"Zjist\u011bte platnost podpory pro sv\u00e9 syst\u00e9my\/aplikace &#8226; exTerra Services &#8226; profesion\u00e1ln\u00ed IT \u0159e\u0161en\u00ed\" \/>\n<meta property=\"og:description\" content=\"Str\u00e1nky v\u00fdrobc\u016f s p\u0159ehledem platnosti podpory pro produkty Jako slu\u017ebu pro na\u0161e z\u00e1kazn\u00edky na t\u00e9to str\u00e1nce budeme uv\u00e1d\u011bt odkazy na str\u00e1nky v\u00fdrobc\u016f syst\u00e9m\u016f, aplikac\u00ed a za\u0159\u00edzen\u00ed, kter\u00e9 dod\u00e1v\u00e1me a n\u00e1sledn\u011b i podporujeme. V\u00fdrobce Odkaz na str\u00e1nky podpory Bitdefender End of Life Policy Statement CentOS Support &#8220;end of life&#8220; for each CentOS release Cisco End-of-Sale and [&hellip;]\" \/>\n<meta property=\"og:url\" content=\"https:\/\/www.exterra-services.cz\/index.php\/zjistete-platnost-podpory-pro-sve-systemy-aplikace\/\" \/>\n<meta property=\"og:site_name\" content=\"exTerra Services\" \/>\n<meta property=\"article:modified_time\" content=\"2025-08-05T15:36:08+00:00\" \/>\n<meta name=\"twitter:card\" content=\"summary_large_image\" \/>\n<meta name=\"twitter:label1\" content=\"Odhadovan\u00e1 doba \u010dten\u00ed\" \/>\n\t<meta name=\"twitter:data1\" content=\"1 minuta\" \/>\n<script type=\"application\/ld+json\" class=\"yoast-schema-graph\">{\"@context\":\"https:\\\/\\\/schema.org\",\"@graph\":[{\"@type\":\"WebPage\",\"@id\":\"https:\\\/\\\/www.exterra-services.cz\\\/index.php\\\/zjistete-platnost-podpory-pro-sve-systemy-aplikace\\\/\",\"url\":\"https:\\\/\\\/www.exterra-services.cz\\\/index.php\\\/zjistete-platnost-podpory-pro-sve-systemy-aplikace\\\/\",\"name\":\"Zjist\u011bte platnost podpory pro sv\u00e9 syst\u00e9my\\\/aplikace &#8226; exTerra Services &#8226; profesion\u00e1ln\u00ed IT \u0159e\u0161en\u00ed\",\"isPartOf\":{\"@id\":\"https:\\\/\\\/www.exterra-services.cz\\\/#website\"},\"datePublished\":\"2019-02-24T11:22:52+00:00\",\"dateModified\":\"2025-08-05T15:36:08+00:00\",\"breadcrumb\":{\"@id\":\"https:\\\/\\\/www.exterra-services.cz\\\/index.php\\\/zjistete-platnost-podpory-pro-sve-systemy-aplikace\\\/#breadcrumb\"},\"inLanguage\":\"cs\",\"potentialAction\":[{\"@type\":\"ReadAction\",\"target\":[\"https:\\\/\\\/www.exterra-services.cz\\\/index.php\\\/zjistete-platnost-podpory-pro-sve-systemy-aplikace\\\/\"]}]},{\"@type\":\"BreadcrumbList\",\"@id\":\"https:\\\/\\\/www.exterra-services.cz\\\/index.php\\\/zjistete-platnost-podpory-pro-sve-systemy-aplikace\\\/#breadcrumb\",\"itemListElement\":[{\"@type\":\"ListItem\",\"position\":1,\"name\":\"Dom\u016f\",\"item\":\"https:\\\/\\\/www.exterra-services.cz\\\/\"},{\"@type\":\"ListItem\",\"position\":2,\"name\":\"Zjist\u011bte platnost podpory pro sv\u00e9 syst\u00e9my\\\/aplikace\"}]},{\"@type\":\"WebSite\",\"@id\":\"https:\\\/\\\/www.exterra-services.cz\\\/#website\",\"url\":\"https:\\\/\\\/www.exterra-services.cz\\\/\",\"name\":\"exTerra Services\",\"description\":\"profesion\u00e1ln\u00ed IT \u0159e\u0161en\u00ed\",\"publisher\":{\"@id\":\"https:\\\/\\\/www.exterra-services.cz\\\/#organization\"},\"potentialAction\":[{\"@type\":\"SearchAction\",\"target\":{\"@type\":\"EntryPoint\",\"urlTemplate\":\"https:\\\/\\\/www.exterra-services.cz\\\/?s={search_term_string}\"},\"query-input\":{\"@type\":\"PropertyValueSpecification\",\"valueRequired\":true,\"valueName\":\"search_term_string\"}}],\"inLanguage\":\"cs\"},{\"@type\":\"Organization\",\"@id\":\"https:\\\/\\\/www.exterra-services.cz\\\/#organization\",\"name\":\"exTerra Services s.r.o.\",\"url\":\"https:\\\/\\\/www.exterra-services.cz\\\/\",\"logo\":{\"@type\":\"ImageObject\",\"inLanguage\":\"cs\",\"@id\":\"https:\\\/\\\/www.exterra-services.cz\\\/#\\\/schema\\\/logo\\\/image\\\/\",\"url\":\"https:\\\/\\\/www.exterra-services.cz\\\/wp-content\\\/uploads\\\/2018\\\/12\\\/logo.png\",\"contentUrl\":\"https:\\\/\\\/www.exterra-services.cz\\\/wp-content\\\/uploads\\\/2018\\\/12\\\/logo.png\",\"width\":1280,\"height\":720,\"caption\":\"exTerra Services s.r.o.\"},\"image\":{\"@id\":\"https:\\\/\\\/www.exterra-services.cz\\\/#\\\/schema\\\/logo\\\/image\\\/\"}}]}<\/script>\n<!-- \/ Yoast SEO plugin. -->","yoast_head_json":{"title":"Zjist\u011bte platnost podpory pro sv\u00e9 syst\u00e9my\/aplikace &#8226; exTerra Services &#8226; profesion\u00e1ln\u00ed IT \u0159e\u0161en\u00ed","robots":{"index":"index","follow":"follow","max-snippet":"max-snippet:-1","max-image-preview":"max-image-preview:large","max-video-preview":"max-video-preview:-1"},"canonical":"https:\/\/www.exterra-services.cz\/index.php\/zjistete-platnost-podpory-pro-sve-systemy-aplikace\/","og_locale":"cs_CZ","og_type":"article","og_title":"Zjist\u011bte platnost podpory pro sv\u00e9 syst\u00e9my\/aplikace &#8226; exTerra Services &#8226; profesion\u00e1ln\u00ed IT \u0159e\u0161en\u00ed","og_description":"Str\u00e1nky v\u00fdrobc\u016f s p\u0159ehledem platnosti podpory pro produkty Jako slu\u017ebu pro na\u0161e z\u00e1kazn\u00edky na t\u00e9to str\u00e1nce budeme uv\u00e1d\u011bt odkazy na str\u00e1nky v\u00fdrobc\u016f syst\u00e9m\u016f, aplikac\u00ed a za\u0159\u00edzen\u00ed, kter\u00e9 dod\u00e1v\u00e1me a n\u00e1sledn\u011b i podporujeme. V\u00fdrobce Odkaz na str\u00e1nky podpory Bitdefender End of Life Policy Statement CentOS Support &#8220;end of life&#8220; for each CentOS release Cisco End-of-Sale and [&hellip;]","og_url":"https:\/\/www.exterra-services.cz\/index.php\/zjistete-platnost-podpory-pro-sve-systemy-aplikace\/","og_site_name":"exTerra Services","article_modified_time":"2025-08-05T15:36:08+00:00","twitter_card":"summary_large_image","twitter_misc":{"Odhadovan\u00e1 doba \u010dten\u00ed":"1 minuta"},"schema":{"@context":"https:\/\/schema.org","@graph":[{"@type":"WebPage","@id":"https:\/\/www.exterra-services.cz\/index.php\/zjistete-platnost-podpory-pro-sve-systemy-aplikace\/","url":"https:\/\/www.exterra-services.cz\/index.php\/zjistete-platnost-podpory-pro-sve-systemy-aplikace\/","name":"Zjist\u011bte platnost podpory pro sv\u00e9 syst\u00e9my\/aplikace &#8226; exTerra Services &#8226; profesion\u00e1ln\u00ed IT \u0159e\u0161en\u00ed","isPartOf":{"@id":"https:\/\/www.exterra-services.cz\/#website"},"datePublished":"2019-02-24T11:22:52+00:00","dateModified":"2025-08-05T15:36:08+00:00","breadcrumb":{"@id":"https:\/\/www.exterra-services.cz\/index.php\/zjistete-platnost-podpory-pro-sve-systemy-aplikace\/#breadcrumb"},"inLanguage":"cs","potentialAction":[{"@type":"ReadAction","target":["https:\/\/www.exterra-services.cz\/index.php\/zjistete-platnost-podpory-pro-sve-systemy-aplikace\/"]}]},{"@type":"BreadcrumbList","@id":"https:\/\/www.exterra-services.cz\/index.php\/zjistete-platnost-podpory-pro-sve-systemy-aplikace\/#breadcrumb","itemListElement":[{"@type":"ListItem","position":1,"name":"Dom\u016f","item":"https:\/\/www.exterra-services.cz\/"},{"@type":"ListItem","position":2,"name":"Zjist\u011bte platnost podpory pro sv\u00e9 syst\u00e9my\/aplikace"}]},{"@type":"WebSite","@id":"https:\/\/www.exterra-services.cz\/#website","url":"https:\/\/www.exterra-services.cz\/","name":"exTerra Services","description":"profesion\u00e1ln\u00ed IT \u0159e\u0161en\u00ed","publisher":{"@id":"https:\/\/www.exterra-services.cz\/#organization"},"potentialAction":[{"@type":"SearchAction","target":{"@type":"EntryPoint","urlTemplate":"https:\/\/www.exterra-services.cz\/?s={search_term_string}"},"query-input":{"@type":"PropertyValueSpecification","valueRequired":true,"valueName":"search_term_string"}}],"inLanguage":"cs"},{"@type":"Organization","@id":"https:\/\/www.exterra-services.cz\/#organization","name":"exTerra Services s.r.o.","url":"https:\/\/www.exterra-services.cz\/","logo":{"@type":"ImageObject","inLanguage":"cs","@id":"https:\/\/www.exterra-services.cz\/#\/schema\/logo\/image\/","url":"https:\/\/www.exterra-services.cz\/wp-content\/uploads\/2018\/12\/logo.png","contentUrl":"https:\/\/www.exterra-services.cz\/wp-content\/uploads\/2018\/12\/logo.png","width":1280,"height":720,"caption":"exTerra Services s.r.o."},"image":{"@id":"https:\/\/www.exterra-services.cz\/#\/schema\/logo\/image\/"}}]}},"jetpack_sharing_enabled":true,"_links":{"self":[{"href":"https:\/\/www.exterra-services.cz\/index.php\/wp-json\/wp\/v2\/pages\/1520","targetHints":{"allow":["GET"]}}],"collection":[{"href":"https:\/\/www.exterra-services.cz\/index.php\/wp-json\/wp\/v2\/pages"}],"about":[{"href":"https:\/\/www.exterra-services.cz\/index.php\/wp-json\/wp\/v2\/types\/page"}],"author":[{"embeddable":true,"href":"https:\/\/www.exterra-services.cz\/index.php\/wp-json\/wp\/v2\/users\/1"}],"replies":[{"embeddable":true,"href":"https:\/\/www.exterra-services.cz\/index.php\/wp-json\/wp\/v2\/comments?post=1520"}],"version-history":[{"count":4,"href":"https:\/\/www.exterra-services.cz\/index.php\/wp-json\/wp\/v2\/pages\/1520\/revisions"}],"predecessor-version":[{"id":4901,"href":"https:\/\/www.exterra-services.cz\/index.php\/wp-json\/wp\/v2\/pages\/1520\/revisions\/4901"}],"wp:attachment":[{"href":"https:\/\/www.exterra-services.cz\/index.php\/wp-json\/wp\/v2\/media?parent=1520"}],"curies":[{"name":"wp","href":"https:\/\/api.w.org\/{rel}","templated":true}]}}