{"id":149,"date":"2018-12-03T18:04:34","date_gmt":"2018-12-03T17:04:34","guid":{"rendered":"http:\/\/192.168.156.19\/?page_id=149"},"modified":"2024-07-24T12:17:59","modified_gmt":"2024-07-24T10:17:59","slug":"linux-a-open-source","status":"publish","type":"page","link":"https:\/\/www.exterra-services.cz\/index.php\/linux-a-open-source\/","title":{"rendered":"Linux a Open Source"},"content":{"rendered":"\t\t<div data-elementor-type=\"wp-page\" data-elementor-id=\"149\" class=\"elementor elementor-149\">\n\t\t\t\t\t\t<section class=\"elementor-section elementor-top-section elementor-element elementor-element-4b6d4e9f elementor-section-boxed elementor-section-height-default elementor-section-height-default\" data-id=\"4b6d4e9f\" data-element_type=\"section\" data-e-type=\"section\">\n\t\t\t\t\t\t<div class=\"elementor-container elementor-column-gap-default\">\n\t\t\t\t\t<div class=\"elementor-column elementor-col-100 elementor-top-column elementor-element elementor-element-1cc9ef3e\" data-id=\"1cc9ef3e\" data-element_type=\"column\" data-e-type=\"column\">\n\t\t\t<div class=\"elementor-widget-wrap elementor-element-populated\">\n\t\t\t\t\t\t<div class=\"elementor-element elementor-element-638264b3 elementor-widget elementor-widget-text-editor\" data-id=\"638264b3\" data-element_type=\"widget\" data-e-type=\"widget\" data-widget_type=\"text-editor.default\">\n\t\t\t\t<div class=\"elementor-widget-container\">\n\t\t\t\t\t\t\t\t\t<p><span style=\"color: #000000;\"><\/span><\/p>\n<h4><span style=\"color: #000000;\"><strong>Pro\u010d Linux a Open Source?<\/strong><\/span><\/h4>\n<p><span style=\"color: #000000;\">V oblastech, kde to pro konkr\u00e9tn\u00ed situaci u konkr\u00e9tn\u00edho z\u00e1kazn\u00edka d\u00e1v\u00e1 technologicky i ekonomicky smysl, nev\u00e1h\u00e1me pou\u017e\u00edt n\u011bkter\u00fd z osv\u011bd\u010den\u00fdch projekt\u016f z oblasti otev\u0159en\u00e9ho software. D\u016fle\u017eit\u00fdm hlediskem je roz\u0161\u00ed\u0159en\u00ed, podpora dal\u0161\u00edch (i kome\u010dn\u00edch) subjekt\u016f, \u00a0na\u0161e zku\u0161enost s dan\u00fdm \u0159e\u0161en\u00edm a podpora komunity u\u017eivatel\u016f.<\/span><\/p>\n<p><span style=\"color: #000000;\"><\/span><\/p>\n<h5 style=\"padding-left: 40px;\"><strong><span style=\"color: #000000;\">Produkty a \u0159e\u0161en\u00ed:\u00a0<\/span><\/strong><\/h5>\n<ul>\n<li style=\"list-style-type: none;\">\n<ul>\n<li style=\"list-style-type: none;\">\n<ul>\n<li><strong>Red Hat Enterprise Linux, CentOS Stream, Rocky Linux<\/strong><\/li>\n<li><strong><a href=\"https:\/\/nextcloud.com\/\">Nextcloud<\/a><\/strong><\/li>\n<li><strong>Apache<\/strong><\/li>\n<li><strong>Centreon<\/strong><\/li>\n<li><strong>WordPress<\/strong><\/li>\n<\/ul>\n<\/li>\n<\/ul>\n<\/li>\n<\/ul>\n<p><span style=\"color: #000000;\"><\/span><\/p>\n<h4><span style=\"color: #000000;\"><strong>V\u00fdhody pro z\u00e1kazn\u00edka:<\/strong><\/span><\/h4>\n<p><span style=\"color: #000000;\"><\/span><\/p>\n<ul class=\"wp-block-list\">\n<li><span style=\"color: #000000;\">nulov\u00e9 n\u00e1klady na licence software<\/span><\/li>\n<li><span style=\"color: #000000;\">stabilita \u0159e\u0161en\u00ed<\/span><\/li>\n<li><span style=\"color: #000000;\">nen\u00e1ro\u010dnost na syst\u00e9mov\u00e9 zdroje a souvisej\u00edc\u00ed licence (nap\u0159. OS Windows Server)<\/span><\/li>\n<li><span style=\"color: #000000;\">\u0161irok\u00e1 podpora u\u017eivatelsk\u00e9 komunity<\/span><\/li>\n<li><span style=\"color: #000000;\">podpora t\u0159et\u00edch stran (i komer\u010dn\u00edch)<\/span><\/li>\n<\/ul>\n<p><span style=\"color: #000000;\"><\/span><\/p>\n<h4><span style=\"color: #000000;\"><strong>Oblasti \u0159e\u0161en\u00ed a produkty:<\/strong><\/span><\/h4>\n<p><span style=\"color: #000000;\"><\/span><\/p>\n<ul class=\"wp-block-list\">\n<li><span style=\"color: #000000;\"><strong>Administrace syst\u00e9m\u016f s OS Linux<\/strong> &#8211; zaji\u0161\u0165ujeme instalaci a spr\u00e1vu server\u016f s OS Linux. Preferujeme distribuci Red Hat Enterprise Linux a jej\u00ed voln\u011b \u0161i\u0159iteln\u00e9 klony\u00a0<\/span><a href=\"https:\/\/centos.org\/\" target=\"_blank\" rel=\"noopener\">CentOS<\/a><span style=\"color: #000000;\">\/<\/span><a href=\"https:\/\/rockylinux.org\/\" target=\"_blank\" rel=\"noopener\">Rocky Linux<\/a><span style=\"color: #000000;\">, kter\u00e9 jako z\u00e1klad pro dal\u0161\u00ed \u0159e\u0161en\u00ed preferuj\u00ed i velc\u00ed softwarov\u00ed v\u00fdrobci &#8211; IBM, Oracle, Sun.<\/span><\/li>\n<li><span style=\"color: #000000;\"><strong>\u0158e\u0161en\u00ed na b\u00e1zi OpenSource<\/strong> &#8211; navrhujeme \u0159e\u0161en\u00ed postaven\u00e1 na opera\u010dn\u00edm syst\u00e9mu Linux a dal\u0161\u00edch OpenSource projektech. Jedn\u00e1 se zejm\u00e9na o \u0159e\u0161en\u00ed z oblasti bezpe\u010dnosti (firewall, IDS), obsahov\u00e9 a antivirov\u00e9 kontroly (Squid, ClamAV, MailScanner) a \u0159e\u0161en\u00ed monitoringu s\u00edt\u00ed a infrastruktur (Centreon).<\/span><\/li>\n<\/ul>\n<p><span style=\"color: #000000;\"><\/span><\/p>\t\t\t\t\t\t\t\t<\/div>\n\t\t\t\t<\/div>\n\t\t\t\t\t<\/div>\n\t\t<\/div>\n\t\t\t\t\t<\/div>\n\t\t<\/section>\n\t\t\t\t<\/div>\n\t\t","protected":false},"excerpt":{"rendered":"<p>Pro\u010d Linux a Open Source? V oblastech, kde to pro konkr\u00e9tn\u00ed situaci u konkr\u00e9tn\u00edho z\u00e1kazn\u00edka d\u00e1v\u00e1 technologicky i ekonomicky smysl, nev\u00e1h\u00e1me pou\u017e\u00edt n\u011bkter\u00fd z osv\u011bd\u010den\u00fdch projekt\u016f z oblasti otev\u0159en\u00e9ho software. D\u016fle\u017eit\u00fdm hlediskem je roz\u0161\u00ed\u0159en\u00ed, podpora dal\u0161\u00edch (i kome\u010dn\u00edch) subjekt\u016f, \u00a0na\u0161e zku\u0161enost s dan\u00fdm \u0159e\u0161en\u00edm a podpora komunity u\u017eivatel\u016f. nulov\u00e9 n\u00e1klady na licence software stabilita \u0159e\u0161en\u00ed [&hellip;]<\/p>\n","protected":false},"author":1,"featured_media":0,"parent":0,"menu_order":0,"comment_status":"closed","ping_status":"closed","template":"","meta":{"ocean_post_layout":"","ocean_both_sidebars_style":"","ocean_both_sidebars_content_width":0,"ocean_both_sidebars_sidebars_width":0,"ocean_sidebar":"0","ocean_second_sidebar":"0","ocean_disable_margins":"enable","ocean_add_body_class":"","ocean_shortcode_before_top_bar":"","ocean_shortcode_after_top_bar":"","ocean_shortcode_before_header":"","ocean_shortcode_after_header":"","ocean_has_shortcode":"","ocean_shortcode_after_title":"","ocean_shortcode_before_footer_widgets":"","ocean_shortcode_after_footer_widgets":"","ocean_shortcode_before_footer_bottom":"","ocean_shortcode_after_footer_bottom":"","ocean_display_top_bar":"default","ocean_display_header":"default","ocean_header_style":"","ocean_center_header_left_menu":"0","ocean_custom_header_template":"0","ocean_custom_logo":0,"ocean_custom_retina_logo":0,"ocean_custom_logo_max_width":0,"ocean_custom_logo_tablet_max_width":0,"ocean_custom_logo_mobile_max_width":0,"ocean_custom_logo_max_height":0,"ocean_custom_logo_tablet_max_height":0,"ocean_custom_logo_mobile_max_height":0,"ocean_header_custom_menu":"0","ocean_menu_typo_font_family":"0","ocean_menu_typo_font_subset":"","ocean_menu_typo_font_size":0,"ocean_menu_typo_font_size_tablet":0,"ocean_menu_typo_font_size_mobile":0,"ocean_menu_typo_font_size_unit":"px","ocean_menu_typo_font_weight":"","ocean_menu_typo_font_weight_tablet":"","ocean_menu_typo_font_weight_mobile":"","ocean_menu_typo_transform":"","ocean_menu_typo_transform_tablet":"","ocean_menu_typo_transform_mobile":"","ocean_menu_typo_line_height":0,"ocean_menu_typo_line_height_tablet":0,"ocean_menu_typo_line_height_mobile":0,"ocean_menu_typo_line_height_unit":"","ocean_menu_typo_spacing":0,"ocean_menu_typo_spacing_tablet":0,"ocean_menu_typo_spacing_mobile":0,"ocean_menu_typo_spacing_unit":"","ocean_menu_link_color":"","ocean_menu_link_color_hover":"","ocean_menu_link_color_active":"","ocean_menu_link_background":"","ocean_menu_link_hover_background":"","ocean_menu_link_active_background":"","ocean_menu_social_links_bg":"","ocean_menu_social_hover_links_bg":"","ocean_menu_social_links_color":"","ocean_menu_social_hover_links_color":"","ocean_disable_title":"default","ocean_disable_heading":"default","ocean_post_title":"","ocean_post_subheading":"","ocean_post_title_style":"","ocean_post_title_background_color":"","ocean_post_title_background":0,"ocean_post_title_bg_image_position":"","ocean_post_title_bg_image_attachment":"","ocean_post_title_bg_image_repeat":"","ocean_post_title_bg_image_size":"","ocean_post_title_height":0,"ocean_post_title_bg_overlay":0.5,"ocean_post_title_bg_overlay_color":"","ocean_disable_breadcrumbs":"default","ocean_breadcrumbs_color":"","ocean_breadcrumbs_separator_color":"","ocean_breadcrumbs_links_color":"","ocean_breadcrumbs_links_hover_color":"","ocean_display_footer_widgets":"default","ocean_display_footer_bottom":"default","ocean_custom_footer_template":"0","footnotes":""},"class_list":["post-149","page","type-page","status-publish","hentry","entry"],"yoast_head":"<!-- This site is optimized with the Yoast SEO plugin v27.4 - https:\/\/yoast.com\/product\/yoast-seo-wordpress\/ -->\n<title>Linux a Open Source &#8226; exTerra Services &#8226; profesion\u00e1ln\u00ed IT \u0159e\u0161en\u00ed<\/title>\n<meta name=\"robots\" content=\"index, follow, max-snippet:-1, max-image-preview:large, max-video-preview:-1\" \/>\n<link rel=\"canonical\" href=\"https:\/\/www.exterra-services.cz\/index.php\/linux-a-open-source\/\" \/>\n<meta property=\"og:locale\" content=\"cs_CZ\" \/>\n<meta property=\"og:type\" content=\"article\" \/>\n<meta property=\"og:title\" content=\"Linux a Open Source &#8226; exTerra Services &#8226; profesion\u00e1ln\u00ed IT \u0159e\u0161en\u00ed\" \/>\n<meta property=\"og:description\" content=\"Pro\u010d Linux a Open Source? V oblastech, kde to pro konkr\u00e9tn\u00ed situaci u konkr\u00e9tn\u00edho z\u00e1kazn\u00edka d\u00e1v\u00e1 technologicky i ekonomicky smysl, nev\u00e1h\u00e1me pou\u017e\u00edt n\u011bkter\u00fd z osv\u011bd\u010den\u00fdch projekt\u016f z oblasti otev\u0159en\u00e9ho software. D\u016fle\u017eit\u00fdm hlediskem je roz\u0161\u00ed\u0159en\u00ed, podpora dal\u0161\u00edch (i kome\u010dn\u00edch) subjekt\u016f, \u00a0na\u0161e zku\u0161enost s dan\u00fdm \u0159e\u0161en\u00edm a podpora komunity u\u017eivatel\u016f. nulov\u00e9 n\u00e1klady na licence software stabilita \u0159e\u0161en\u00ed [&hellip;]\" \/>\n<meta property=\"og:url\" content=\"https:\/\/www.exterra-services.cz\/index.php\/linux-a-open-source\/\" \/>\n<meta property=\"og:site_name\" content=\"exTerra Services\" \/>\n<meta property=\"article:modified_time\" content=\"2024-07-24T10:17:59+00:00\" \/>\n<meta name=\"twitter:card\" content=\"summary_large_image\" \/>\n<meta name=\"twitter:label1\" content=\"Odhadovan\u00e1 doba \u010dten\u00ed\" \/>\n\t<meta name=\"twitter:data1\" content=\"1 minuta\" \/>\n<script type=\"application\/ld+json\" class=\"yoast-schema-graph\">{\"@context\":\"https:\\\/\\\/schema.org\",\"@graph\":[{\"@type\":\"WebPage\",\"@id\":\"https:\\\/\\\/www.exterra-services.cz\\\/index.php\\\/linux-a-open-source\\\/\",\"url\":\"https:\\\/\\\/www.exterra-services.cz\\\/index.php\\\/linux-a-open-source\\\/\",\"name\":\"Linux a Open Source &#8226; exTerra Services &#8226; profesion\u00e1ln\u00ed IT \u0159e\u0161en\u00ed\",\"isPartOf\":{\"@id\":\"https:\\\/\\\/www.exterra-services.cz\\\/#website\"},\"datePublished\":\"2018-12-03T17:04:34+00:00\",\"dateModified\":\"2024-07-24T10:17:59+00:00\",\"breadcrumb\":{\"@id\":\"https:\\\/\\\/www.exterra-services.cz\\\/index.php\\\/linux-a-open-source\\\/#breadcrumb\"},\"inLanguage\":\"cs\",\"potentialAction\":[{\"@type\":\"ReadAction\",\"target\":[\"https:\\\/\\\/www.exterra-services.cz\\\/index.php\\\/linux-a-open-source\\\/\"]}]},{\"@type\":\"BreadcrumbList\",\"@id\":\"https:\\\/\\\/www.exterra-services.cz\\\/index.php\\\/linux-a-open-source\\\/#breadcrumb\",\"itemListElement\":[{\"@type\":\"ListItem\",\"position\":1,\"name\":\"Dom\u016f\",\"item\":\"https:\\\/\\\/www.exterra-services.cz\\\/\"},{\"@type\":\"ListItem\",\"position\":2,\"name\":\"Linux a Open Source\"}]},{\"@type\":\"WebSite\",\"@id\":\"https:\\\/\\\/www.exterra-services.cz\\\/#website\",\"url\":\"https:\\\/\\\/www.exterra-services.cz\\\/\",\"name\":\"exTerra Services\",\"description\":\"profesion\u00e1ln\u00ed IT \u0159e\u0161en\u00ed\",\"publisher\":{\"@id\":\"https:\\\/\\\/www.exterra-services.cz\\\/#organization\"},\"potentialAction\":[{\"@type\":\"SearchAction\",\"target\":{\"@type\":\"EntryPoint\",\"urlTemplate\":\"https:\\\/\\\/www.exterra-services.cz\\\/?s={search_term_string}\"},\"query-input\":{\"@type\":\"PropertyValueSpecification\",\"valueRequired\":true,\"valueName\":\"search_term_string\"}}],\"inLanguage\":\"cs\"},{\"@type\":\"Organization\",\"@id\":\"https:\\\/\\\/www.exterra-services.cz\\\/#organization\",\"name\":\"exTerra Services s.r.o.\",\"url\":\"https:\\\/\\\/www.exterra-services.cz\\\/\",\"logo\":{\"@type\":\"ImageObject\",\"inLanguage\":\"cs\",\"@id\":\"https:\\\/\\\/www.exterra-services.cz\\\/#\\\/schema\\\/logo\\\/image\\\/\",\"url\":\"https:\\\/\\\/www.exterra-services.cz\\\/wp-content\\\/uploads\\\/2018\\\/12\\\/logo.png\",\"contentUrl\":\"https:\\\/\\\/www.exterra-services.cz\\\/wp-content\\\/uploads\\\/2018\\\/12\\\/logo.png\",\"width\":1280,\"height\":720,\"caption\":\"exTerra Services s.r.o.\"},\"image\":{\"@id\":\"https:\\\/\\\/www.exterra-services.cz\\\/#\\\/schema\\\/logo\\\/image\\\/\"}}]}<\/script>\n<!-- \/ Yoast SEO plugin. -->","yoast_head_json":{"title":"Linux a Open Source &#8226; exTerra Services &#8226; profesion\u00e1ln\u00ed IT \u0159e\u0161en\u00ed","robots":{"index":"index","follow":"follow","max-snippet":"max-snippet:-1","max-image-preview":"max-image-preview:large","max-video-preview":"max-video-preview:-1"},"canonical":"https:\/\/www.exterra-services.cz\/index.php\/linux-a-open-source\/","og_locale":"cs_CZ","og_type":"article","og_title":"Linux a Open Source &#8226; exTerra Services &#8226; profesion\u00e1ln\u00ed IT \u0159e\u0161en\u00ed","og_description":"Pro\u010d Linux a Open Source? V oblastech, kde to pro konkr\u00e9tn\u00ed situaci u konkr\u00e9tn\u00edho z\u00e1kazn\u00edka d\u00e1v\u00e1 technologicky i ekonomicky smysl, nev\u00e1h\u00e1me pou\u017e\u00edt n\u011bkter\u00fd z osv\u011bd\u010den\u00fdch projekt\u016f z oblasti otev\u0159en\u00e9ho software. D\u016fle\u017eit\u00fdm hlediskem je roz\u0161\u00ed\u0159en\u00ed, podpora dal\u0161\u00edch (i kome\u010dn\u00edch) subjekt\u016f, \u00a0na\u0161e zku\u0161enost s dan\u00fdm \u0159e\u0161en\u00edm a podpora komunity u\u017eivatel\u016f. nulov\u00e9 n\u00e1klady na licence software stabilita \u0159e\u0161en\u00ed [&hellip;]","og_url":"https:\/\/www.exterra-services.cz\/index.php\/linux-a-open-source\/","og_site_name":"exTerra Services","article_modified_time":"2024-07-24T10:17:59+00:00","twitter_card":"summary_large_image","twitter_misc":{"Odhadovan\u00e1 doba \u010dten\u00ed":"1 minuta"},"schema":{"@context":"https:\/\/schema.org","@graph":[{"@type":"WebPage","@id":"https:\/\/www.exterra-services.cz\/index.php\/linux-a-open-source\/","url":"https:\/\/www.exterra-services.cz\/index.php\/linux-a-open-source\/","name":"Linux a Open Source &#8226; exTerra Services &#8226; profesion\u00e1ln\u00ed IT \u0159e\u0161en\u00ed","isPartOf":{"@id":"https:\/\/www.exterra-services.cz\/#website"},"datePublished":"2018-12-03T17:04:34+00:00","dateModified":"2024-07-24T10:17:59+00:00","breadcrumb":{"@id":"https:\/\/www.exterra-services.cz\/index.php\/linux-a-open-source\/#breadcrumb"},"inLanguage":"cs","potentialAction":[{"@type":"ReadAction","target":["https:\/\/www.exterra-services.cz\/index.php\/linux-a-open-source\/"]}]},{"@type":"BreadcrumbList","@id":"https:\/\/www.exterra-services.cz\/index.php\/linux-a-open-source\/#breadcrumb","itemListElement":[{"@type":"ListItem","position":1,"name":"Dom\u016f","item":"https:\/\/www.exterra-services.cz\/"},{"@type":"ListItem","position":2,"name":"Linux a Open Source"}]},{"@type":"WebSite","@id":"https:\/\/www.exterra-services.cz\/#website","url":"https:\/\/www.exterra-services.cz\/","name":"exTerra Services","description":"profesion\u00e1ln\u00ed IT \u0159e\u0161en\u00ed","publisher":{"@id":"https:\/\/www.exterra-services.cz\/#organization"},"potentialAction":[{"@type":"SearchAction","target":{"@type":"EntryPoint","urlTemplate":"https:\/\/www.exterra-services.cz\/?s={search_term_string}"},"query-input":{"@type":"PropertyValueSpecification","valueRequired":true,"valueName":"search_term_string"}}],"inLanguage":"cs"},{"@type":"Organization","@id":"https:\/\/www.exterra-services.cz\/#organization","name":"exTerra Services s.r.o.","url":"https:\/\/www.exterra-services.cz\/","logo":{"@type":"ImageObject","inLanguage":"cs","@id":"https:\/\/www.exterra-services.cz\/#\/schema\/logo\/image\/","url":"https:\/\/www.exterra-services.cz\/wp-content\/uploads\/2018\/12\/logo.png","contentUrl":"https:\/\/www.exterra-services.cz\/wp-content\/uploads\/2018\/12\/logo.png","width":1280,"height":720,"caption":"exTerra Services s.r.o."},"image":{"@id":"https:\/\/www.exterra-services.cz\/#\/schema\/logo\/image\/"}}]}},"jetpack_sharing_enabled":true,"_links":{"self":[{"href":"https:\/\/www.exterra-services.cz\/index.php\/wp-json\/wp\/v2\/pages\/149","targetHints":{"allow":["GET"]}}],"collection":[{"href":"https:\/\/www.exterra-services.cz\/index.php\/wp-json\/wp\/v2\/pages"}],"about":[{"href":"https:\/\/www.exterra-services.cz\/index.php\/wp-json\/wp\/v2\/types\/page"}],"author":[{"embeddable":true,"href":"https:\/\/www.exterra-services.cz\/index.php\/wp-json\/wp\/v2\/users\/1"}],"replies":[{"embeddable":true,"href":"https:\/\/www.exterra-services.cz\/index.php\/wp-json\/wp\/v2\/comments?post=149"}],"version-history":[{"count":6,"href":"https:\/\/www.exterra-services.cz\/index.php\/wp-json\/wp\/v2\/pages\/149\/revisions"}],"predecessor-version":[{"id":4518,"href":"https:\/\/www.exterra-services.cz\/index.php\/wp-json\/wp\/v2\/pages\/149\/revisions\/4518"}],"wp:attachment":[{"href":"https:\/\/www.exterra-services.cz\/index.php\/wp-json\/wp\/v2\/media?parent=149"}],"curies":[{"name":"wp","href":"https:\/\/api.w.org\/{rel}","templated":true}]}}