{"id":143,"date":"2018-12-03T18:02:03","date_gmt":"2018-12-03T17:02:03","guid":{"rendered":"http:\/\/192.168.156.19\/?page_id=143"},"modified":"2021-09-06T18:32:48","modified_gmt":"2021-09-06T16:32:48","slug":"manageengine","status":"publish","type":"page","link":"https:\/\/www.exterra-services.cz\/index.php\/manageengine\/","title":{"rendered":"ManageEngine"},"content":{"rendered":"\t\t<div data-elementor-type=\"wp-page\" data-elementor-id=\"143\" class=\"elementor elementor-143\">\n\t\t\t\t\t\t<section class=\"elementor-section elementor-top-section elementor-element elementor-element-3ef21e72 elementor-section-boxed elementor-section-height-default elementor-section-height-default\" data-id=\"3ef21e72\" data-element_type=\"section\" data-e-type=\"section\">\n\t\t\t\t\t\t<div class=\"elementor-container elementor-column-gap-default\">\n\t\t\t\t\t<div class=\"elementor-column elementor-col-100 elementor-top-column elementor-element elementor-element-31b42d46\" data-id=\"31b42d46\" data-element_type=\"column\" data-e-type=\"column\">\n\t\t\t<div class=\"elementor-widget-wrap elementor-element-populated\">\n\t\t\t\t\t\t<div class=\"elementor-element elementor-element-4f54b31c elementor-widget elementor-widget-text-editor\" data-id=\"4f54b31c\" data-element_type=\"widget\" data-e-type=\"widget\" data-widget_type=\"text-editor.default\">\n\t\t\t\t<div class=\"elementor-widget-container\">\n\t\t\t\t\t\t\t\t\t<h3><span style=\"color: #000000;\"><strong>Pro\u010d ManageEngine?<\/strong><\/span><\/h3>\n<p><span style=\"color: #000000;\"><\/span><\/p>\n<p><span style=\"color: #000000;\">Spole\u010dnost <a style=\"color: #000000;\" href=\"https:\/\/www.manageengine.com\/\" target=\"_blank\" rel=\"noreferrer noopener\">ManageEngine<\/a> vyv\u00edj\u00ed n\u00e1stroje pro zjednodu\u0161en\u00ed spr\u00e1vy IT v mal\u00fdch a st\u0159edn\u00edch podnic\u00edch. V\u00edce ne\u017e 120.000 z\u00e1kazn\u00edk\u016f na cel\u00e9m sv\u011bt\u011b pou\u017e\u00edv\u00e1 na\u0161e n\u00e1stroje pro spr\u00e1vu s\u00edt\u00ed, datov\u00fdch center, aplikac\u00ed, \u0159\u00edzen\u00ed IT slu\u017eeb a bezpe\u010dnosti. Dal\u0161\u00edch 300.000 administr\u00e1tor\u016f pou\u017e\u00edv\u00e1 n\u00e1stroje uvoln\u011bn\u00e9 zdarma nebo bezplatn\u00e9 edice produkt\u016f ManageEngine.<\/span><\/p>\n<p><span style=\"color: #000000;\"><\/span><\/p>\n<p><span style=\"color: #000000;\">Krom\u011b n\u00e1stroj\u016f pro on-premise syst\u00e9my nab\u00edz\u00ed ManageEngine n\u00e1stroje pro cloudov\u00e1 prost\u0159ed\u00ed Microsoft365. Na\u0161e spole\u010dnost je partnerem firmy ManageEngine a nasazuje a podporuje nab\u00edzen\u00e1 \u0159e\u0161en\u00ed.<\/span><\/p>\n<p><span style=\"color: #000000;\"><\/span><\/p>\n<h4><span style=\"color: #000000;\"><strong>V\u00fdhody pro z\u00e1kazn\u00edka:<\/strong><\/span><\/h4>\n<ul>\n<li><span style=\"color: #000000;\">ihned ke sta\u017een\u00ed na webu v\u00fdrobce<\/span><\/li>\n<li><span style=\"color: #000000;\">snadn\u00e1 instalace a nasazen\u00ed<\/span><\/li>\n<li><span style=\"color: #000000;\">intuitivn\u00ed konfigurace<\/span><\/li>\n<li><span style=\"color: #000000;\">technick\u00e1 podpora (i pro bezplatn\u00e9 verze)<\/span><\/li>\n<li><span style=\"color: #000000;\">celosv\u011btov\u00e1 s\u00ed\u0165 v\u00edce ne\u017e 200 partner\u016f a prodejc\u016f<\/span><\/li>\n<li><span style=\"color: #000000;\">v\u00edcejazy\u010dnost &#8211; podpora 29 jazyk\u016f<\/span><\/li>\n<\/ul>\n<p><span style=\"color: #000000;\">Celou sadu u\u017eite\u010dn\u00fdch n\u00e1stroj\u016f zcela zdarma m\u016f\u017eete naj\u00edt na <a style=\"color: #000000;\" href=\"https:\/\/www.manageengine.com\/free-tools.html\" target=\"_blank\" rel=\"noreferrer noopener\">t\u00e9to str\u00e1nce<\/a>.<\/span><\/p>\n<h4><span style=\"color: #000000;\"><strong>Oblasti \u0159e\u0161en\u00ed a produkty:<\/strong><\/span><\/h4>\n<ul>\n<li><span style=\"color: #000000;\"><strong><a style=\"color: #000000;\" href=\"https:\/\/www.manageengine.com\/products\/eventlog\/\" target=\"_blank\" rel=\"noreferrer noopener\">EventLog Analyzer<\/a> &#8211; <\/strong>pokro\u010dil\u00fd SIEM syst\u00e9m s podporou Windows EventLogs, Syslog, textov\u00fdch log\u016f<\/span><\/li>\n<li><span style=\"color: #000000;\"><strong><a style=\"color: #000000;\" href=\"https:\/\/www.manageengine.com\/products\/active-directory-audit\/\">ADAudit Plus<\/a> &#8211; <\/strong>Active Directory pln\u011b pod kontrolou, automatick\u00fd reporting d\u016fle\u017eit\u00fdch ud\u00e1losti<\/span><\/li>\n<li><span style=\"color: #000000;\"><strong><a style=\"color: #000000;\" href=\"https:\/\/www.manageengine.com\/patch-management\/\" target=\"_blank\" rel=\"noreferrer noopener\">Patch Manager Plus<\/a><\/strong> &#8211; komplexn\u00ed patch management \u0159e\u0161en\u00ed pro Windows i Linux syst\u00e9my.<\/span><\/li>\n<li><span style=\"color: #000000;\"><strong><a style=\"color: #000000;\" href=\"https:\/\/www.manageengine.com\/vulnerability-management\/\" target=\"_blank\" rel=\"noreferrer noopener\">Vulnerability Manager Plus<\/a><\/strong> &#8211; scanner, d\u00edky kter\u00e9mu udr\u017e\u00edte svoje syst\u00e9my bezpe\u010dn\u00e9 a v\u010das zareagujete na v\u0161echny nov\u00e9 bezpe\u010dnostn\u00ed hrozby a zranitelnosti<\/span><\/li>\n<li><span style=\"color: #000000;\"><strong><a style=\"color: #000000;\" href=\"https:\/\/www.manageengine.com\/office365-management-reporting\/\" target=\"_blank\" rel=\"noreferrer noopener\">O365 Manager Plu<\/a><\/strong>s &#8211; zjednodu\u0161\u00ed spr\u00e1vu va\u0161eho Office 365, obsahuje monitoring a reporting O365<\/span><\/li>\n<\/ul>\t\t\t\t\t\t\t\t<\/div>\n\t\t\t\t<\/div>\n\t\t\t\t\t<\/div>\n\t\t<\/div>\n\t\t\t\t\t<\/div>\n\t\t<\/section>\n\t\t\t\t<\/div>\n\t\t","protected":false},"excerpt":{"rendered":"<p>Pro\u010d ManageEngine? Spole\u010dnost ManageEngine vyv\u00edj\u00ed n\u00e1stroje pro zjednodu\u0161en\u00ed spr\u00e1vy IT v mal\u00fdch a st\u0159edn\u00edch podnic\u00edch. V\u00edce ne\u017e 120.000 z\u00e1kazn\u00edk\u016f na cel\u00e9m sv\u011bt\u011b pou\u017e\u00edv\u00e1 na\u0161e n\u00e1stroje pro spr\u00e1vu s\u00edt\u00ed, datov\u00fdch center, aplikac\u00ed, \u0159\u00edzen\u00ed IT slu\u017eeb a bezpe\u010dnosti. Dal\u0161\u00edch 300.000 administr\u00e1tor\u016f pou\u017e\u00edv\u00e1 n\u00e1stroje uvoln\u011bn\u00e9 zdarma nebo bezplatn\u00e9 edice produkt\u016f ManageEngine. Krom\u011b n\u00e1stroj\u016f pro on-premise syst\u00e9my nab\u00edz\u00ed ManageEngine [&hellip;]<\/p>\n","protected":false},"author":1,"featured_media":0,"parent":0,"menu_order":0,"comment_status":"closed","ping_status":"closed","template":"","meta":{"ocean_post_layout":"","ocean_both_sidebars_style":"","ocean_both_sidebars_content_width":0,"ocean_both_sidebars_sidebars_width":0,"ocean_sidebar":"0","ocean_second_sidebar":"0","ocean_disable_margins":"enable","ocean_add_body_class":"","ocean_shortcode_before_top_bar":"","ocean_shortcode_after_top_bar":"","ocean_shortcode_before_header":"","ocean_shortcode_after_header":"","ocean_has_shortcode":"","ocean_shortcode_after_title":"","ocean_shortcode_before_footer_widgets":"","ocean_shortcode_after_footer_widgets":"","ocean_shortcode_before_footer_bottom":"","ocean_shortcode_after_footer_bottom":"","ocean_display_top_bar":"default","ocean_display_header":"default","ocean_header_style":"","ocean_center_header_left_menu":"0","ocean_custom_header_template":"0","ocean_custom_logo":0,"ocean_custom_retina_logo":0,"ocean_custom_logo_max_width":0,"ocean_custom_logo_tablet_max_width":0,"ocean_custom_logo_mobile_max_width":0,"ocean_custom_logo_max_height":0,"ocean_custom_logo_tablet_max_height":0,"ocean_custom_logo_mobile_max_height":0,"ocean_header_custom_menu":"0","ocean_menu_typo_font_family":"0","ocean_menu_typo_font_subset":"","ocean_menu_typo_font_size":0,"ocean_menu_typo_font_size_tablet":0,"ocean_menu_typo_font_size_mobile":0,"ocean_menu_typo_font_size_unit":"px","ocean_menu_typo_font_weight":"","ocean_menu_typo_font_weight_tablet":"","ocean_menu_typo_font_weight_mobile":"","ocean_menu_typo_transform":"","ocean_menu_typo_transform_tablet":"","ocean_menu_typo_transform_mobile":"","ocean_menu_typo_line_height":0,"ocean_menu_typo_line_height_tablet":0,"ocean_menu_typo_line_height_mobile":0,"ocean_menu_typo_line_height_unit":"","ocean_menu_typo_spacing":0,"ocean_menu_typo_spacing_tablet":0,"ocean_menu_typo_spacing_mobile":0,"ocean_menu_typo_spacing_unit":"","ocean_menu_link_color":"","ocean_menu_link_color_hover":"","ocean_menu_link_color_active":"","ocean_menu_link_background":"","ocean_menu_link_hover_background":"","ocean_menu_link_active_background":"","ocean_menu_social_links_bg":"","ocean_menu_social_hover_links_bg":"","ocean_menu_social_links_color":"","ocean_menu_social_hover_links_color":"","ocean_disable_title":"default","ocean_disable_heading":"default","ocean_post_title":"","ocean_post_subheading":"","ocean_post_title_style":"","ocean_post_title_background_color":"","ocean_post_title_background":0,"ocean_post_title_bg_image_position":"","ocean_post_title_bg_image_attachment":"","ocean_post_title_bg_image_repeat":"","ocean_post_title_bg_image_size":"","ocean_post_title_height":0,"ocean_post_title_bg_overlay":0.5,"ocean_post_title_bg_overlay_color":"","ocean_disable_breadcrumbs":"default","ocean_breadcrumbs_color":"","ocean_breadcrumbs_separator_color":"","ocean_breadcrumbs_links_color":"","ocean_breadcrumbs_links_hover_color":"","ocean_display_footer_widgets":"default","ocean_display_footer_bottom":"default","ocean_custom_footer_template":"0","footnotes":""},"class_list":["post-143","page","type-page","status-publish","hentry","entry"],"yoast_head":"<!-- This site is optimized with the Yoast SEO plugin v27.4 - https:\/\/yoast.com\/product\/yoast-seo-wordpress\/ -->\n<title>ManageEngine &#8226; exTerra Services &#8226; profesion\u00e1ln\u00ed IT \u0159e\u0161en\u00ed<\/title>\n<meta name=\"description\" content=\"Bezpe\u010dnost, monitoring a spr\u00e1va va\u0161eho IT, od opera\u010dn\u00edch syst\u00e9m\u016f, aplika\u010dn\u00edch, datab\u00e1zov\u00fdch a mailov\u00fdch sever\u016f a\u017e po firewally a cloudov\u00e1 prost\u0159ed\u00ed Office365.\" \/>\n<meta name=\"robots\" content=\"index, follow, max-snippet:-1, max-image-preview:large, max-video-preview:-1\" \/>\n<link rel=\"canonical\" href=\"https:\/\/www.exterra-services.cz\/index.php\/manageengine\/\" \/>\n<meta property=\"og:locale\" content=\"cs_CZ\" \/>\n<meta property=\"og:type\" content=\"article\" \/>\n<meta property=\"og:title\" content=\"ManageEngine &#8226; exTerra Services &#8226; profesion\u00e1ln\u00ed IT \u0159e\u0161en\u00ed\" \/>\n<meta property=\"og:description\" content=\"Bezpe\u010dnost, monitoring a spr\u00e1va va\u0161eho IT, od opera\u010dn\u00edch syst\u00e9m\u016f, aplika\u010dn\u00edch, datab\u00e1zov\u00fdch a mailov\u00fdch sever\u016f a\u017e po firewally a cloudov\u00e1 prost\u0159ed\u00ed Office365.\" \/>\n<meta property=\"og:url\" content=\"https:\/\/www.exterra-services.cz\/index.php\/manageengine\/\" \/>\n<meta property=\"og:site_name\" content=\"exTerra Services\" \/>\n<meta property=\"article:modified_time\" content=\"2021-09-06T16:32:48+00:00\" \/>\n<meta name=\"twitter:card\" content=\"summary_large_image\" \/>\n<meta name=\"twitter:label1\" content=\"Odhadovan\u00e1 doba \u010dten\u00ed\" \/>\n\t<meta name=\"twitter:data1\" content=\"1 minuta\" \/>\n<script type=\"application\/ld+json\" class=\"yoast-schema-graph\">{\"@context\":\"https:\\\/\\\/schema.org\",\"@graph\":[{\"@type\":\"WebPage\",\"@id\":\"https:\\\/\\\/www.exterra-services.cz\\\/index.php\\\/manageengine\\\/\",\"url\":\"https:\\\/\\\/www.exterra-services.cz\\\/index.php\\\/manageengine\\\/\",\"name\":\"ManageEngine &#8226; exTerra Services &#8226; profesion\u00e1ln\u00ed IT \u0159e\u0161en\u00ed\",\"isPartOf\":{\"@id\":\"https:\\\/\\\/www.exterra-services.cz\\\/#website\"},\"datePublished\":\"2018-12-03T17:02:03+00:00\",\"dateModified\":\"2021-09-06T16:32:48+00:00\",\"description\":\"Bezpe\u010dnost, monitoring a spr\u00e1va va\u0161eho IT, od opera\u010dn\u00edch syst\u00e9m\u016f, aplika\u010dn\u00edch, datab\u00e1zov\u00fdch a mailov\u00fdch sever\u016f a\u017e po firewally a cloudov\u00e1 prost\u0159ed\u00ed Office365.\",\"breadcrumb\":{\"@id\":\"https:\\\/\\\/www.exterra-services.cz\\\/index.php\\\/manageengine\\\/#breadcrumb\"},\"inLanguage\":\"cs\",\"potentialAction\":[{\"@type\":\"ReadAction\",\"target\":[\"https:\\\/\\\/www.exterra-services.cz\\\/index.php\\\/manageengine\\\/\"]}]},{\"@type\":\"BreadcrumbList\",\"@id\":\"https:\\\/\\\/www.exterra-services.cz\\\/index.php\\\/manageengine\\\/#breadcrumb\",\"itemListElement\":[{\"@type\":\"ListItem\",\"position\":1,\"name\":\"Dom\u016f\",\"item\":\"https:\\\/\\\/www.exterra-services.cz\\\/\"},{\"@type\":\"ListItem\",\"position\":2,\"name\":\"ManageEngine\"}]},{\"@type\":\"WebSite\",\"@id\":\"https:\\\/\\\/www.exterra-services.cz\\\/#website\",\"url\":\"https:\\\/\\\/www.exterra-services.cz\\\/\",\"name\":\"exTerra Services\",\"description\":\"profesion\u00e1ln\u00ed IT \u0159e\u0161en\u00ed\",\"publisher\":{\"@id\":\"https:\\\/\\\/www.exterra-services.cz\\\/#organization\"},\"potentialAction\":[{\"@type\":\"SearchAction\",\"target\":{\"@type\":\"EntryPoint\",\"urlTemplate\":\"https:\\\/\\\/www.exterra-services.cz\\\/?s={search_term_string}\"},\"query-input\":{\"@type\":\"PropertyValueSpecification\",\"valueRequired\":true,\"valueName\":\"search_term_string\"}}],\"inLanguage\":\"cs\"},{\"@type\":\"Organization\",\"@id\":\"https:\\\/\\\/www.exterra-services.cz\\\/#organization\",\"name\":\"exTerra Services s.r.o.\",\"url\":\"https:\\\/\\\/www.exterra-services.cz\\\/\",\"logo\":{\"@type\":\"ImageObject\",\"inLanguage\":\"cs\",\"@id\":\"https:\\\/\\\/www.exterra-services.cz\\\/#\\\/schema\\\/logo\\\/image\\\/\",\"url\":\"https:\\\/\\\/www.exterra-services.cz\\\/wp-content\\\/uploads\\\/2018\\\/12\\\/logo.png\",\"contentUrl\":\"https:\\\/\\\/www.exterra-services.cz\\\/wp-content\\\/uploads\\\/2018\\\/12\\\/logo.png\",\"width\":1280,\"height\":720,\"caption\":\"exTerra Services s.r.o.\"},\"image\":{\"@id\":\"https:\\\/\\\/www.exterra-services.cz\\\/#\\\/schema\\\/logo\\\/image\\\/\"}}]}<\/script>\n<!-- \/ Yoast SEO plugin. -->","yoast_head_json":{"title":"ManageEngine &#8226; exTerra Services &#8226; profesion\u00e1ln\u00ed IT \u0159e\u0161en\u00ed","description":"Bezpe\u010dnost, monitoring a spr\u00e1va va\u0161eho IT, od opera\u010dn\u00edch syst\u00e9m\u016f, aplika\u010dn\u00edch, datab\u00e1zov\u00fdch a mailov\u00fdch sever\u016f a\u017e po firewally a cloudov\u00e1 prost\u0159ed\u00ed Office365.","robots":{"index":"index","follow":"follow","max-snippet":"max-snippet:-1","max-image-preview":"max-image-preview:large","max-video-preview":"max-video-preview:-1"},"canonical":"https:\/\/www.exterra-services.cz\/index.php\/manageengine\/","og_locale":"cs_CZ","og_type":"article","og_title":"ManageEngine &#8226; exTerra Services &#8226; profesion\u00e1ln\u00ed IT \u0159e\u0161en\u00ed","og_description":"Bezpe\u010dnost, monitoring a spr\u00e1va va\u0161eho IT, od opera\u010dn\u00edch syst\u00e9m\u016f, aplika\u010dn\u00edch, datab\u00e1zov\u00fdch a mailov\u00fdch sever\u016f a\u017e po firewally a cloudov\u00e1 prost\u0159ed\u00ed Office365.","og_url":"https:\/\/www.exterra-services.cz\/index.php\/manageengine\/","og_site_name":"exTerra Services","article_modified_time":"2021-09-06T16:32:48+00:00","twitter_card":"summary_large_image","twitter_misc":{"Odhadovan\u00e1 doba \u010dten\u00ed":"1 minuta"},"schema":{"@context":"https:\/\/schema.org","@graph":[{"@type":"WebPage","@id":"https:\/\/www.exterra-services.cz\/index.php\/manageengine\/","url":"https:\/\/www.exterra-services.cz\/index.php\/manageengine\/","name":"ManageEngine &#8226; exTerra Services &#8226; profesion\u00e1ln\u00ed IT \u0159e\u0161en\u00ed","isPartOf":{"@id":"https:\/\/www.exterra-services.cz\/#website"},"datePublished":"2018-12-03T17:02:03+00:00","dateModified":"2021-09-06T16:32:48+00:00","description":"Bezpe\u010dnost, monitoring a spr\u00e1va va\u0161eho IT, od opera\u010dn\u00edch syst\u00e9m\u016f, aplika\u010dn\u00edch, datab\u00e1zov\u00fdch a mailov\u00fdch sever\u016f a\u017e po firewally a cloudov\u00e1 prost\u0159ed\u00ed Office365.","breadcrumb":{"@id":"https:\/\/www.exterra-services.cz\/index.php\/manageengine\/#breadcrumb"},"inLanguage":"cs","potentialAction":[{"@type":"ReadAction","target":["https:\/\/www.exterra-services.cz\/index.php\/manageengine\/"]}]},{"@type":"BreadcrumbList","@id":"https:\/\/www.exterra-services.cz\/index.php\/manageengine\/#breadcrumb","itemListElement":[{"@type":"ListItem","position":1,"name":"Dom\u016f","item":"https:\/\/www.exterra-services.cz\/"},{"@type":"ListItem","position":2,"name":"ManageEngine"}]},{"@type":"WebSite","@id":"https:\/\/www.exterra-services.cz\/#website","url":"https:\/\/www.exterra-services.cz\/","name":"exTerra Services","description":"profesion\u00e1ln\u00ed IT \u0159e\u0161en\u00ed","publisher":{"@id":"https:\/\/www.exterra-services.cz\/#organization"},"potentialAction":[{"@type":"SearchAction","target":{"@type":"EntryPoint","urlTemplate":"https:\/\/www.exterra-services.cz\/?s={search_term_string}"},"query-input":{"@type":"PropertyValueSpecification","valueRequired":true,"valueName":"search_term_string"}}],"inLanguage":"cs"},{"@type":"Organization","@id":"https:\/\/www.exterra-services.cz\/#organization","name":"exTerra Services s.r.o.","url":"https:\/\/www.exterra-services.cz\/","logo":{"@type":"ImageObject","inLanguage":"cs","@id":"https:\/\/www.exterra-services.cz\/#\/schema\/logo\/image\/","url":"https:\/\/www.exterra-services.cz\/wp-content\/uploads\/2018\/12\/logo.png","contentUrl":"https:\/\/www.exterra-services.cz\/wp-content\/uploads\/2018\/12\/logo.png","width":1280,"height":720,"caption":"exTerra Services s.r.o."},"image":{"@id":"https:\/\/www.exterra-services.cz\/#\/schema\/logo\/image\/"}}]}},"jetpack_sharing_enabled":true,"_links":{"self":[{"href":"https:\/\/www.exterra-services.cz\/index.php\/wp-json\/wp\/v2\/pages\/143","targetHints":{"allow":["GET"]}}],"collection":[{"href":"https:\/\/www.exterra-services.cz\/index.php\/wp-json\/wp\/v2\/pages"}],"about":[{"href":"https:\/\/www.exterra-services.cz\/index.php\/wp-json\/wp\/v2\/types\/page"}],"author":[{"embeddable":true,"href":"https:\/\/www.exterra-services.cz\/index.php\/wp-json\/wp\/v2\/users\/1"}],"replies":[{"embeddable":true,"href":"https:\/\/www.exterra-services.cz\/index.php\/wp-json\/wp\/v2\/comments?post=143"}],"version-history":[{"count":8,"href":"https:\/\/www.exterra-services.cz\/index.php\/wp-json\/wp\/v2\/pages\/143\/revisions"}],"predecessor-version":[{"id":3497,"href":"https:\/\/www.exterra-services.cz\/index.php\/wp-json\/wp\/v2\/pages\/143\/revisions\/3497"}],"wp:attachment":[{"href":"https:\/\/www.exterra-services.cz\/index.php\/wp-json\/wp\/v2\/media?parent=143"}],"curies":[{"name":"wp","href":"https:\/\/api.w.org\/{rel}","templated":true}]}}