{"id":133,"date":"2018-12-03T16:34:11","date_gmt":"2018-12-03T15:34:11","guid":{"rendered":"http:\/\/192.168.156.19\/?page_id=133"},"modified":"2021-09-10T20:05:25","modified_gmt":"2021-09-10T18:05:25","slug":"dodavka-technickych-prostredku","status":"publish","type":"page","link":"https:\/\/www.exterra-services.cz\/index.php\/dodavka-technickych-prostredku\/","title":{"rendered":"Dod\u00e1vka technick\u00fdch prost\u0159edk\u016f"},"content":{"rendered":"\t\t<div data-elementor-type=\"wp-page\" data-elementor-id=\"133\" class=\"elementor elementor-133\">\n\t\t\t\t\t\t<section class=\"elementor-section elementor-top-section elementor-element elementor-element-3501dbb3 elementor-section-boxed elementor-section-height-default elementor-section-height-default\" data-id=\"3501dbb3\" data-element_type=\"section\" data-e-type=\"section\">\n\t\t\t\t\t\t<div class=\"elementor-container elementor-column-gap-default\">\n\t\t\t\t\t<div class=\"elementor-column elementor-col-100 elementor-top-column elementor-element elementor-element-506e2ba5\" data-id=\"506e2ba5\" data-element_type=\"column\" data-e-type=\"column\">\n\t\t\t<div class=\"elementor-widget-wrap elementor-element-populated\">\n\t\t\t\t\t\t<div class=\"elementor-element elementor-element-2ef2dc9f elementor-widget elementor-widget-text-editor\" data-id=\"2ef2dc9f\" data-element_type=\"widget\" data-e-type=\"widget\" data-widget_type=\"text-editor.default\">\n\t\t\t\t<div class=\"elementor-widget-container\">\n\t\t\t\t\t\t\t\t\t<p><span style=\"color: #000000;\"><\/span><\/p>\n<h3 class=\"wp-block-heading\"><span style=\"color: #000000;\">C\u00edlov\u00e9 ur\u010den\u00ed slu\u017eby<\/span><\/h3>\n<p><span style=\"color: #000000;\"><\/span><\/p>\n<h4><span style=\"color: #000000;\"><strong>Oblast spr\u00e1vy dod\u00e1vky technick\u00fdch prost\u0159edk\u016f je charakterizov\u00e1na n\u00e1sleduj\u00edc\u00edmi slu\u017ebami:<\/strong><\/span><\/h4>\n<p><span style=\"color: #000000;\"><\/span><\/p>\n<p><span style=\"color: #000000;\"><\/span><\/p>\n<ul class=\"wp-block-list\">\n<li><span style=\"color: #000000;\">N\u00e1vrh a dod\u00e1vka server\u016f a pracovn\u00edch stanic<\/span><\/li>\n<li><span style=\"color: #000000;\">N\u00e1vrh a dod\u00e1vka p\u0159\u00edslu\u0161enstv\u00ed a komponent k hardwaru<\/span><\/li>\n<li><span style=\"color: #000000;\">N\u00e1vrh a dod\u00e1vka za\u0159\u00edzen\u00ed pro ukl\u00e1d\u00e1n\u00ed, z\u00e1lohov\u00e1n\u00ed a archivaci dat<\/span><\/li>\n<li><span style=\"color: #000000;\">N\u00e1vrh a dod\u00e1vka s\u00ed\u0165ov\u00fdch za\u0159\u00edzen\u00ed, aktivn\u00edch i pasivn\u00edch prvk\u016f<\/span><\/li>\n<li><span style=\"color: #000000;\">Instalace a konfigurace dodan\u00fdch za\u0159\u00edzen\u00ed<\/span><\/li>\n<\/ul>\n<p><span style=\"color: #000000;\"><\/span><\/p>\n<p><span style=\"color: #000000;\"><\/span><\/p>\n<h4 class=\"wp-block-heading\"><span style=\"color: #000000;\">O\u010dek\u00e1van\u00e9 p\u0159\u00ednosy pro z\u00e1kazn\u00edka:<\/span><\/h4>\n<p><span style=\"color: #000000;\"><\/span><\/p>\n<p><span style=\"color: #000000;\"><\/span><\/p>\n<p><span style=\"color: #000000;\">Smyslem poskytnut\u00ed t\u00e9to slu\u017eby je zajistit komplexn\u00ed podporu technick\u00e9ho vybaven\u00ed z\u00e1kazn\u00edka s dlouhodobou podporou a zaji\u0161t\u011bn\u00edm kompatibility s prost\u0159ed\u00edm.<\/span><\/p>\n<p><span style=\"color: #000000;\"><\/span><\/p>\n<p><span style=\"color: #000000;\"><\/span><\/p>\n<h4><span style=\"color: #000000;\"><strong>Z\u00e1kazn\u00edk z\u00edsk\u00e1v\u00e1 t\u011bmito slu\u017ebami:<\/strong><\/span><\/h4>\n<p><span style=\"color: #000000;\"><\/span><\/p>\n<ul class=\"wp-block-list\">\n<li><span style=\"color: #000000;\">Pln\u00fd sortiment technick\u00fdch prost\u0159edk\u016f renomovan\u00fdch sv\u011btov\u00fdch v\u00fdrobc\u016f<\/span><\/li>\n<li><span style=\"color: #000000;\">Pot\u0159ebn\u00fd spot\u0159ebn\u00ed materi\u00e1l v dostupnosti inTime<\/span><\/li>\n<li><span style=\"color: #000000;\">Jedin\u00e9ho dodavatele technick\u00e9ho vybaven\u00ed a souvisej\u00edc\u00edch slu\u017eeb<\/span><\/li>\n<li><span style=\"color: #000000;\">P\u0159\u00edpravnou f\u00e1zi pro n\u00e1sledn\u00fd outsourcing<\/span><\/li>\n<\/ul>\n<p><span style=\"color: #000000;\"><\/span><\/p>\n<p><span style=\"color: #000000;\"><\/span><\/p>\n<h4 class=\"wp-block-heading\"><span style=\"color: #000000;\">Finan\u010dn\u00ed a \u010dasov\u00e1 n\u00e1ro\u010dnost slu\u017eby:<\/span><\/h4>\n<p><span style=\"color: #000000;\"><\/span><\/p>\n<p><span style=\"color: #000000;\"><\/span><\/p>\n<p><span style=\"color: #000000;\">Objem finan\u010dn\u00edch prost\u0159edk\u016f na po\u0159\u00edzen\u00ed a lh\u016fty dod\u00e1vky technick\u00fdch prost\u0159edk\u016f jsou z\u00e1visl\u00e9 na typu a druhu za\u0159\u00edzen\u00ed. Dod\u00e1v\u00e1me techniku v\u00fdznamn\u00fdch v\u00fdrobc\u016f IBM, Cisco, Zyxel, Lenovo.<\/span><\/p>\n<p><span style=\"color: #000000;\"><\/span><\/p>\t\t\t\t\t\t\t\t<\/div>\n\t\t\t\t<\/div>\n\t\t\t\t\t<\/div>\n\t\t<\/div>\n\t\t\t\t\t<\/div>\n\t\t<\/section>\n\t\t\t\t<\/div>\n\t\t","protected":false},"excerpt":{"rendered":"<p>C\u00edlov\u00e9 ur\u010den\u00ed slu\u017eby Oblast spr\u00e1vy dod\u00e1vky technick\u00fdch prost\u0159edk\u016f je charakterizov\u00e1na n\u00e1sleduj\u00edc\u00edmi slu\u017ebami: N\u00e1vrh a dod\u00e1vka server\u016f a pracovn\u00edch stanic N\u00e1vrh a dod\u00e1vka p\u0159\u00edslu\u0161enstv\u00ed a komponent k hardwaru N\u00e1vrh a dod\u00e1vka za\u0159\u00edzen\u00ed pro ukl\u00e1d\u00e1n\u00ed, z\u00e1lohov\u00e1n\u00ed a archivaci dat N\u00e1vrh a dod\u00e1vka s\u00ed\u0165ov\u00fdch za\u0159\u00edzen\u00ed, aktivn\u00edch i pasivn\u00edch prvk\u016f Instalace a konfigurace dodan\u00fdch za\u0159\u00edzen\u00ed O\u010dek\u00e1van\u00e9 p\u0159\u00ednosy pro z\u00e1kazn\u00edka: [&hellip;]<\/p>\n","protected":false},"author":1,"featured_media":0,"parent":0,"menu_order":0,"comment_status":"closed","ping_status":"closed","template":"","meta":{"ocean_post_layout":"","ocean_both_sidebars_style":"","ocean_both_sidebars_content_width":0,"ocean_both_sidebars_sidebars_width":0,"ocean_sidebar":"0","ocean_second_sidebar":"0","ocean_disable_margins":"enable","ocean_add_body_class":"","ocean_shortcode_before_top_bar":"","ocean_shortcode_after_top_bar":"","ocean_shortcode_before_header":"","ocean_shortcode_after_header":"","ocean_has_shortcode":"","ocean_shortcode_after_title":"","ocean_shortcode_before_footer_widgets":"","ocean_shortcode_after_footer_widgets":"","ocean_shortcode_before_footer_bottom":"","ocean_shortcode_after_footer_bottom":"","ocean_display_top_bar":"default","ocean_display_header":"default","ocean_header_style":"","ocean_center_header_left_menu":"0","ocean_custom_header_template":"0","ocean_custom_logo":0,"ocean_custom_retina_logo":0,"ocean_custom_logo_max_width":0,"ocean_custom_logo_tablet_max_width":0,"ocean_custom_logo_mobile_max_width":0,"ocean_custom_logo_max_height":0,"ocean_custom_logo_tablet_max_height":0,"ocean_custom_logo_mobile_max_height":0,"ocean_header_custom_menu":"0","ocean_menu_typo_font_family":"0","ocean_menu_typo_font_subset":"","ocean_menu_typo_font_size":0,"ocean_menu_typo_font_size_tablet":0,"ocean_menu_typo_font_size_mobile":0,"ocean_menu_typo_font_size_unit":"px","ocean_menu_typo_font_weight":"","ocean_menu_typo_font_weight_tablet":"","ocean_menu_typo_font_weight_mobile":"","ocean_menu_typo_transform":"","ocean_menu_typo_transform_tablet":"","ocean_menu_typo_transform_mobile":"","ocean_menu_typo_line_height":0,"ocean_menu_typo_line_height_tablet":0,"ocean_menu_typo_line_height_mobile":0,"ocean_menu_typo_line_height_unit":"","ocean_menu_typo_spacing":0,"ocean_menu_typo_spacing_tablet":0,"ocean_menu_typo_spacing_mobile":0,"ocean_menu_typo_spacing_unit":"","ocean_menu_link_color":"","ocean_menu_link_color_hover":"","ocean_menu_link_color_active":"","ocean_menu_link_background":"","ocean_menu_link_hover_background":"","ocean_menu_link_active_background":"","ocean_menu_social_links_bg":"","ocean_menu_social_hover_links_bg":"","ocean_menu_social_links_color":"","ocean_menu_social_hover_links_color":"","ocean_disable_title":"default","ocean_disable_heading":"default","ocean_post_title":"","ocean_post_subheading":"","ocean_post_title_style":"","ocean_post_title_background_color":"","ocean_post_title_background":0,"ocean_post_title_bg_image_position":"","ocean_post_title_bg_image_attachment":"","ocean_post_title_bg_image_repeat":"","ocean_post_title_bg_image_size":"","ocean_post_title_height":0,"ocean_post_title_bg_overlay":0.5,"ocean_post_title_bg_overlay_color":"","ocean_disable_breadcrumbs":"default","ocean_breadcrumbs_color":"","ocean_breadcrumbs_separator_color":"","ocean_breadcrumbs_links_color":"","ocean_breadcrumbs_links_hover_color":"","ocean_display_footer_widgets":"default","ocean_display_footer_bottom":"default","ocean_custom_footer_template":"0","footnotes":""},"class_list":["post-133","page","type-page","status-publish","hentry","entry"],"yoast_head":"<!-- This site is optimized with the Yoast SEO plugin v27.1.1 - https:\/\/yoast.com\/product\/yoast-seo-wordpress\/ -->\n<title>Prost\u0159edky &#8226; exTerra Services &#8226; profesion\u00e1ln\u00ed IT \u0159e\u0161en\u00ed<\/title>\n<meta name=\"description\" content=\"Dod\u00e1v\u00e1me prost\u0159edky, po\u010d\u00edta\u010de i servery v\u00fdrobc\u016f, kte\u0159\u00ed ur\u010duj\u00ed technologick\u00e9 trendy, Lenovo, HP, Dell, Synology, ZyXEL, Cisco.\" \/>\n<meta name=\"robots\" content=\"noindex, nofollow\" \/>\n<meta property=\"og:locale\" content=\"cs_CZ\" \/>\n<meta property=\"og:type\" content=\"article\" \/>\n<meta property=\"og:title\" content=\"Prost\u0159edky &#8226; exTerra Services &#8226; profesion\u00e1ln\u00ed IT \u0159e\u0161en\u00ed\" \/>\n<meta property=\"og:description\" content=\"Dod\u00e1v\u00e1me prost\u0159edky, po\u010d\u00edta\u010de i servery v\u00fdrobc\u016f, kte\u0159\u00ed ur\u010duj\u00ed technologick\u00e9 trendy, Lenovo, HP, Dell, Synology, ZyXEL, Cisco.\" \/>\n<meta property=\"og:url\" content=\"https:\/\/www.exterra-services.cz\/index.php\/dodavka-technickych-prostredku\/\" \/>\n<meta property=\"og:site_name\" content=\"exTerra Services\" \/>\n<meta property=\"article:modified_time\" content=\"2021-09-10T18:05:25+00:00\" \/>\n<meta name=\"twitter:card\" content=\"summary_large_image\" \/>\n<meta name=\"twitter:label1\" content=\"Odhadovan\u00e1 doba \u010dten\u00ed\" \/>\n\t<meta name=\"twitter:data1\" content=\"1 minuta\" \/>\n<script type=\"application\/ld+json\" class=\"yoast-schema-graph\">{\"@context\":\"https:\/\/schema.org\",\"@graph\":[{\"@type\":\"WebPage\",\"@id\":\"https:\/\/www.exterra-services.cz\/index.php\/dodavka-technickych-prostredku\/\",\"url\":\"https:\/\/www.exterra-services.cz\/index.php\/dodavka-technickych-prostredku\/\",\"name\":\"Prost\u0159edky &#8226; exTerra Services &#8226; profesion\u00e1ln\u00ed IT \u0159e\u0161en\u00ed\",\"isPartOf\":{\"@id\":\"https:\/\/www.exterra-services.cz\/#website\"},\"datePublished\":\"2018-12-03T15:34:11+00:00\",\"dateModified\":\"2021-09-10T18:05:25+00:00\",\"description\":\"Dod\u00e1v\u00e1me prost\u0159edky, po\u010d\u00edta\u010de i servery v\u00fdrobc\u016f, kte\u0159\u00ed ur\u010duj\u00ed technologick\u00e9 trendy, Lenovo, HP, Dell, Synology, ZyXEL, Cisco.\",\"breadcrumb\":{\"@id\":\"https:\/\/www.exterra-services.cz\/index.php\/dodavka-technickych-prostredku\/#breadcrumb\"},\"inLanguage\":\"cs\",\"potentialAction\":[{\"@type\":\"ReadAction\",\"target\":[\"https:\/\/www.exterra-services.cz\/index.php\/dodavka-technickych-prostredku\/\"]}]},{\"@type\":\"BreadcrumbList\",\"@id\":\"https:\/\/www.exterra-services.cz\/index.php\/dodavka-technickych-prostredku\/#breadcrumb\",\"itemListElement\":[{\"@type\":\"ListItem\",\"position\":1,\"name\":\"Dom\u016f\",\"item\":\"https:\/\/www.exterra-services.cz\/\"},{\"@type\":\"ListItem\",\"position\":2,\"name\":\"Dod\u00e1vka technick\u00fdch prost\u0159edk\u016f\"}]},{\"@type\":\"WebSite\",\"@id\":\"https:\/\/www.exterra-services.cz\/#website\",\"url\":\"https:\/\/www.exterra-services.cz\/\",\"name\":\"exTerra Services\",\"description\":\"profesion\u00e1ln\u00ed IT \u0159e\u0161en\u00ed\",\"publisher\":{\"@id\":\"https:\/\/www.exterra-services.cz\/#organization\"},\"potentialAction\":[{\"@type\":\"SearchAction\",\"target\":{\"@type\":\"EntryPoint\",\"urlTemplate\":\"https:\/\/www.exterra-services.cz\/?s={search_term_string}\"},\"query-input\":{\"@type\":\"PropertyValueSpecification\",\"valueRequired\":true,\"valueName\":\"search_term_string\"}}],\"inLanguage\":\"cs\"},{\"@type\":\"Organization\",\"@id\":\"https:\/\/www.exterra-services.cz\/#organization\",\"name\":\"exTerra Services s.r.o.\",\"url\":\"https:\/\/www.exterra-services.cz\/\",\"logo\":{\"@type\":\"ImageObject\",\"inLanguage\":\"cs\",\"@id\":\"https:\/\/www.exterra-services.cz\/#\/schema\/logo\/image\/\",\"url\":\"https:\/\/www.exterra-services.cz\/wp-content\/uploads\/2018\/12\/logo.png\",\"contentUrl\":\"https:\/\/www.exterra-services.cz\/wp-content\/uploads\/2018\/12\/logo.png\",\"width\":1280,\"height\":720,\"caption\":\"exTerra Services s.r.o.\"},\"image\":{\"@id\":\"https:\/\/www.exterra-services.cz\/#\/schema\/logo\/image\/\"}}]}<\/script>\n<!-- \/ Yoast SEO plugin. -->","yoast_head_json":{"title":"Prost\u0159edky &#8226; exTerra Services &#8226; profesion\u00e1ln\u00ed IT \u0159e\u0161en\u00ed","description":"Dod\u00e1v\u00e1me prost\u0159edky, po\u010d\u00edta\u010de i servery v\u00fdrobc\u016f, kte\u0159\u00ed ur\u010duj\u00ed technologick\u00e9 trendy, Lenovo, HP, Dell, Synology, ZyXEL, Cisco.","robots":{"index":"noindex","follow":"nofollow"},"og_locale":"cs_CZ","og_type":"article","og_title":"Prost\u0159edky &#8226; exTerra Services &#8226; profesion\u00e1ln\u00ed IT \u0159e\u0161en\u00ed","og_description":"Dod\u00e1v\u00e1me prost\u0159edky, po\u010d\u00edta\u010de i servery v\u00fdrobc\u016f, kte\u0159\u00ed ur\u010duj\u00ed technologick\u00e9 trendy, Lenovo, HP, Dell, Synology, ZyXEL, Cisco.","og_url":"https:\/\/www.exterra-services.cz\/index.php\/dodavka-technickych-prostredku\/","og_site_name":"exTerra Services","article_modified_time":"2021-09-10T18:05:25+00:00","twitter_card":"summary_large_image","twitter_misc":{"Odhadovan\u00e1 doba \u010dten\u00ed":"1 minuta"},"schema":{"@context":"https:\/\/schema.org","@graph":[{"@type":"WebPage","@id":"https:\/\/www.exterra-services.cz\/index.php\/dodavka-technickych-prostredku\/","url":"https:\/\/www.exterra-services.cz\/index.php\/dodavka-technickych-prostredku\/","name":"Prost\u0159edky &#8226; exTerra Services &#8226; profesion\u00e1ln\u00ed IT \u0159e\u0161en\u00ed","isPartOf":{"@id":"https:\/\/www.exterra-services.cz\/#website"},"datePublished":"2018-12-03T15:34:11+00:00","dateModified":"2021-09-10T18:05:25+00:00","description":"Dod\u00e1v\u00e1me prost\u0159edky, po\u010d\u00edta\u010de i servery v\u00fdrobc\u016f, kte\u0159\u00ed ur\u010duj\u00ed technologick\u00e9 trendy, Lenovo, HP, Dell, Synology, ZyXEL, Cisco.","breadcrumb":{"@id":"https:\/\/www.exterra-services.cz\/index.php\/dodavka-technickych-prostredku\/#breadcrumb"},"inLanguage":"cs","potentialAction":[{"@type":"ReadAction","target":["https:\/\/www.exterra-services.cz\/index.php\/dodavka-technickych-prostredku\/"]}]},{"@type":"BreadcrumbList","@id":"https:\/\/www.exterra-services.cz\/index.php\/dodavka-technickych-prostredku\/#breadcrumb","itemListElement":[{"@type":"ListItem","position":1,"name":"Dom\u016f","item":"https:\/\/www.exterra-services.cz\/"},{"@type":"ListItem","position":2,"name":"Dod\u00e1vka technick\u00fdch prost\u0159edk\u016f"}]},{"@type":"WebSite","@id":"https:\/\/www.exterra-services.cz\/#website","url":"https:\/\/www.exterra-services.cz\/","name":"exTerra Services","description":"profesion\u00e1ln\u00ed IT \u0159e\u0161en\u00ed","publisher":{"@id":"https:\/\/www.exterra-services.cz\/#organization"},"potentialAction":[{"@type":"SearchAction","target":{"@type":"EntryPoint","urlTemplate":"https:\/\/www.exterra-services.cz\/?s={search_term_string}"},"query-input":{"@type":"PropertyValueSpecification","valueRequired":true,"valueName":"search_term_string"}}],"inLanguage":"cs"},{"@type":"Organization","@id":"https:\/\/www.exterra-services.cz\/#organization","name":"exTerra Services s.r.o.","url":"https:\/\/www.exterra-services.cz\/","logo":{"@type":"ImageObject","inLanguage":"cs","@id":"https:\/\/www.exterra-services.cz\/#\/schema\/logo\/image\/","url":"https:\/\/www.exterra-services.cz\/wp-content\/uploads\/2018\/12\/logo.png","contentUrl":"https:\/\/www.exterra-services.cz\/wp-content\/uploads\/2018\/12\/logo.png","width":1280,"height":720,"caption":"exTerra Services s.r.o."},"image":{"@id":"https:\/\/www.exterra-services.cz\/#\/schema\/logo\/image\/"}}]}},"jetpack_sharing_enabled":true,"_links":{"self":[{"href":"https:\/\/www.exterra-services.cz\/index.php\/wp-json\/wp\/v2\/pages\/133","targetHints":{"allow":["GET"]}}],"collection":[{"href":"https:\/\/www.exterra-services.cz\/index.php\/wp-json\/wp\/v2\/pages"}],"about":[{"href":"https:\/\/www.exterra-services.cz\/index.php\/wp-json\/wp\/v2\/types\/page"}],"author":[{"embeddable":true,"href":"https:\/\/www.exterra-services.cz\/index.php\/wp-json\/wp\/v2\/users\/1"}],"replies":[{"embeddable":true,"href":"https:\/\/www.exterra-services.cz\/index.php\/wp-json\/wp\/v2\/comments?post=133"}],"version-history":[{"count":14,"href":"https:\/\/www.exterra-services.cz\/index.php\/wp-json\/wp\/v2\/pages\/133\/revisions"}],"predecessor-version":[{"id":3737,"href":"https:\/\/www.exterra-services.cz\/index.php\/wp-json\/wp\/v2\/pages\/133\/revisions\/3737"}],"wp:attachment":[{"href":"https:\/\/www.exterra-services.cz\/index.php\/wp-json\/wp\/v2\/media?parent=133"}],"curies":[{"name":"wp","href":"https:\/\/api.w.org\/{rel}","templated":true}]}}