{"id":122,"date":"2018-12-03T16:03:41","date_gmt":"2018-12-03T15:03:41","guid":{"rendered":"http:\/\/192.168.156.19\/?page_id=122"},"modified":"2025-02-27T10:18:07","modified_gmt":"2025-02-27T09:18:07","slug":"bezpecnost-ict-a-is","status":"publish","type":"page","link":"https:\/\/www.exterra-services.cz\/index.php\/bezpecnost-ict-a-is\/","title":{"rendered":"Bezpe\u010dnost ICT a IS"},"content":{"rendered":"\t\t<div data-elementor-type=\"wp-page\" data-elementor-id=\"122\" class=\"elementor elementor-122\">\n\t\t\t\t\t\t<section class=\"elementor-section elementor-top-section elementor-element elementor-element-7b505497 elementor-section-boxed elementor-section-height-default elementor-section-height-default\" data-id=\"7b505497\" data-element_type=\"section\" data-e-type=\"section\">\n\t\t\t\t\t\t<div class=\"elementor-container elementor-column-gap-default\">\n\t\t\t\t\t<div class=\"elementor-column elementor-col-100 elementor-top-column elementor-element elementor-element-754cab22\" data-id=\"754cab22\" data-element_type=\"column\" data-e-type=\"column\">\n\t\t\t<div class=\"elementor-widget-wrap elementor-element-populated\">\n\t\t\t\t\t\t<div class=\"elementor-element elementor-element-509bad4e elementor-widget elementor-widget-text-editor\" data-id=\"509bad4e\" data-element_type=\"widget\" data-e-type=\"widget\" data-widget_type=\"text-editor.default\">\n\t\t\t\t<div class=\"elementor-widget-container\">\n\t\t\t\t\t\t\t\t\t<p><span style=\"color: #000000;\"><\/span><\/p>\n<h3 class=\"wp-block-heading\"><span style=\"color: #000000;\">C\u00edlov\u00e9 ur\u010den\u00ed slu\u017eby<\/span><\/h3>\n<p><span style=\"color: #000000;\"><\/span><\/p>\n<h4><span style=\"color: #000000;\"><strong>Oblast bezpe\u010dnosti informa\u010dn\u00edch a komunika\u010dn\u00edch technologi\u00ed a syst\u00e9m\u016f je charakterizov\u00e1na n\u00e1sleduj\u00edc\u00edmi slu\u017ebami:<\/strong><\/span><\/h4>\n<p><span style=\"color: #000000;\"><\/span><\/p>\n<ul class=\"wp-block-list\">\n<li><span style=\"color: #000000;\">N\u00e1vrh a implementace bezpe\u010dnosti s\u00ed\u0165ov\u00e9ho provozu v oblasti firewal\u016f, syst\u00e9m\u016f virtu\u00e1ln\u00edch priv\u00e1tn\u00edch s\u00edt\u00ed (VPN), syst\u00e9m\u016f detekce\/prevence s\u00ed\u0165ov\u00fdch pr\u016fnik\u016f<\/span><\/li>\n<li><span style=\"color: #000000;\">Bezpe\u010dnostn\u00ed zaji\u0161t\u011bn\u00ed provozu server\u016f<\/span><\/li>\n<li><span style=\"color: #000000;\">Komplexn\u00ed antivirov\u00e1 ochrana s\u00edt\u00ed a syst\u00e9m\u016f<\/span><\/li>\n<li><span style=\"color: #000000;\">Proveden\u00ed bezpe\u010dnostn\u00edch audit\u016f a n\u00e1vrh bezpe\u010dnostn\u00ed strategie<\/span><\/li>\n<li><span style=\"color: #000000;\">Zaji\u0161t\u011bn\u00ed form\u00e1ln\u00ed bezpe\u010dnosti informa\u010dn\u00edch syst\u00e9m\u016f<\/span><\/li>\n<\/ul>\n<p><span style=\"color: #000000;\"><\/span><span style=\"color: #000000;\"><\/span><\/p>\n<h4 class=\"wp-block-heading\"><span style=\"color: #000000;\">O\u010dek\u00e1van\u00e9 p\u0159\u00ednosy pro z\u00e1kazn\u00edka:<\/span><\/h4>\n<p><span style=\"color: #000000;\"><\/span><\/p>\n<p><span style=\"color: #000000;\">Komplexn\u00ed \u0159e\u0161en\u00ed zam\u011b\u0159en\u00ed na bezpe\u010dnost ICT a IS umo\u017e\u0148uje syst\u00e9m \u0159\u00edzen\u00ed bezpe\u010dnosti v souladu s legislativou a platn\u00fdmi mezin\u00e1rodn\u00edmi normami. Technologi\u010dt\u00ed specialist\u00e9 jsou z\u00e1rukou zohledn\u011bn\u00ed aktu\u00e1ln\u00edch mo\u017enost\u00ed poskytovan\u00fdch sou\u010dasn\u00fdmi technologiemi. Jsou z\u00e1rukou vhodnosti implementace do st\u00e1vaj\u00edc\u00edho technologick\u00e9ho prost\u0159ed\u00ed. Konzulta\u010dn\u00ed a poradensk\u00e1 \u010dinnost je samoz\u0159ejm\u00fdm p\u0159edpokladem implementace konkr\u00e9tn\u00edch individu\u00e1ln\u00edch pot\u0159eb z\u00e1kazn\u00edka.<\/span><\/p>\n<p><span style=\"color: #000000;\"><\/span><\/p>\n<p><span style=\"color: #000000;\"><\/span><\/p>\n<h4><span style=\"color: #000000;\"><strong>Z\u00e1kazn\u00edk z\u00edsk\u00e1v\u00e1 t\u011bmito slu\u017ebami:<\/strong><\/span><\/h4>\n<p><span style=\"color: #000000;\"><\/span><\/p>\n<ul class=\"wp-block-list\">\n<li><span style=\"color: #000000;\">Integraci bezpe\u010dnostn\u00edch viz\u00ed z\u00e1kazn\u00edka<\/span><\/li>\n<li><span style=\"color: #000000;\">Z\u00e1ruku kvality \u0159e\u0161en\u00ed<\/span><\/li>\n<li><span style=\"color: #000000;\">Poskytnut\u00ed dlouhodob\u00e9 podpory<\/span><\/li>\n<li><span style=\"color: #000000;\">Vyu\u017eit\u00ed know-how v oblasti bezpe\u010dnostn\u00edch \u0159e\u0161en\u00ed<\/span><\/li>\n<li><span style=\"color: #000000;\">Poskytov\u00e1n\u00ed trval\u00e9ho rozvoje a aktu\u00e1lnosti bezpe\u010dnostn\u00edch \u0159e\u0161en\u00ed<\/span><\/li>\n<\/ul>\n<p><span style=\"color: #000000;\"><\/span><\/p>\n<p><span style=\"color: #000000;\"><\/span><\/p>\n<h4 class=\"wp-block-heading\"><span style=\"color: #000000;\">Finan\u010dn\u00ed a \u010dasov\u00e1 n\u00e1ro\u010dnost slu\u017eby:<\/span><\/h4>\n<p><span style=\"color: #000000;\"><\/span><\/p>\n<p><span style=\"color: #000000;\"><\/span><\/p>\n<p><span style=\"color: #000000;\">Objem finan\u010dn\u00edch prost\u0159edk\u016f pro n\u00e1vrh a implementaci \u0159e\u0161en\u00ed je z\u00e1visl\u00fd na charakteru a objemu projektu. Cena projektu se pohybuje v \u0159\u00e1dek des\u00edtek a stovek tis\u00edc K\u010d. \u010casov\u00e1 n\u00e1ro\u010dnost vlastn\u00ed implementace se pohybuje v \u0159\u00e1du dn\u016f a\u017e m\u011bs\u00edc\u016f.<\/span><\/p>\n<p><span style=\"color: #000000;\"><\/span><\/p>\t\t\t\t\t\t\t\t<\/div>\n\t\t\t\t<\/div>\n\t\t\t\t\t<\/div>\n\t\t<\/div>\n\t\t\t\t\t<\/div>\n\t\t<\/section>\n\t\t\t\t<\/div>\n\t\t","protected":false},"excerpt":{"rendered":"<p>C\u00edlov\u00e9 ur\u010den\u00ed slu\u017eby Oblast bezpe\u010dnosti informa\u010dn\u00edch a komunika\u010dn\u00edch technologi\u00ed a syst\u00e9m\u016f je charakterizov\u00e1na n\u00e1sleduj\u00edc\u00edmi slu\u017ebami: N\u00e1vrh a implementace bezpe\u010dnosti s\u00ed\u0165ov\u00e9ho provozu v oblasti firewal\u016f, syst\u00e9m\u016f virtu\u00e1ln\u00edch priv\u00e1tn\u00edch s\u00edt\u00ed (VPN), syst\u00e9m\u016f detekce\/prevence s\u00ed\u0165ov\u00fdch pr\u016fnik\u016f Bezpe\u010dnostn\u00ed zaji\u0161t\u011bn\u00ed provozu server\u016f Komplexn\u00ed antivirov\u00e1 ochrana s\u00edt\u00ed a syst\u00e9m\u016f Proveden\u00ed bezpe\u010dnostn\u00edch audit\u016f a n\u00e1vrh bezpe\u010dnostn\u00ed strategie Zaji\u0161t\u011bn\u00ed form\u00e1ln\u00ed bezpe\u010dnosti informa\u010dn\u00edch syst\u00e9m\u016f [&hellip;]<\/p>\n","protected":false},"author":1,"featured_media":0,"parent":0,"menu_order":0,"comment_status":"closed","ping_status":"closed","template":"","meta":{"ocean_post_layout":"","ocean_both_sidebars_style":"","ocean_both_sidebars_content_width":0,"ocean_both_sidebars_sidebars_width":0,"ocean_sidebar":"0","ocean_second_sidebar":"0","ocean_disable_margins":"enable","ocean_add_body_class":"","ocean_shortcode_before_top_bar":"","ocean_shortcode_after_top_bar":"","ocean_shortcode_before_header":"","ocean_shortcode_after_header":"","ocean_has_shortcode":"","ocean_shortcode_after_title":"","ocean_shortcode_before_footer_widgets":"","ocean_shortcode_after_footer_widgets":"","ocean_shortcode_before_footer_bottom":"","ocean_shortcode_after_footer_bottom":"","ocean_display_top_bar":"default","ocean_display_header":"default","ocean_header_style":"","ocean_center_header_left_menu":"0","ocean_custom_header_template":"0","ocean_custom_logo":0,"ocean_custom_retina_logo":0,"ocean_custom_logo_max_width":0,"ocean_custom_logo_tablet_max_width":0,"ocean_custom_logo_mobile_max_width":0,"ocean_custom_logo_max_height":0,"ocean_custom_logo_tablet_max_height":0,"ocean_custom_logo_mobile_max_height":0,"ocean_header_custom_menu":"0","ocean_menu_typo_font_family":"0","ocean_menu_typo_font_subset":"","ocean_menu_typo_font_size":0,"ocean_menu_typo_font_size_tablet":0,"ocean_menu_typo_font_size_mobile":0,"ocean_menu_typo_font_size_unit":"px","ocean_menu_typo_font_weight":"","ocean_menu_typo_font_weight_tablet":"","ocean_menu_typo_font_weight_mobile":"","ocean_menu_typo_transform":"","ocean_menu_typo_transform_tablet":"","ocean_menu_typo_transform_mobile":"","ocean_menu_typo_line_height":0,"ocean_menu_typo_line_height_tablet":0,"ocean_menu_typo_line_height_mobile":0,"ocean_menu_typo_line_height_unit":"","ocean_menu_typo_spacing":0,"ocean_menu_typo_spacing_tablet":0,"ocean_menu_typo_spacing_mobile":0,"ocean_menu_typo_spacing_unit":"","ocean_menu_link_color":"","ocean_menu_link_color_hover":"","ocean_menu_link_color_active":"","ocean_menu_link_background":"","ocean_menu_link_hover_background":"","ocean_menu_link_active_background":"","ocean_menu_social_links_bg":"","ocean_menu_social_hover_links_bg":"","ocean_menu_social_links_color":"","ocean_menu_social_hover_links_color":"","ocean_disable_title":"default","ocean_disable_heading":"default","ocean_post_title":"","ocean_post_subheading":"","ocean_post_title_style":"","ocean_post_title_background_color":"","ocean_post_title_background":0,"ocean_post_title_bg_image_position":"","ocean_post_title_bg_image_attachment":"","ocean_post_title_bg_image_repeat":"","ocean_post_title_bg_image_size":"","ocean_post_title_height":0,"ocean_post_title_bg_overlay":0.5,"ocean_post_title_bg_overlay_color":"","ocean_disable_breadcrumbs":"default","ocean_breadcrumbs_color":"","ocean_breadcrumbs_separator_color":"","ocean_breadcrumbs_links_color":"","ocean_breadcrumbs_links_hover_color":"","ocean_display_footer_widgets":"default","ocean_display_footer_bottom":"default","ocean_custom_footer_template":"0","footnotes":""},"class_list":["post-122","page","type-page","status-publish","hentry","entry"],"yoast_head":"<!-- This site is optimized with the Yoast SEO plugin v27.4 - https:\/\/yoast.com\/product\/yoast-seo-wordpress\/ -->\n<title>Bezpe\u010dnost ICT a IS &#8226; exTerra Services &#8226; profesion\u00e1ln\u00ed IT \u0159e\u0161en\u00ed<\/title>\n<meta name=\"description\" content=\"Bezpe\u010dnost ICT je pro n\u00e1s komplexn\u00ed \u00faloha zahrnuj\u00edc\u00ed organiza\u010dn\u00ed opat\u0159en\u00ed, nastaven\u00ed proces\u016f a samoz\u0159ejm\u011b technologick\u00e9 prvky.\" \/>\n<meta name=\"robots\" content=\"index, follow, max-snippet:-1, max-image-preview:large, max-video-preview:-1\" \/>\n<link rel=\"canonical\" href=\"https:\/\/www.exterra-services.cz\/index.php\/bezpecnost-ict-a-is\/\" \/>\n<meta property=\"og:locale\" content=\"cs_CZ\" \/>\n<meta property=\"og:type\" content=\"article\" \/>\n<meta property=\"og:title\" content=\"Bezpe\u010dnost ICT a IS &#8226; exTerra Services &#8226; profesion\u00e1ln\u00ed IT \u0159e\u0161en\u00ed\" \/>\n<meta property=\"og:description\" content=\"Bezpe\u010dnost ICT je pro n\u00e1s komplexn\u00ed \u00faloha zahrnuj\u00edc\u00ed organiza\u010dn\u00ed opat\u0159en\u00ed, nastaven\u00ed proces\u016f a samoz\u0159ejm\u011b technologick\u00e9 prvky.\" \/>\n<meta property=\"og:url\" content=\"https:\/\/www.exterra-services.cz\/index.php\/bezpecnost-ict-a-is\/\" \/>\n<meta property=\"og:site_name\" content=\"exTerra Services\" \/>\n<meta property=\"article:modified_time\" content=\"2025-02-27T09:18:07+00:00\" \/>\n<meta name=\"twitter:card\" content=\"summary_large_image\" \/>\n<meta name=\"twitter:label1\" content=\"Odhadovan\u00e1 doba \u010dten\u00ed\" \/>\n\t<meta name=\"twitter:data1\" content=\"1 minuta\" \/>\n<script type=\"application\/ld+json\" class=\"yoast-schema-graph\">{\"@context\":\"https:\\\/\\\/schema.org\",\"@graph\":[{\"@type\":\"WebPage\",\"@id\":\"https:\\\/\\\/www.exterra-services.cz\\\/index.php\\\/bezpecnost-ict-a-is\\\/\",\"url\":\"https:\\\/\\\/www.exterra-services.cz\\\/index.php\\\/bezpecnost-ict-a-is\\\/\",\"name\":\"Bezpe\u010dnost ICT a IS &#8226; exTerra Services &#8226; profesion\u00e1ln\u00ed IT \u0159e\u0161en\u00ed\",\"isPartOf\":{\"@id\":\"https:\\\/\\\/www.exterra-services.cz\\\/#website\"},\"datePublished\":\"2018-12-03T15:03:41+00:00\",\"dateModified\":\"2025-02-27T09:18:07+00:00\",\"description\":\"Bezpe\u010dnost ICT je pro n\u00e1s komplexn\u00ed \u00faloha zahrnuj\u00edc\u00ed organiza\u010dn\u00ed opat\u0159en\u00ed, nastaven\u00ed proces\u016f a samoz\u0159ejm\u011b technologick\u00e9 prvky.\",\"breadcrumb\":{\"@id\":\"https:\\\/\\\/www.exterra-services.cz\\\/index.php\\\/bezpecnost-ict-a-is\\\/#breadcrumb\"},\"inLanguage\":\"cs\",\"potentialAction\":[{\"@type\":\"ReadAction\",\"target\":[\"https:\\\/\\\/www.exterra-services.cz\\\/index.php\\\/bezpecnost-ict-a-is\\\/\"]}]},{\"@type\":\"BreadcrumbList\",\"@id\":\"https:\\\/\\\/www.exterra-services.cz\\\/index.php\\\/bezpecnost-ict-a-is\\\/#breadcrumb\",\"itemListElement\":[{\"@type\":\"ListItem\",\"position\":1,\"name\":\"Dom\u016f\",\"item\":\"https:\\\/\\\/www.exterra-services.cz\\\/\"},{\"@type\":\"ListItem\",\"position\":2,\"name\":\"Bezpe\u010dnost ICT a IS\"}]},{\"@type\":\"WebSite\",\"@id\":\"https:\\\/\\\/www.exterra-services.cz\\\/#website\",\"url\":\"https:\\\/\\\/www.exterra-services.cz\\\/\",\"name\":\"exTerra Services\",\"description\":\"profesion\u00e1ln\u00ed IT \u0159e\u0161en\u00ed\",\"publisher\":{\"@id\":\"https:\\\/\\\/www.exterra-services.cz\\\/#organization\"},\"potentialAction\":[{\"@type\":\"SearchAction\",\"target\":{\"@type\":\"EntryPoint\",\"urlTemplate\":\"https:\\\/\\\/www.exterra-services.cz\\\/?s={search_term_string}\"},\"query-input\":{\"@type\":\"PropertyValueSpecification\",\"valueRequired\":true,\"valueName\":\"search_term_string\"}}],\"inLanguage\":\"cs\"},{\"@type\":\"Organization\",\"@id\":\"https:\\\/\\\/www.exterra-services.cz\\\/#organization\",\"name\":\"exTerra Services s.r.o.\",\"url\":\"https:\\\/\\\/www.exterra-services.cz\\\/\",\"logo\":{\"@type\":\"ImageObject\",\"inLanguage\":\"cs\",\"@id\":\"https:\\\/\\\/www.exterra-services.cz\\\/#\\\/schema\\\/logo\\\/image\\\/\",\"url\":\"https:\\\/\\\/www.exterra-services.cz\\\/wp-content\\\/uploads\\\/2018\\\/12\\\/logo.png\",\"contentUrl\":\"https:\\\/\\\/www.exterra-services.cz\\\/wp-content\\\/uploads\\\/2018\\\/12\\\/logo.png\",\"width\":1280,\"height\":720,\"caption\":\"exTerra Services s.r.o.\"},\"image\":{\"@id\":\"https:\\\/\\\/www.exterra-services.cz\\\/#\\\/schema\\\/logo\\\/image\\\/\"}}]}<\/script>\n<!-- \/ Yoast SEO plugin. -->","yoast_head_json":{"title":"Bezpe\u010dnost ICT a IS &#8226; exTerra Services &#8226; profesion\u00e1ln\u00ed IT \u0159e\u0161en\u00ed","description":"Bezpe\u010dnost ICT je pro n\u00e1s komplexn\u00ed \u00faloha zahrnuj\u00edc\u00ed organiza\u010dn\u00ed opat\u0159en\u00ed, nastaven\u00ed proces\u016f a samoz\u0159ejm\u011b technologick\u00e9 prvky.","robots":{"index":"index","follow":"follow","max-snippet":"max-snippet:-1","max-image-preview":"max-image-preview:large","max-video-preview":"max-video-preview:-1"},"canonical":"https:\/\/www.exterra-services.cz\/index.php\/bezpecnost-ict-a-is\/","og_locale":"cs_CZ","og_type":"article","og_title":"Bezpe\u010dnost ICT a IS &#8226; exTerra Services &#8226; profesion\u00e1ln\u00ed IT \u0159e\u0161en\u00ed","og_description":"Bezpe\u010dnost ICT je pro n\u00e1s komplexn\u00ed \u00faloha zahrnuj\u00edc\u00ed organiza\u010dn\u00ed opat\u0159en\u00ed, nastaven\u00ed proces\u016f a samoz\u0159ejm\u011b technologick\u00e9 prvky.","og_url":"https:\/\/www.exterra-services.cz\/index.php\/bezpecnost-ict-a-is\/","og_site_name":"exTerra Services","article_modified_time":"2025-02-27T09:18:07+00:00","twitter_card":"summary_large_image","twitter_misc":{"Odhadovan\u00e1 doba \u010dten\u00ed":"1 minuta"},"schema":{"@context":"https:\/\/schema.org","@graph":[{"@type":"WebPage","@id":"https:\/\/www.exterra-services.cz\/index.php\/bezpecnost-ict-a-is\/","url":"https:\/\/www.exterra-services.cz\/index.php\/bezpecnost-ict-a-is\/","name":"Bezpe\u010dnost ICT a IS &#8226; exTerra Services &#8226; profesion\u00e1ln\u00ed IT \u0159e\u0161en\u00ed","isPartOf":{"@id":"https:\/\/www.exterra-services.cz\/#website"},"datePublished":"2018-12-03T15:03:41+00:00","dateModified":"2025-02-27T09:18:07+00:00","description":"Bezpe\u010dnost ICT je pro n\u00e1s komplexn\u00ed \u00faloha zahrnuj\u00edc\u00ed organiza\u010dn\u00ed opat\u0159en\u00ed, nastaven\u00ed proces\u016f a samoz\u0159ejm\u011b technologick\u00e9 prvky.","breadcrumb":{"@id":"https:\/\/www.exterra-services.cz\/index.php\/bezpecnost-ict-a-is\/#breadcrumb"},"inLanguage":"cs","potentialAction":[{"@type":"ReadAction","target":["https:\/\/www.exterra-services.cz\/index.php\/bezpecnost-ict-a-is\/"]}]},{"@type":"BreadcrumbList","@id":"https:\/\/www.exterra-services.cz\/index.php\/bezpecnost-ict-a-is\/#breadcrumb","itemListElement":[{"@type":"ListItem","position":1,"name":"Dom\u016f","item":"https:\/\/www.exterra-services.cz\/"},{"@type":"ListItem","position":2,"name":"Bezpe\u010dnost ICT a IS"}]},{"@type":"WebSite","@id":"https:\/\/www.exterra-services.cz\/#website","url":"https:\/\/www.exterra-services.cz\/","name":"exTerra Services","description":"profesion\u00e1ln\u00ed IT \u0159e\u0161en\u00ed","publisher":{"@id":"https:\/\/www.exterra-services.cz\/#organization"},"potentialAction":[{"@type":"SearchAction","target":{"@type":"EntryPoint","urlTemplate":"https:\/\/www.exterra-services.cz\/?s={search_term_string}"},"query-input":{"@type":"PropertyValueSpecification","valueRequired":true,"valueName":"search_term_string"}}],"inLanguage":"cs"},{"@type":"Organization","@id":"https:\/\/www.exterra-services.cz\/#organization","name":"exTerra Services s.r.o.","url":"https:\/\/www.exterra-services.cz\/","logo":{"@type":"ImageObject","inLanguage":"cs","@id":"https:\/\/www.exterra-services.cz\/#\/schema\/logo\/image\/","url":"https:\/\/www.exterra-services.cz\/wp-content\/uploads\/2018\/12\/logo.png","contentUrl":"https:\/\/www.exterra-services.cz\/wp-content\/uploads\/2018\/12\/logo.png","width":1280,"height":720,"caption":"exTerra Services s.r.o."},"image":{"@id":"https:\/\/www.exterra-services.cz\/#\/schema\/logo\/image\/"}}]}},"jetpack_sharing_enabled":true,"_links":{"self":[{"href":"https:\/\/www.exterra-services.cz\/index.php\/wp-json\/wp\/v2\/pages\/122","targetHints":{"allow":["GET"]}}],"collection":[{"href":"https:\/\/www.exterra-services.cz\/index.php\/wp-json\/wp\/v2\/pages"}],"about":[{"href":"https:\/\/www.exterra-services.cz\/index.php\/wp-json\/wp\/v2\/types\/page"}],"author":[{"embeddable":true,"href":"https:\/\/www.exterra-services.cz\/index.php\/wp-json\/wp\/v2\/users\/1"}],"replies":[{"embeddable":true,"href":"https:\/\/www.exterra-services.cz\/index.php\/wp-json\/wp\/v2\/comments?post=122"}],"version-history":[{"count":7,"href":"https:\/\/www.exterra-services.cz\/index.php\/wp-json\/wp\/v2\/pages\/122\/revisions"}],"predecessor-version":[{"id":4700,"href":"https:\/\/www.exterra-services.cz\/index.php\/wp-json\/wp\/v2\/pages\/122\/revisions\/4700"}],"wp:attachment":[{"href":"https:\/\/www.exterra-services.cz\/index.php\/wp-json\/wp\/v2\/media?parent=122"}],"curies":[{"name":"wp","href":"https:\/\/api.w.org\/{rel}","templated":true}]}}