{"id":1076,"date":"2019-01-25T23:12:01","date_gmt":"2019-01-25T22:12:01","guid":{"rendered":"http:\/\/192.168.156.19\/?page_id=1076"},"modified":"2021-09-13T18:49:00","modified_gmt":"2021-09-13T16:49:00","slug":"ibm-lotus-domino-krizove-a-havarijni-situace","status":"publish","type":"page","link":"https:\/\/www.exterra-services.cz\/index.php\/ibm-lotus-domino-krizove-a-havarijni-situace\/","title":{"rendered":"IBM Lotus Domino &#8211; krizov\u00e9 a havarijn\u00ed situace"},"content":{"rendered":"<h4 style=\"text-align: center;\"><span style=\"color: #000000;\">\u00da\u010dast na \u0161kolen\u00ed je nutn\u00e9 rezervovat minim\u00e1ln\u011b 14 dn\u00ed p\u0159edem!<\/span><br \/>\n<span style=\"color: #000000;\">Individu\u00e1ln\u00ed term\u00edn lze ur\u010dit po p\u0159edchoz\u00ed domluv\u011b.<\/span><\/h4>\n<p><span style=\"color: #000000;\">Smyslem tohoto programu je procvi\u010dit s \u00fa\u010dastn\u00edky kurzu m\u00e9n\u011b obvykl\u00e9 operace s technologi\u00ed IBM Lotus Domino, sezn\u00e1mit je s obecn\u011b platn\u00fdmi postupy p\u0159i \u0159e\u0161en\u00ed probl\u00e9m\u016f a nau\u010dit systematicky \u0159e\u0161it vznikl\u00e9 krize a hav\u00e1rie.<\/span><\/p>\n<hr \/>\n<h5><span style=\"color: #000000;\"><strong>Tr\u00e9nink pokr\u00fdv\u00e1 n\u00e1sleduj\u00edc\u00ed oblasti, kter\u00e9 je mo\u017eno po dohod\u011b roz\u0161\u00ed\u0159it o dal\u0161\u00ed body:<\/strong><\/span><\/h5>\n<ul>\n<li style=\"padding: 0px; margin: 5px; position: relative; list-style-image: url('..\/dx\/li.jpg\/$file\/li.jpg'); list-style-position: inside; font-size: 14.3px;\"><span style=\"color: #000000;\">konfigurace opera\u010dn\u00edho syst\u00e9mu pro b\u011bh Domina;<\/span><\/li>\n<li style=\"padding: 0px; margin: 5px; position: relative; list-style-image: url('..\/dx\/li.jpg\/$file\/li.jpg'); list-style-position: inside; font-size: 14.3px;\"><span style=\"color: #000000;\">fyzick\u00e1 instalace;<\/span><\/li>\n<li style=\"padding: 0px; margin: 5px; position: relative; list-style-image: url('..\/dx\/li.jpg\/$file\/li.jpg'); list-style-position: inside; font-size: 14.3px;\"><span style=\"color: #000000;\">aplikace oprav \u2013 hotfix\u016f;<\/span><\/li>\n<li style=\"padding: 0px; margin: 5px; position: relative; list-style-image: url('..\/dx\/li.jpg\/$file\/li.jpg'); list-style-position: inside; font-size: 14.3px;\"><span style=\"color: #000000;\">upgrade v r\u00e1mci hlavn\u00ed verze (nap\u0159. 8.0.0 na 8.0.1);<\/span><\/li>\n<li style=\"padding: 0px; margin: 5px; position: relative; list-style-image: url('..\/dx\/li.jpg\/$file\/li.jpg'); list-style-position: inside; font-size: 14.3px;\"><span style=\"color: #000000;\">upgrade na jinou hlavn\u00ed verzi (8.x na 8.5.x);<\/span><\/li>\n<li style=\"padding: 0px; margin: 5px; position: relative; list-style-image: url('..\/dx\/li.jpg\/$file\/li.jpg'); list-style-position: inside; font-size: 14.3px;\"><span style=\"color: #000000;\">certifikace, recertifikace a p\u0159ejmenov\u00e1v\u00e1n\u00ed u\u017eivatel\u016f;<\/span><\/li>\n<li style=\"padding: 0px; margin: 5px; position: relative; list-style-image: url('..\/dx\/li.jpg\/$file\/li.jpg'); list-style-position: inside; font-size: 14.3px;\"><span style=\"color: #000000;\">ID Vault \u2013 jak ho nasadit a spr\u00e1vn\u011b pou\u017e\u00edvat;<\/span><\/li>\n<li style=\"padding: 0px; margin: 5px; position: relative; list-style-image: url('..\/dx\/li.jpg\/$file\/li.jpg'); list-style-position: inside; font-size: 14.3px;\"><span style=\"color: #000000;\">konfigurace po\u0161ty \u2013 SMTP;<\/span><\/li>\n<li style=\"padding: 0px; margin: 5px; position: relative; list-style-image: url('..\/dx\/li.jpg\/$file\/li.jpg'); list-style-position: inside; font-size: 14.3px;\"><span style=\"color: #000000;\">ka\u017edodenn\u00ed \u00fadr\u017eba &#8211; logy, monitoring;<\/span><\/li>\n<li style=\"padding: 0px; margin: 5px; position: relative; list-style-image: url('..\/dx\/li.jpg\/$file\/li.jpg'); list-style-position: inside; font-size: 14.3px;\"><span style=\"color: #000000;\">Domino Domain Monitoring \u2013 konfigurace a pou\u017eit\u00ed;<\/span><\/li>\n<li style=\"padding: 0px; margin: 5px; position: relative; list-style-image: url('..\/dx\/li.jpg\/$file\/li.jpg'); list-style-position: inside; font-size: 14.3px;\"><span style=\"color: #000000;\">instalace a konfigurace internetov\u00fdch slu\u017eeb &#8211; HTTP (web server), IMAP, POP3;<\/span><\/li>\n<li style=\"padding: 0px; margin: 5px; position: relative; list-style-image: url('..\/dx\/li.jpg\/$file\/li.jpg'); list-style-position: inside; font-size: 14.3px;\"><span style=\"color: #000000;\">instalace certifika\u010dn\u00ed autority pro SSL certifik\u00e1ty;<\/span><\/li>\n<li style=\"padding: 0px; margin: 5px; position: relative; list-style-image: url('..\/dx\/li.jpg\/$file\/li.jpg'); list-style-position: inside; font-size: 14.3px;\"><span style=\"color: #000000;\">propojen\u00ed s ciz\u00edmi organizacemi &#8211; cross certifikace na \u00farovni organizac\u00ed, server\u016f a u\u017eivatel\u016f;<\/span><\/li>\n<li style=\"padding: 0px; margin: 5px; position: relative; list-style-image: url('..\/dx\/li.jpg\/$file\/li.jpg'); list-style-position: inside; font-size: 14.3px;\"><span style=\"color: #000000;\">z\u00e1lohov\u00e1n\u00ed a obnova syst\u00e9mu \u2013 doporu\u010den\u00e9 postupy, praxe;<\/span><\/li>\n<li style=\"padding: 0px; margin: 5px; position: relative; list-style-image: url('..\/dx\/li.jpg\/$file\/li.jpg'); list-style-position: inside; font-size: 14.3px;\"><span style=\"color: #000000;\">p\u0159enos syst\u00e9mu na jin\u00fd HW\/jinou platformu OS;<\/span><\/li>\n<li style=\"padding: 0px; margin: 5px; position: relative; list-style-image: url('..\/dx\/li.jpg\/$file\/li.jpg'); list-style-position: inside; font-size: 14.3px;\"><span style=\"color: #000000;\">diagnostika a \u0159e\u0161en\u00ed probl\u00e9m\u016f;<\/span><\/li>\n<li style=\"padding: 0px; margin: 5px; position: relative; list-style-image: url('..\/dx\/li.jpg\/$file\/li.jpg'); list-style-position: inside; font-size: 14.3px;\"><span style=\"color: #000000;\">po prvn\u00edm dnu lektor frekventant\u016fm vygeneruje na instalovan\u00fdch syst\u00e9mech r\u016fzn\u00e9 z\u00e1vady pro praktick\u00e9 ov\u011b\u0159en\u00ed zvl\u00e1dnut\u00ed procesu z\u00e1lohov\u00e1n\u00ed\/obnovy a procvi\u010den\u00ed r\u016fzn\u00fdch sc\u00e9n\u00e1\u0159\u016f \u0159e\u0161en\u00ed;<\/span><\/li>\n<li style=\"padding: 0px; margin: 5px; position: relative; list-style-image: url('..\/dx\/li.jpg\/$file\/li.jpg'); list-style-position: inside; font-size: 14.3px;\"><span style=\"color: #000000;\">krizov\u00e1 komunikace s u\u017eivateli v p\u0159\u00edpad\u011b hav\u00e1ri\u00ed.<\/span><\/li>\n<\/ul>\n<hr \/>\n<p><span style=\"color: #000000;\">Rozsah tr\u00e9ninku:\u00a0<strong>2 dny<\/strong><\/span><\/p>\n<p><span style=\"color: #000000;\">Frekventanti maj\u00ed k dispozici vlastn\u00ed PC, na n\u011bm\u017e pracuj\u00ed.<\/span><br \/>\n<span style=\"color: #000000;\">V cen\u011b jsou zahrnuty ti\u0161t\u011bn\u00e9 materi\u00e1ly a CD s pou\u017eit\u00fdmi n\u00e1stroji a dokumentac\u00ed.<\/span><br \/>\n<span style=\"color: #000000;\">Ka\u017ed\u00fd z\u00fa\u010dastn\u011bn\u00fd obdr\u017e\u00ed certifik\u00e1t o absolvov\u00e1n\u00ed kurzu.<\/span><br \/>\n<span style=\"color: #000000;\">V dob\u011b p\u0159est\u00e1vek bude frekventant\u016fm k dispozici k\u00e1va, \u010daj, nealko a su\u0161enky.<\/span><\/p>\n<h4 style=\"text-align: center;\"><span style=\"color: #000000;\">Cena\/osobu\/2 dny: <strong>17.500 K\u010d bez DPH<\/strong><\/span><\/h4>\n","protected":false},"excerpt":{"rendered":"<p>\u00da\u010dast na \u0161kolen\u00ed je nutn\u00e9 rezervovat minim\u00e1ln\u011b 14 dn\u00ed p\u0159edem! Individu\u00e1ln\u00ed term\u00edn lze ur\u010dit po p\u0159edchoz\u00ed domluv\u011b. Smyslem tohoto programu je procvi\u010dit s \u00fa\u010dastn\u00edky kurzu m\u00e9n\u011b obvykl\u00e9 operace s technologi\u00ed IBM Lotus Domino, sezn\u00e1mit je s obecn\u011b platn\u00fdmi postupy p\u0159i \u0159e\u0161en\u00ed probl\u00e9m\u016f a nau\u010dit systematicky \u0159e\u0161it vznikl\u00e9 krize a hav\u00e1rie. Tr\u00e9nink pokr\u00fdv\u00e1 n\u00e1sleduj\u00edc\u00ed oblasti, kter\u00e9 [&hellip;]<\/p>\n","protected":false},"author":1,"featured_media":0,"parent":0,"menu_order":0,"comment_status":"closed","ping_status":"closed","template":"","meta":{"ocean_post_layout":"","ocean_both_sidebars_style":"","ocean_both_sidebars_content_width":0,"ocean_both_sidebars_sidebars_width":0,"ocean_sidebar":"0","ocean_second_sidebar":"0","ocean_disable_margins":"enable","ocean_add_body_class":"","ocean_shortcode_before_top_bar":"","ocean_shortcode_after_top_bar":"","ocean_shortcode_before_header":"","ocean_shortcode_after_header":"","ocean_has_shortcode":"","ocean_shortcode_after_title":"","ocean_shortcode_before_footer_widgets":"","ocean_shortcode_after_footer_widgets":"","ocean_shortcode_before_footer_bottom":"","ocean_shortcode_after_footer_bottom":"","ocean_display_top_bar":"default","ocean_display_header":"default","ocean_header_style":"","ocean_center_header_left_menu":"0","ocean_custom_header_template":"0","ocean_custom_logo":0,"ocean_custom_retina_logo":0,"ocean_custom_logo_max_width":0,"ocean_custom_logo_tablet_max_width":0,"ocean_custom_logo_mobile_max_width":0,"ocean_custom_logo_max_height":0,"ocean_custom_logo_tablet_max_height":0,"ocean_custom_logo_mobile_max_height":0,"ocean_header_custom_menu":"0","ocean_menu_typo_font_family":"0","ocean_menu_typo_font_subset":"","ocean_menu_typo_font_size":0,"ocean_menu_typo_font_size_tablet":0,"ocean_menu_typo_font_size_mobile":0,"ocean_menu_typo_font_size_unit":"px","ocean_menu_typo_font_weight":"","ocean_menu_typo_font_weight_tablet":"","ocean_menu_typo_font_weight_mobile":"","ocean_menu_typo_transform":"","ocean_menu_typo_transform_tablet":"","ocean_menu_typo_transform_mobile":"","ocean_menu_typo_line_height":0,"ocean_menu_typo_line_height_tablet":0,"ocean_menu_typo_line_height_mobile":0,"ocean_menu_typo_line_height_unit":"","ocean_menu_typo_spacing":0,"ocean_menu_typo_spacing_tablet":0,"ocean_menu_typo_spacing_mobile":0,"ocean_menu_typo_spacing_unit":"","ocean_menu_link_color":"","ocean_menu_link_color_hover":"","ocean_menu_link_color_active":"","ocean_menu_link_background":"","ocean_menu_link_hover_background":"","ocean_menu_link_active_background":"","ocean_menu_social_links_bg":"","ocean_menu_social_hover_links_bg":"","ocean_menu_social_links_color":"","ocean_menu_social_hover_links_color":"","ocean_disable_title":"default","ocean_disable_heading":"default","ocean_post_title":"","ocean_post_subheading":"","ocean_post_title_style":"","ocean_post_title_background_color":"","ocean_post_title_background":0,"ocean_post_title_bg_image_position":"","ocean_post_title_bg_image_attachment":"","ocean_post_title_bg_image_repeat":"","ocean_post_title_bg_image_size":"","ocean_post_title_height":0,"ocean_post_title_bg_overlay":0.5,"ocean_post_title_bg_overlay_color":"","ocean_disable_breadcrumbs":"default","ocean_breadcrumbs_color":"","ocean_breadcrumbs_separator_color":"","ocean_breadcrumbs_links_color":"","ocean_breadcrumbs_links_hover_color":"","ocean_display_footer_widgets":"default","ocean_display_footer_bottom":"default","ocean_custom_footer_template":"0","footnotes":""},"class_list":["post-1076","page","type-page","status-publish","hentry","entry"],"yoast_head":"<!-- This site is optimized with the Yoast SEO plugin v27.4 - https:\/\/yoast.com\/product\/yoast-seo-wordpress\/ -->\n<title>Lotus Domino &#8226; exTerra Services &#8226; profesion\u00e1ln\u00ed IT \u0159e\u0161en\u00ed<\/title>\n<meta name=\"description\" content=\"Procvi\u010dit s \u00fa\u010dastn\u00edky kurzu m\u00e9n\u011b obvykl\u00e9 operace s technologi\u00ed IBM Lotus Domino, sezn\u00e1mit je s obecn\u011b platn\u00fdmi postupy p\u0159i \u0159e\u0161en\u00ed\" \/>\n<meta name=\"robots\" content=\"index, follow, max-snippet:-1, max-image-preview:large, max-video-preview:-1\" \/>\n<link rel=\"canonical\" href=\"https:\/\/www.exterra-services.cz\/index.php\/ibm-lotus-domino-krizove-a-havarijni-situace\/\" \/>\n<meta property=\"og:locale\" content=\"cs_CZ\" \/>\n<meta property=\"og:type\" content=\"article\" \/>\n<meta property=\"og:title\" content=\"Lotus Domino &#8226; exTerra Services &#8226; profesion\u00e1ln\u00ed IT \u0159e\u0161en\u00ed\" \/>\n<meta property=\"og:description\" content=\"Procvi\u010dit s \u00fa\u010dastn\u00edky kurzu m\u00e9n\u011b obvykl\u00e9 operace s technologi\u00ed IBM Lotus Domino, sezn\u00e1mit je s obecn\u011b platn\u00fdmi postupy p\u0159i \u0159e\u0161en\u00ed\" \/>\n<meta property=\"og:url\" content=\"https:\/\/www.exterra-services.cz\/index.php\/ibm-lotus-domino-krizove-a-havarijni-situace\/\" \/>\n<meta property=\"og:site_name\" content=\"exTerra Services\" \/>\n<meta property=\"article:modified_time\" content=\"2021-09-13T16:49:00+00:00\" \/>\n<meta name=\"twitter:card\" content=\"summary_large_image\" \/>\n<meta name=\"twitter:label1\" content=\"Odhadovan\u00e1 doba \u010dten\u00ed\" \/>\n\t<meta name=\"twitter:data1\" content=\"2 minuty\" \/>\n<script type=\"application\/ld+json\" class=\"yoast-schema-graph\">{\"@context\":\"https:\\\/\\\/schema.org\",\"@graph\":[{\"@type\":\"WebPage\",\"@id\":\"https:\\\/\\\/www.exterra-services.cz\\\/index.php\\\/ibm-lotus-domino-krizove-a-havarijni-situace\\\/\",\"url\":\"https:\\\/\\\/www.exterra-services.cz\\\/index.php\\\/ibm-lotus-domino-krizove-a-havarijni-situace\\\/\",\"name\":\"Lotus Domino &#8226; exTerra Services &#8226; profesion\u00e1ln\u00ed IT \u0159e\u0161en\u00ed\",\"isPartOf\":{\"@id\":\"https:\\\/\\\/www.exterra-services.cz\\\/#website\"},\"datePublished\":\"2019-01-25T22:12:01+00:00\",\"dateModified\":\"2021-09-13T16:49:00+00:00\",\"description\":\"Procvi\u010dit s \u00fa\u010dastn\u00edky kurzu m\u00e9n\u011b obvykl\u00e9 operace s technologi\u00ed IBM Lotus Domino, sezn\u00e1mit je s obecn\u011b platn\u00fdmi postupy p\u0159i \u0159e\u0161en\u00ed\",\"breadcrumb\":{\"@id\":\"https:\\\/\\\/www.exterra-services.cz\\\/index.php\\\/ibm-lotus-domino-krizove-a-havarijni-situace\\\/#breadcrumb\"},\"inLanguage\":\"cs\",\"potentialAction\":[{\"@type\":\"ReadAction\",\"target\":[\"https:\\\/\\\/www.exterra-services.cz\\\/index.php\\\/ibm-lotus-domino-krizove-a-havarijni-situace\\\/\"]}]},{\"@type\":\"BreadcrumbList\",\"@id\":\"https:\\\/\\\/www.exterra-services.cz\\\/index.php\\\/ibm-lotus-domino-krizove-a-havarijni-situace\\\/#breadcrumb\",\"itemListElement\":[{\"@type\":\"ListItem\",\"position\":1,\"name\":\"Dom\u016f\",\"item\":\"https:\\\/\\\/www.exterra-services.cz\\\/\"},{\"@type\":\"ListItem\",\"position\":2,\"name\":\"IBM Lotus Domino &#8211; krizov\u00e9 a havarijn\u00ed situace\"}]},{\"@type\":\"WebSite\",\"@id\":\"https:\\\/\\\/www.exterra-services.cz\\\/#website\",\"url\":\"https:\\\/\\\/www.exterra-services.cz\\\/\",\"name\":\"exTerra Services\",\"description\":\"profesion\u00e1ln\u00ed IT \u0159e\u0161en\u00ed\",\"publisher\":{\"@id\":\"https:\\\/\\\/www.exterra-services.cz\\\/#organization\"},\"potentialAction\":[{\"@type\":\"SearchAction\",\"target\":{\"@type\":\"EntryPoint\",\"urlTemplate\":\"https:\\\/\\\/www.exterra-services.cz\\\/?s={search_term_string}\"},\"query-input\":{\"@type\":\"PropertyValueSpecification\",\"valueRequired\":true,\"valueName\":\"search_term_string\"}}],\"inLanguage\":\"cs\"},{\"@type\":\"Organization\",\"@id\":\"https:\\\/\\\/www.exterra-services.cz\\\/#organization\",\"name\":\"exTerra Services s.r.o.\",\"url\":\"https:\\\/\\\/www.exterra-services.cz\\\/\",\"logo\":{\"@type\":\"ImageObject\",\"inLanguage\":\"cs\",\"@id\":\"https:\\\/\\\/www.exterra-services.cz\\\/#\\\/schema\\\/logo\\\/image\\\/\",\"url\":\"https:\\\/\\\/www.exterra-services.cz\\\/wp-content\\\/uploads\\\/2018\\\/12\\\/logo.png\",\"contentUrl\":\"https:\\\/\\\/www.exterra-services.cz\\\/wp-content\\\/uploads\\\/2018\\\/12\\\/logo.png\",\"width\":1280,\"height\":720,\"caption\":\"exTerra Services s.r.o.\"},\"image\":{\"@id\":\"https:\\\/\\\/www.exterra-services.cz\\\/#\\\/schema\\\/logo\\\/image\\\/\"}}]}<\/script>\n<!-- \/ Yoast SEO plugin. -->","yoast_head_json":{"title":"Lotus Domino &#8226; exTerra Services &#8226; profesion\u00e1ln\u00ed IT \u0159e\u0161en\u00ed","description":"Procvi\u010dit s \u00fa\u010dastn\u00edky kurzu m\u00e9n\u011b obvykl\u00e9 operace s technologi\u00ed IBM Lotus Domino, sezn\u00e1mit je s obecn\u011b platn\u00fdmi postupy p\u0159i \u0159e\u0161en\u00ed","robots":{"index":"index","follow":"follow","max-snippet":"max-snippet:-1","max-image-preview":"max-image-preview:large","max-video-preview":"max-video-preview:-1"},"canonical":"https:\/\/www.exterra-services.cz\/index.php\/ibm-lotus-domino-krizove-a-havarijni-situace\/","og_locale":"cs_CZ","og_type":"article","og_title":"Lotus Domino &#8226; exTerra Services &#8226; profesion\u00e1ln\u00ed IT \u0159e\u0161en\u00ed","og_description":"Procvi\u010dit s \u00fa\u010dastn\u00edky kurzu m\u00e9n\u011b obvykl\u00e9 operace s technologi\u00ed IBM Lotus Domino, sezn\u00e1mit je s obecn\u011b platn\u00fdmi postupy p\u0159i \u0159e\u0161en\u00ed","og_url":"https:\/\/www.exterra-services.cz\/index.php\/ibm-lotus-domino-krizove-a-havarijni-situace\/","og_site_name":"exTerra Services","article_modified_time":"2021-09-13T16:49:00+00:00","twitter_card":"summary_large_image","twitter_misc":{"Odhadovan\u00e1 doba \u010dten\u00ed":"2 minuty"},"schema":{"@context":"https:\/\/schema.org","@graph":[{"@type":"WebPage","@id":"https:\/\/www.exterra-services.cz\/index.php\/ibm-lotus-domino-krizove-a-havarijni-situace\/","url":"https:\/\/www.exterra-services.cz\/index.php\/ibm-lotus-domino-krizove-a-havarijni-situace\/","name":"Lotus Domino &#8226; exTerra Services &#8226; profesion\u00e1ln\u00ed IT \u0159e\u0161en\u00ed","isPartOf":{"@id":"https:\/\/www.exterra-services.cz\/#website"},"datePublished":"2019-01-25T22:12:01+00:00","dateModified":"2021-09-13T16:49:00+00:00","description":"Procvi\u010dit s \u00fa\u010dastn\u00edky kurzu m\u00e9n\u011b obvykl\u00e9 operace s technologi\u00ed IBM Lotus Domino, sezn\u00e1mit je s obecn\u011b platn\u00fdmi postupy p\u0159i \u0159e\u0161en\u00ed","breadcrumb":{"@id":"https:\/\/www.exterra-services.cz\/index.php\/ibm-lotus-domino-krizove-a-havarijni-situace\/#breadcrumb"},"inLanguage":"cs","potentialAction":[{"@type":"ReadAction","target":["https:\/\/www.exterra-services.cz\/index.php\/ibm-lotus-domino-krizove-a-havarijni-situace\/"]}]},{"@type":"BreadcrumbList","@id":"https:\/\/www.exterra-services.cz\/index.php\/ibm-lotus-domino-krizove-a-havarijni-situace\/#breadcrumb","itemListElement":[{"@type":"ListItem","position":1,"name":"Dom\u016f","item":"https:\/\/www.exterra-services.cz\/"},{"@type":"ListItem","position":2,"name":"IBM Lotus Domino &#8211; krizov\u00e9 a havarijn\u00ed situace"}]},{"@type":"WebSite","@id":"https:\/\/www.exterra-services.cz\/#website","url":"https:\/\/www.exterra-services.cz\/","name":"exTerra Services","description":"profesion\u00e1ln\u00ed IT \u0159e\u0161en\u00ed","publisher":{"@id":"https:\/\/www.exterra-services.cz\/#organization"},"potentialAction":[{"@type":"SearchAction","target":{"@type":"EntryPoint","urlTemplate":"https:\/\/www.exterra-services.cz\/?s={search_term_string}"},"query-input":{"@type":"PropertyValueSpecification","valueRequired":true,"valueName":"search_term_string"}}],"inLanguage":"cs"},{"@type":"Organization","@id":"https:\/\/www.exterra-services.cz\/#organization","name":"exTerra Services s.r.o.","url":"https:\/\/www.exterra-services.cz\/","logo":{"@type":"ImageObject","inLanguage":"cs","@id":"https:\/\/www.exterra-services.cz\/#\/schema\/logo\/image\/","url":"https:\/\/www.exterra-services.cz\/wp-content\/uploads\/2018\/12\/logo.png","contentUrl":"https:\/\/www.exterra-services.cz\/wp-content\/uploads\/2018\/12\/logo.png","width":1280,"height":720,"caption":"exTerra Services s.r.o."},"image":{"@id":"https:\/\/www.exterra-services.cz\/#\/schema\/logo\/image\/"}}]}},"jetpack_sharing_enabled":true,"_links":{"self":[{"href":"https:\/\/www.exterra-services.cz\/index.php\/wp-json\/wp\/v2\/pages\/1076","targetHints":{"allow":["GET"]}}],"collection":[{"href":"https:\/\/www.exterra-services.cz\/index.php\/wp-json\/wp\/v2\/pages"}],"about":[{"href":"https:\/\/www.exterra-services.cz\/index.php\/wp-json\/wp\/v2\/types\/page"}],"author":[{"embeddable":true,"href":"https:\/\/www.exterra-services.cz\/index.php\/wp-json\/wp\/v2\/users\/1"}],"replies":[{"embeddable":true,"href":"https:\/\/www.exterra-services.cz\/index.php\/wp-json\/wp\/v2\/comments?post=1076"}],"version-history":[{"count":2,"href":"https:\/\/www.exterra-services.cz\/index.php\/wp-json\/wp\/v2\/pages\/1076\/revisions"}],"predecessor-version":[{"id":3551,"href":"https:\/\/www.exterra-services.cz\/index.php\/wp-json\/wp\/v2\/pages\/1076\/revisions\/3551"}],"wp:attachment":[{"href":"https:\/\/www.exterra-services.cz\/index.php\/wp-json\/wp\/v2\/media?parent=1076"}],"curies":[{"name":"wp","href":"https:\/\/api.w.org\/{rel}","templated":true}]}}