{"id":1074,"date":"2019-01-25T23:10:32","date_gmt":"2019-01-25T22:10:32","guid":{"rendered":"http:\/\/192.168.156.19\/?page_id=1074"},"modified":"2021-09-13T19:02:41","modified_gmt":"2021-09-13T17:02:41","slug":"ibm-lotus-domino-ovladnete-administration-process-a-agent-manager","status":"publish","type":"page","link":"https:\/\/www.exterra-services.cz\/index.php\/ibm-lotus-domino-ovladnete-administration-process-a-agent-manager\/","title":{"rendered":"HCL Lotus Domino &#8211; ovl\u00e1dn\u011bte Administration Process a Agent Manager"},"content":{"rendered":"<h4 style=\"text-align: center;\"><span style=\"color: #000000;\">\u00da\u010dast na \u0161kolen\u00ed je nutn\u00e9 rezervovat minim\u00e1ln\u011b 14 dn\u00ed p\u0159edem!<\/span><br \/>\n<span style=\"color: #000000;\">Individu\u00e1ln\u00ed term\u00edn lze ur\u010dit po p\u0159edchoz\u00ed domluv\u011b.<\/span><\/h4>\n<p><span style=\"color: #000000;\">Smyslem tohoto programu je detailn\u00ed sezn\u00e1men\u00ed se dv\u011bma st\u011b\u017eejn\u00edmi procesy IBM Lotus Domino serveru \u2013\u00a0<strong>Administra\u010dn\u00edm procesem\u00a0<\/strong>zodpov\u011bdn\u00fdm za v\u00edce jak 180 \u010dinnost\u00ed a\u00a0<strong>Agent Managerem<\/strong>\u00a0zodpov\u011bdn\u00fdm za spr\u00e1vu a spou\u0161t\u011bn\u00ed agent\u016f v aplikac\u00edch Lotus Notes. Ob\u011b komponenty vy\u017eaduj\u00ed p\u0159i \u0159e\u0161en\u00ed probl\u00e9m\u016f s Domino serverem a aplikacemi detailn\u00ed znalost jejich architektury, fungov\u00e1n\u00ed a ovl\u00e1d\u00e1n\u00ed.<\/span><\/p>\n<hr \/>\n<h5><span style=\"color: #000000;\"><strong>Obsahem tr\u00e9ninku jsou n\u00e1sleduj\u00edc\u00ed oblasti, kter\u00e9 je mo\u017eno po dohod\u011b roz\u0161\u00ed\u0159it o dal\u0161\u00ed body:<\/strong><\/span><\/h5>\n<ul>\n<li style=\"padding: 0px; margin: 5px; position: relative; list-style-image: url('..\/dx\/li.jpg\/$file\/li.jpg'); list-style-position: inside; font-size: 14.3px;\"><span style=\"color: #000000;\">Administration Process \u2013 architektura, z\u00e1kladn\u00ed nastaven\u00ed;<\/span><\/li>\n<li style=\"padding: 0px; margin: 5px; position: relative; list-style-image: url('..\/dx\/li.jpg\/$file\/li.jpg'); list-style-position: inside; font-size: 14.3px;\"><span style=\"color: #000000;\">ADMIN4.NSF \u2013 spr\u00e1vn\u00e9 nastaven\u00ed a pou\u017eit\u00ed;<\/span><\/li>\n<li style=\"padding: 0px; margin: 5px; position: relative; list-style-image: url('..\/dx\/li.jpg\/$file\/li.jpg'); list-style-position: inside; font-size: 14.3px;\"><span style=\"color: #000000;\">AdminP \u2013 spr\u00e1vn\u00e9 nasazen\u00ed v Domino dom\u00e9n\u011b;<\/span><\/li>\n<li style=\"padding: 0px; margin: 5px; position: relative; list-style-image: url('..\/dx\/li.jpg\/$file\/li.jpg'); list-style-position: inside; font-size: 14.3px;\"><span style=\"color: #000000;\">AdminP \u2013 ovl\u00e1d\u00e1n\u00ed, logov\u00e1n\u00ed \u010dinnosti;<\/span><\/li>\n<li style=\"padding: 0px; margin: 5px; position: relative; list-style-image: url('..\/dx\/li.jpg\/$file\/li.jpg'); list-style-position: inside; font-size: 14.3px;\"><span style=\"color: #000000;\">Agent Manager \u2013 architektura, z\u00e1kladn\u00ed nastaven\u00ed;<\/span><\/li>\n<li style=\"padding: 0px; margin: 5px; position: relative; list-style-image: url('..\/dx\/li.jpg\/$file\/li.jpg'); list-style-position: inside; font-size: 14.3px;\"><span style=\"color: #000000;\">AgentMgr \u2013 ovl\u00e1d\u00e1n\u00ed, logov\u00e1n\u00ed \u010dinnosti.<\/span><\/li>\n<\/ul>\n<hr \/>\n<p><span style=\"color: #000000;\">Rozsah tr\u00e9ninku:\u00a0<strong>1 den<\/strong><\/span><\/p>\n<p><span style=\"color: #000000;\">Frekventanti maj\u00ed k dispozici vlastn\u00ed PC, na n\u011bm\u017e pracuj\u00ed.<\/span><\/p>\n<p><span style=\"color: #000000;\">V cen\u011b jsou zahrnuty materi\u00e1ly a CD\/USB s pou\u017eit\u00fdmi n\u00e1stroji a dokumentac\u00ed.<\/span><\/p>\n<p><span style=\"color: #000000;\">Ka\u017ed\u00fd z\u00fa\u010dastn\u011bn\u00fd obdr\u017e\u00ed certifik\u00e1t o absolvov\u00e1n\u00ed kurzu.<\/span><\/p>\n<p><span style=\"color: #000000;\">V dob\u011b p\u0159est\u00e1vek bude frekventant\u016fm k dispozici k\u00e1va, \u010daj, nealko a su\u0161enky.<\/span><\/p>\n<h4 style=\"text-align: center;\"><span style=\"color: #000000;\">Cena\/osobu\/1 den: <strong>11.200 K\u010d bez DPH<\/strong><\/span><\/h4>\n","protected":false},"excerpt":{"rendered":"<p>\u00da\u010dast na \u0161kolen\u00ed je nutn\u00e9 rezervovat minim\u00e1ln\u011b 14 dn\u00ed p\u0159edem! Individu\u00e1ln\u00ed term\u00edn lze ur\u010dit po p\u0159edchoz\u00ed domluv\u011b. Smyslem tohoto programu je detailn\u00ed sezn\u00e1men\u00ed se dv\u011bma st\u011b\u017eejn\u00edmi procesy IBM Lotus Domino serveru \u2013\u00a0Administra\u010dn\u00edm procesem\u00a0zodpov\u011bdn\u00fdm za v\u00edce jak 180 \u010dinnost\u00ed a\u00a0Agent Managerem\u00a0zodpov\u011bdn\u00fdm za spr\u00e1vu a spou\u0161t\u011bn\u00ed agent\u016f v aplikac\u00edch Lotus Notes. Ob\u011b komponenty vy\u017eaduj\u00ed p\u0159i \u0159e\u0161en\u00ed probl\u00e9m\u016f [&hellip;]<\/p>\n","protected":false},"author":1,"featured_media":0,"parent":0,"menu_order":0,"comment_status":"closed","ping_status":"closed","template":"","meta":{"ocean_post_layout":"","ocean_both_sidebars_style":"","ocean_both_sidebars_content_width":0,"ocean_both_sidebars_sidebars_width":0,"ocean_sidebar":"0","ocean_second_sidebar":"0","ocean_disable_margins":"enable","ocean_add_body_class":"","ocean_shortcode_before_top_bar":"","ocean_shortcode_after_top_bar":"","ocean_shortcode_before_header":"","ocean_shortcode_after_header":"","ocean_has_shortcode":"","ocean_shortcode_after_title":"","ocean_shortcode_before_footer_widgets":"","ocean_shortcode_after_footer_widgets":"","ocean_shortcode_before_footer_bottom":"","ocean_shortcode_after_footer_bottom":"","ocean_display_top_bar":"default","ocean_display_header":"default","ocean_header_style":"","ocean_center_header_left_menu":"0","ocean_custom_header_template":"0","ocean_custom_logo":0,"ocean_custom_retina_logo":0,"ocean_custom_logo_max_width":0,"ocean_custom_logo_tablet_max_width":0,"ocean_custom_logo_mobile_max_width":0,"ocean_custom_logo_max_height":0,"ocean_custom_logo_tablet_max_height":0,"ocean_custom_logo_mobile_max_height":0,"ocean_header_custom_menu":"0","ocean_menu_typo_font_family":"0","ocean_menu_typo_font_subset":"","ocean_menu_typo_font_size":0,"ocean_menu_typo_font_size_tablet":0,"ocean_menu_typo_font_size_mobile":0,"ocean_menu_typo_font_size_unit":"px","ocean_menu_typo_font_weight":"","ocean_menu_typo_font_weight_tablet":"","ocean_menu_typo_font_weight_mobile":"","ocean_menu_typo_transform":"","ocean_menu_typo_transform_tablet":"","ocean_menu_typo_transform_mobile":"","ocean_menu_typo_line_height":0,"ocean_menu_typo_line_height_tablet":0,"ocean_menu_typo_line_height_mobile":0,"ocean_menu_typo_line_height_unit":"","ocean_menu_typo_spacing":0,"ocean_menu_typo_spacing_tablet":0,"ocean_menu_typo_spacing_mobile":0,"ocean_menu_typo_spacing_unit":"","ocean_menu_link_color":"","ocean_menu_link_color_hover":"","ocean_menu_link_color_active":"","ocean_menu_link_background":"","ocean_menu_link_hover_background":"","ocean_menu_link_active_background":"","ocean_menu_social_links_bg":"","ocean_menu_social_hover_links_bg":"","ocean_menu_social_links_color":"","ocean_menu_social_hover_links_color":"","ocean_disable_title":"default","ocean_disable_heading":"default","ocean_post_title":"","ocean_post_subheading":"","ocean_post_title_style":"","ocean_post_title_background_color":"","ocean_post_title_background":0,"ocean_post_title_bg_image_position":"","ocean_post_title_bg_image_attachment":"","ocean_post_title_bg_image_repeat":"","ocean_post_title_bg_image_size":"","ocean_post_title_height":0,"ocean_post_title_bg_overlay":0.5,"ocean_post_title_bg_overlay_color":"","ocean_disable_breadcrumbs":"default","ocean_breadcrumbs_color":"","ocean_breadcrumbs_separator_color":"","ocean_breadcrumbs_links_color":"","ocean_breadcrumbs_links_hover_color":"","ocean_display_footer_widgets":"default","ocean_display_footer_bottom":"default","ocean_custom_footer_template":"0","footnotes":""},"class_list":["post-1074","page","type-page","status-publish","hentry","entry"],"yoast_head":"<!-- This site is optimized with the Yoast SEO plugin v27.4 - https:\/\/yoast.com\/product\/yoast-seo-wordpress\/ -->\n<title>Lotus Domino &#8226; exTerra Services &#8226; profesion\u00e1ln\u00ed IT \u0159e\u0161en\u00ed<\/title>\n<meta name=\"description\" content=\"st\u011b\u017eejn\u00edmi procesy IBM Lotus Domino serveru \u2013\u00a0Administra\u010dn\u00edm procesem zodpov\u011bdn\u00fdm za v\u00edce jak 180 \u010dinnost\u00ed.\" \/>\n<meta name=\"robots\" content=\"index, follow, max-snippet:-1, max-image-preview:large, max-video-preview:-1\" \/>\n<link rel=\"canonical\" href=\"https:\/\/www.exterra-services.cz\/index.php\/ibm-lotus-domino-ovladnete-administration-process-a-agent-manager\/\" \/>\n<meta property=\"og:locale\" content=\"cs_CZ\" \/>\n<meta property=\"og:type\" content=\"article\" \/>\n<meta property=\"og:title\" content=\"Lotus Domino &#8226; exTerra Services &#8226; profesion\u00e1ln\u00ed IT \u0159e\u0161en\u00ed\" \/>\n<meta property=\"og:description\" content=\"st\u011b\u017eejn\u00edmi procesy IBM Lotus Domino serveru \u2013\u00a0Administra\u010dn\u00edm procesem zodpov\u011bdn\u00fdm za v\u00edce jak 180 \u010dinnost\u00ed.\" \/>\n<meta property=\"og:url\" content=\"https:\/\/www.exterra-services.cz\/index.php\/ibm-lotus-domino-ovladnete-administration-process-a-agent-manager\/\" \/>\n<meta property=\"og:site_name\" content=\"exTerra Services\" \/>\n<meta property=\"article:modified_time\" content=\"2021-09-13T17:02:41+00:00\" \/>\n<meta name=\"twitter:card\" content=\"summary_large_image\" \/>\n<meta name=\"twitter:label1\" content=\"Odhadovan\u00e1 doba \u010dten\u00ed\" \/>\n\t<meta name=\"twitter:data1\" content=\"1 minuta\" \/>\n<script type=\"application\/ld+json\" class=\"yoast-schema-graph\">{\"@context\":\"https:\\\/\\\/schema.org\",\"@graph\":[{\"@type\":\"WebPage\",\"@id\":\"https:\\\/\\\/www.exterra-services.cz\\\/index.php\\\/ibm-lotus-domino-ovladnete-administration-process-a-agent-manager\\\/\",\"url\":\"https:\\\/\\\/www.exterra-services.cz\\\/index.php\\\/ibm-lotus-domino-ovladnete-administration-process-a-agent-manager\\\/\",\"name\":\"Lotus Domino &#8226; exTerra Services &#8226; profesion\u00e1ln\u00ed IT \u0159e\u0161en\u00ed\",\"isPartOf\":{\"@id\":\"https:\\\/\\\/www.exterra-services.cz\\\/#website\"},\"datePublished\":\"2019-01-25T22:10:32+00:00\",\"dateModified\":\"2021-09-13T17:02:41+00:00\",\"description\":\"st\u011b\u017eejn\u00edmi procesy IBM Lotus Domino serveru \u2013\u00a0Administra\u010dn\u00edm procesem zodpov\u011bdn\u00fdm za v\u00edce jak 180 \u010dinnost\u00ed.\",\"breadcrumb\":{\"@id\":\"https:\\\/\\\/www.exterra-services.cz\\\/index.php\\\/ibm-lotus-domino-ovladnete-administration-process-a-agent-manager\\\/#breadcrumb\"},\"inLanguage\":\"cs\",\"potentialAction\":[{\"@type\":\"ReadAction\",\"target\":[\"https:\\\/\\\/www.exterra-services.cz\\\/index.php\\\/ibm-lotus-domino-ovladnete-administration-process-a-agent-manager\\\/\"]}]},{\"@type\":\"BreadcrumbList\",\"@id\":\"https:\\\/\\\/www.exterra-services.cz\\\/index.php\\\/ibm-lotus-domino-ovladnete-administration-process-a-agent-manager\\\/#breadcrumb\",\"itemListElement\":[{\"@type\":\"ListItem\",\"position\":1,\"name\":\"Dom\u016f\",\"item\":\"https:\\\/\\\/www.exterra-services.cz\\\/\"},{\"@type\":\"ListItem\",\"position\":2,\"name\":\"HCL Lotus Domino &#8211; ovl\u00e1dn\u011bte Administration Process a Agent Manager\"}]},{\"@type\":\"WebSite\",\"@id\":\"https:\\\/\\\/www.exterra-services.cz\\\/#website\",\"url\":\"https:\\\/\\\/www.exterra-services.cz\\\/\",\"name\":\"exTerra Services\",\"description\":\"profesion\u00e1ln\u00ed IT \u0159e\u0161en\u00ed\",\"publisher\":{\"@id\":\"https:\\\/\\\/www.exterra-services.cz\\\/#organization\"},\"potentialAction\":[{\"@type\":\"SearchAction\",\"target\":{\"@type\":\"EntryPoint\",\"urlTemplate\":\"https:\\\/\\\/www.exterra-services.cz\\\/?s={search_term_string}\"},\"query-input\":{\"@type\":\"PropertyValueSpecification\",\"valueRequired\":true,\"valueName\":\"search_term_string\"}}],\"inLanguage\":\"cs\"},{\"@type\":\"Organization\",\"@id\":\"https:\\\/\\\/www.exterra-services.cz\\\/#organization\",\"name\":\"exTerra Services s.r.o.\",\"url\":\"https:\\\/\\\/www.exterra-services.cz\\\/\",\"logo\":{\"@type\":\"ImageObject\",\"inLanguage\":\"cs\",\"@id\":\"https:\\\/\\\/www.exterra-services.cz\\\/#\\\/schema\\\/logo\\\/image\\\/\",\"url\":\"https:\\\/\\\/www.exterra-services.cz\\\/wp-content\\\/uploads\\\/2018\\\/12\\\/logo.png\",\"contentUrl\":\"https:\\\/\\\/www.exterra-services.cz\\\/wp-content\\\/uploads\\\/2018\\\/12\\\/logo.png\",\"width\":1280,\"height\":720,\"caption\":\"exTerra Services s.r.o.\"},\"image\":{\"@id\":\"https:\\\/\\\/www.exterra-services.cz\\\/#\\\/schema\\\/logo\\\/image\\\/\"}}]}<\/script>\n<!-- \/ Yoast SEO plugin. -->","yoast_head_json":{"title":"Lotus Domino &#8226; exTerra Services &#8226; profesion\u00e1ln\u00ed IT \u0159e\u0161en\u00ed","description":"st\u011b\u017eejn\u00edmi procesy IBM Lotus Domino serveru \u2013\u00a0Administra\u010dn\u00edm procesem zodpov\u011bdn\u00fdm za v\u00edce jak 180 \u010dinnost\u00ed.","robots":{"index":"index","follow":"follow","max-snippet":"max-snippet:-1","max-image-preview":"max-image-preview:large","max-video-preview":"max-video-preview:-1"},"canonical":"https:\/\/www.exterra-services.cz\/index.php\/ibm-lotus-domino-ovladnete-administration-process-a-agent-manager\/","og_locale":"cs_CZ","og_type":"article","og_title":"Lotus Domino &#8226; exTerra Services &#8226; profesion\u00e1ln\u00ed IT \u0159e\u0161en\u00ed","og_description":"st\u011b\u017eejn\u00edmi procesy IBM Lotus Domino serveru \u2013\u00a0Administra\u010dn\u00edm procesem zodpov\u011bdn\u00fdm za v\u00edce jak 180 \u010dinnost\u00ed.","og_url":"https:\/\/www.exterra-services.cz\/index.php\/ibm-lotus-domino-ovladnete-administration-process-a-agent-manager\/","og_site_name":"exTerra Services","article_modified_time":"2021-09-13T17:02:41+00:00","twitter_card":"summary_large_image","twitter_misc":{"Odhadovan\u00e1 doba \u010dten\u00ed":"1 minuta"},"schema":{"@context":"https:\/\/schema.org","@graph":[{"@type":"WebPage","@id":"https:\/\/www.exterra-services.cz\/index.php\/ibm-lotus-domino-ovladnete-administration-process-a-agent-manager\/","url":"https:\/\/www.exterra-services.cz\/index.php\/ibm-lotus-domino-ovladnete-administration-process-a-agent-manager\/","name":"Lotus Domino &#8226; exTerra Services &#8226; profesion\u00e1ln\u00ed IT \u0159e\u0161en\u00ed","isPartOf":{"@id":"https:\/\/www.exterra-services.cz\/#website"},"datePublished":"2019-01-25T22:10:32+00:00","dateModified":"2021-09-13T17:02:41+00:00","description":"st\u011b\u017eejn\u00edmi procesy IBM Lotus Domino serveru \u2013\u00a0Administra\u010dn\u00edm procesem zodpov\u011bdn\u00fdm za v\u00edce jak 180 \u010dinnost\u00ed.","breadcrumb":{"@id":"https:\/\/www.exterra-services.cz\/index.php\/ibm-lotus-domino-ovladnete-administration-process-a-agent-manager\/#breadcrumb"},"inLanguage":"cs","potentialAction":[{"@type":"ReadAction","target":["https:\/\/www.exterra-services.cz\/index.php\/ibm-lotus-domino-ovladnete-administration-process-a-agent-manager\/"]}]},{"@type":"BreadcrumbList","@id":"https:\/\/www.exterra-services.cz\/index.php\/ibm-lotus-domino-ovladnete-administration-process-a-agent-manager\/#breadcrumb","itemListElement":[{"@type":"ListItem","position":1,"name":"Dom\u016f","item":"https:\/\/www.exterra-services.cz\/"},{"@type":"ListItem","position":2,"name":"HCL Lotus Domino &#8211; ovl\u00e1dn\u011bte Administration Process a Agent Manager"}]},{"@type":"WebSite","@id":"https:\/\/www.exterra-services.cz\/#website","url":"https:\/\/www.exterra-services.cz\/","name":"exTerra Services","description":"profesion\u00e1ln\u00ed IT \u0159e\u0161en\u00ed","publisher":{"@id":"https:\/\/www.exterra-services.cz\/#organization"},"potentialAction":[{"@type":"SearchAction","target":{"@type":"EntryPoint","urlTemplate":"https:\/\/www.exterra-services.cz\/?s={search_term_string}"},"query-input":{"@type":"PropertyValueSpecification","valueRequired":true,"valueName":"search_term_string"}}],"inLanguage":"cs"},{"@type":"Organization","@id":"https:\/\/www.exterra-services.cz\/#organization","name":"exTerra Services s.r.o.","url":"https:\/\/www.exterra-services.cz\/","logo":{"@type":"ImageObject","inLanguage":"cs","@id":"https:\/\/www.exterra-services.cz\/#\/schema\/logo\/image\/","url":"https:\/\/www.exterra-services.cz\/wp-content\/uploads\/2018\/12\/logo.png","contentUrl":"https:\/\/www.exterra-services.cz\/wp-content\/uploads\/2018\/12\/logo.png","width":1280,"height":720,"caption":"exTerra Services s.r.o."},"image":{"@id":"https:\/\/www.exterra-services.cz\/#\/schema\/logo\/image\/"}}]}},"jetpack_sharing_enabled":true,"_links":{"self":[{"href":"https:\/\/www.exterra-services.cz\/index.php\/wp-json\/wp\/v2\/pages\/1074","targetHints":{"allow":["GET"]}}],"collection":[{"href":"https:\/\/www.exterra-services.cz\/index.php\/wp-json\/wp\/v2\/pages"}],"about":[{"href":"https:\/\/www.exterra-services.cz\/index.php\/wp-json\/wp\/v2\/types\/page"}],"author":[{"embeddable":true,"href":"https:\/\/www.exterra-services.cz\/index.php\/wp-json\/wp\/v2\/users\/1"}],"replies":[{"embeddable":true,"href":"https:\/\/www.exterra-services.cz\/index.php\/wp-json\/wp\/v2\/comments?post=1074"}],"version-history":[{"count":2,"href":"https:\/\/www.exterra-services.cz\/index.php\/wp-json\/wp\/v2\/pages\/1074\/revisions"}],"predecessor-version":[{"id":3768,"href":"https:\/\/www.exterra-services.cz\/index.php\/wp-json\/wp\/v2\/pages\/1074\/revisions\/3768"}],"wp:attachment":[{"href":"https:\/\/www.exterra-services.cz\/index.php\/wp-json\/wp\/v2\/media?parent=1074"}],"curies":[{"name":"wp","href":"https:\/\/api.w.org\/{rel}","templated":true}]}}