{"id":1057,"date":"2019-01-25T23:00:53","date_gmt":"2019-01-25T22:00:53","guid":{"rendered":"http:\/\/192.168.156.19\/?page_id=1057"},"modified":"2021-09-06T19:37:20","modified_gmt":"2021-09-06T17:37:20","slug":"ms-office-uzivatelska-skoleni-konzultace","status":"publish","type":"page","link":"https:\/\/www.exterra-services.cz\/index.php\/ms-office-uzivatelska-skoleni-konzultace\/","title":{"rendered":"MS Office &#8211; u\u017eivatelsk\u00e1 \u0161kolen\u00ed\/konzultace"},"content":{"rendered":"<h4 style=\"text-align: center;\"><span style=\"color: #000000;\">\u00da\u010dast na \u0161kolen\u00ed je nutn\u00e9 rezervovat minim\u00e1ln\u011b 14 dn\u00ed p\u0159edem!<\/span><br \/>\n<span style=\"color: #000000;\">Individu\u00e1ln\u00ed term\u00edn lze ur\u010dit po p\u0159edchoz\u00ed domluv\u011b.<\/span><\/h4>\n<p><span style=\"color: #000000;\">Smyslem tohoto \u0161kolen\u00ed je sezn\u00e1mit \u00fa\u010dastn\u00edky s \u00a0novinkami a u\u017eite\u010dn\u00fdmi tipy, kter\u00e9 jim usnadn\u00ed pr\u00e1ci a zefektivn\u00ed jejich pou\u017e\u00edv\u00e1n\u00ed program\u016f kancel\u00e1\u0159sk\u00e9ho bal\u00edku MS Office.<\/span><\/p>\n<hr \/>\n<ul>\n<li style=\"padding: 0px; margin: 5px; position: relative; list-style-image: url('..\/dx\/li.jpg\/$file\/li.jpg'); list-style-position: inside; font-size: 14.3px;\"><span style=\"color: #000000;\"><strong>\u0160kolen\u00ed Word<\/strong><\/span><\/li>\n<li style=\"padding: 0px; margin: 5px; position: relative; list-style-image: url('..\/dx\/li.jpg\/$file\/li.jpg'); list-style-position: inside; font-size: 14.3px;\"><span style=\"color: #000000;\"><strong>\u0160kolen\u00ed Excel<\/strong><\/span><\/li>\n<li style=\"padding: 0px; margin: 5px; position: relative; list-style-image: url('..\/dx\/li.jpg\/$file\/li.jpg'); list-style-position: inside; font-size: 14.3px;\"><span style=\"color: #000000;\"><strong>\u0160kolen\u00ed PowerPoint<\/strong><\/span><\/li>\n<li style=\"padding: 0px; margin: 5px; position: relative; list-style-image: url('..\/dx\/li.jpg\/$file\/li.jpg'); list-style-position: inside; font-size: 14.3px;\"><span style=\"color: #000000;\"><strong>\u0160kolen\u00ed Projekt<\/strong><\/span><\/li>\n<li style=\"padding: 0px; margin: 5px; position: relative; list-style-image: url('..\/dx\/li.jpg\/$file\/li.jpg'); list-style-position: inside; font-size: 14.3px;\"><span style=\"color: #000000;\"><strong>\u0160kolen\u00ed Outlook<\/strong><\/span><\/li>\n<\/ul>\n<hr \/>\n<p><span style=\"color: #000000;\">Rozsah \u0161kolen\u00ed pro ka\u017edou jednotlivou oblast:\u00a0<strong>1 den<\/strong><\/span><\/p>\n<p><span style=\"color: #000000;\">\u0160kolen\u00ed mohou prob\u00edhat v na\u0161\u00ed \u0161kol\u00edc\u00ed m\u00edstnosti nebo p\u0159\u00edmo u z\u00e1kazn\u00edka.<\/span><\/p>\n<p><span style=\"color: #000000;\">\u0160kolen\u00ed jsme schopni realizovat tak\u00e9 formou individu\u00e1ln\u00ed konzultace<\/span><\/p>\n<h4 style=\"text-align: center;\"><span style=\"color: #000000;\">Cena \u0161kolen\u00ed bude stanovena podle po\u010dtu p\u0159ihl\u00e1\u0161en\u00fdch \u00fa\u010dastn\u00edk\u016f.<\/span><\/h4>\n","protected":false},"excerpt":{"rendered":"<p>\u00da\u010dast na \u0161kolen\u00ed je nutn\u00e9 rezervovat minim\u00e1ln\u011b 14 dn\u00ed p\u0159edem! Individu\u00e1ln\u00ed term\u00edn lze ur\u010dit po p\u0159edchoz\u00ed domluv\u011b. Smyslem tohoto \u0161kolen\u00ed je sezn\u00e1mit \u00fa\u010dastn\u00edky s \u00a0novinkami a u\u017eite\u010dn\u00fdmi tipy, kter\u00e9 jim usnadn\u00ed pr\u00e1ci a zefektivn\u00ed jejich pou\u017e\u00edv\u00e1n\u00ed program\u016f kancel\u00e1\u0159sk\u00e9ho bal\u00edku MS Office. \u0160kolen\u00ed Word \u0160kolen\u00ed Excel \u0160kolen\u00ed PowerPoint \u0160kolen\u00ed Projekt \u0160kolen\u00ed Outlook Rozsah \u0161kolen\u00ed pro ka\u017edou [&hellip;]<\/p>\n","protected":false},"author":1,"featured_media":0,"parent":0,"menu_order":0,"comment_status":"closed","ping_status":"closed","template":"","meta":{"ocean_post_layout":"","ocean_both_sidebars_style":"","ocean_both_sidebars_content_width":0,"ocean_both_sidebars_sidebars_width":0,"ocean_sidebar":"0","ocean_second_sidebar":"0","ocean_disable_margins":"enable","ocean_add_body_class":"","ocean_shortcode_before_top_bar":"","ocean_shortcode_after_top_bar":"","ocean_shortcode_before_header":"","ocean_shortcode_after_header":"","ocean_has_shortcode":"","ocean_shortcode_after_title":"","ocean_shortcode_before_footer_widgets":"","ocean_shortcode_after_footer_widgets":"","ocean_shortcode_before_footer_bottom":"","ocean_shortcode_after_footer_bottom":"","ocean_display_top_bar":"default","ocean_display_header":"default","ocean_header_style":"","ocean_center_header_left_menu":"0","ocean_custom_header_template":"0","ocean_custom_logo":0,"ocean_custom_retina_logo":0,"ocean_custom_logo_max_width":0,"ocean_custom_logo_tablet_max_width":0,"ocean_custom_logo_mobile_max_width":0,"ocean_custom_logo_max_height":0,"ocean_custom_logo_tablet_max_height":0,"ocean_custom_logo_mobile_max_height":0,"ocean_header_custom_menu":"0","ocean_menu_typo_font_family":"0","ocean_menu_typo_font_subset":"","ocean_menu_typo_font_size":0,"ocean_menu_typo_font_size_tablet":0,"ocean_menu_typo_font_size_mobile":0,"ocean_menu_typo_font_size_unit":"px","ocean_menu_typo_font_weight":"","ocean_menu_typo_font_weight_tablet":"","ocean_menu_typo_font_weight_mobile":"","ocean_menu_typo_transform":"","ocean_menu_typo_transform_tablet":"","ocean_menu_typo_transform_mobile":"","ocean_menu_typo_line_height":0,"ocean_menu_typo_line_height_tablet":0,"ocean_menu_typo_line_height_mobile":0,"ocean_menu_typo_line_height_unit":"","ocean_menu_typo_spacing":0,"ocean_menu_typo_spacing_tablet":0,"ocean_menu_typo_spacing_mobile":0,"ocean_menu_typo_spacing_unit":"","ocean_menu_link_color":"","ocean_menu_link_color_hover":"","ocean_menu_link_color_active":"","ocean_menu_link_background":"","ocean_menu_link_hover_background":"","ocean_menu_link_active_background":"","ocean_menu_social_links_bg":"","ocean_menu_social_hover_links_bg":"","ocean_menu_social_links_color":"","ocean_menu_social_hover_links_color":"","ocean_disable_title":"default","ocean_disable_heading":"default","ocean_post_title":"","ocean_post_subheading":"","ocean_post_title_style":"","ocean_post_title_background_color":"","ocean_post_title_background":0,"ocean_post_title_bg_image_position":"","ocean_post_title_bg_image_attachment":"","ocean_post_title_bg_image_repeat":"","ocean_post_title_bg_image_size":"","ocean_post_title_height":0,"ocean_post_title_bg_overlay":0.5,"ocean_post_title_bg_overlay_color":"","ocean_disable_breadcrumbs":"default","ocean_breadcrumbs_color":"","ocean_breadcrumbs_separator_color":"","ocean_breadcrumbs_links_color":"","ocean_breadcrumbs_links_hover_color":"","ocean_display_footer_widgets":"default","ocean_display_footer_bottom":"default","ocean_custom_footer_template":"0","footnotes":""},"class_list":["post-1057","page","type-page","status-publish","hentry","entry"],"yoast_head":"<!-- This site is optimized with the Yoast SEO plugin v27.4 - https:\/\/yoast.com\/product\/yoast-seo-wordpress\/ -->\n<title>MS Office - u\u017eivatelsk\u00e1 \u0161kolen\u00ed\/konzultace &#8226; exTerra Services &#8226; profesion\u00e1ln\u00ed IT \u0159e\u0161en\u00ed<\/title>\n<meta name=\"robots\" content=\"index, follow, max-snippet:-1, max-image-preview:large, max-video-preview:-1\" \/>\n<link rel=\"canonical\" href=\"https:\/\/www.exterra-services.cz\/index.php\/ms-office-uzivatelska-skoleni-konzultace\/\" \/>\n<meta property=\"og:locale\" content=\"cs_CZ\" \/>\n<meta property=\"og:type\" content=\"article\" \/>\n<meta property=\"og:title\" content=\"MS Office - u\u017eivatelsk\u00e1 \u0161kolen\u00ed\/konzultace &#8226; exTerra Services &#8226; profesion\u00e1ln\u00ed IT \u0159e\u0161en\u00ed\" \/>\n<meta property=\"og:description\" content=\"\u00da\u010dast na \u0161kolen\u00ed je nutn\u00e9 rezervovat minim\u00e1ln\u011b 14 dn\u00ed p\u0159edem! Individu\u00e1ln\u00ed term\u00edn lze ur\u010dit po p\u0159edchoz\u00ed domluv\u011b. Smyslem tohoto \u0161kolen\u00ed je sezn\u00e1mit \u00fa\u010dastn\u00edky s \u00a0novinkami a u\u017eite\u010dn\u00fdmi tipy, kter\u00e9 jim usnadn\u00ed pr\u00e1ci a zefektivn\u00ed jejich pou\u017e\u00edv\u00e1n\u00ed program\u016f kancel\u00e1\u0159sk\u00e9ho bal\u00edku MS Office. \u0160kolen\u00ed Word \u0160kolen\u00ed Excel \u0160kolen\u00ed PowerPoint \u0160kolen\u00ed Projekt \u0160kolen\u00ed Outlook Rozsah \u0161kolen\u00ed pro ka\u017edou [&hellip;]\" \/>\n<meta property=\"og:url\" content=\"https:\/\/www.exterra-services.cz\/index.php\/ms-office-uzivatelska-skoleni-konzultace\/\" \/>\n<meta property=\"og:site_name\" content=\"exTerra Services\" \/>\n<meta property=\"article:modified_time\" content=\"2021-09-06T17:37:20+00:00\" \/>\n<meta name=\"twitter:card\" content=\"summary_large_image\" \/>\n<meta name=\"twitter:label1\" content=\"Odhadovan\u00e1 doba \u010dten\u00ed\" \/>\n\t<meta name=\"twitter:data1\" content=\"1 minuta\" \/>\n<script type=\"application\/ld+json\" class=\"yoast-schema-graph\">{\"@context\":\"https:\\\/\\\/schema.org\",\"@graph\":[{\"@type\":\"WebPage\",\"@id\":\"https:\\\/\\\/www.exterra-services.cz\\\/index.php\\\/ms-office-uzivatelska-skoleni-konzultace\\\/\",\"url\":\"https:\\\/\\\/www.exterra-services.cz\\\/index.php\\\/ms-office-uzivatelska-skoleni-konzultace\\\/\",\"name\":\"MS Office - u\u017eivatelsk\u00e1 \u0161kolen\u00ed\\\/konzultace &#8226; exTerra Services &#8226; profesion\u00e1ln\u00ed IT \u0159e\u0161en\u00ed\",\"isPartOf\":{\"@id\":\"https:\\\/\\\/www.exterra-services.cz\\\/#website\"},\"datePublished\":\"2019-01-25T22:00:53+00:00\",\"dateModified\":\"2021-09-06T17:37:20+00:00\",\"breadcrumb\":{\"@id\":\"https:\\\/\\\/www.exterra-services.cz\\\/index.php\\\/ms-office-uzivatelska-skoleni-konzultace\\\/#breadcrumb\"},\"inLanguage\":\"cs\",\"potentialAction\":[{\"@type\":\"ReadAction\",\"target\":[\"https:\\\/\\\/www.exterra-services.cz\\\/index.php\\\/ms-office-uzivatelska-skoleni-konzultace\\\/\"]}]},{\"@type\":\"BreadcrumbList\",\"@id\":\"https:\\\/\\\/www.exterra-services.cz\\\/index.php\\\/ms-office-uzivatelska-skoleni-konzultace\\\/#breadcrumb\",\"itemListElement\":[{\"@type\":\"ListItem\",\"position\":1,\"name\":\"Dom\u016f\",\"item\":\"https:\\\/\\\/www.exterra-services.cz\\\/\"},{\"@type\":\"ListItem\",\"position\":2,\"name\":\"MS Office &#8211; u\u017eivatelsk\u00e1 \u0161kolen\u00ed\\\/konzultace\"}]},{\"@type\":\"WebSite\",\"@id\":\"https:\\\/\\\/www.exterra-services.cz\\\/#website\",\"url\":\"https:\\\/\\\/www.exterra-services.cz\\\/\",\"name\":\"exTerra Services\",\"description\":\"profesion\u00e1ln\u00ed IT \u0159e\u0161en\u00ed\",\"publisher\":{\"@id\":\"https:\\\/\\\/www.exterra-services.cz\\\/#organization\"},\"potentialAction\":[{\"@type\":\"SearchAction\",\"target\":{\"@type\":\"EntryPoint\",\"urlTemplate\":\"https:\\\/\\\/www.exterra-services.cz\\\/?s={search_term_string}\"},\"query-input\":{\"@type\":\"PropertyValueSpecification\",\"valueRequired\":true,\"valueName\":\"search_term_string\"}}],\"inLanguage\":\"cs\"},{\"@type\":\"Organization\",\"@id\":\"https:\\\/\\\/www.exterra-services.cz\\\/#organization\",\"name\":\"exTerra Services s.r.o.\",\"url\":\"https:\\\/\\\/www.exterra-services.cz\\\/\",\"logo\":{\"@type\":\"ImageObject\",\"inLanguage\":\"cs\",\"@id\":\"https:\\\/\\\/www.exterra-services.cz\\\/#\\\/schema\\\/logo\\\/image\\\/\",\"url\":\"https:\\\/\\\/www.exterra-services.cz\\\/wp-content\\\/uploads\\\/2018\\\/12\\\/logo.png\",\"contentUrl\":\"https:\\\/\\\/www.exterra-services.cz\\\/wp-content\\\/uploads\\\/2018\\\/12\\\/logo.png\",\"width\":1280,\"height\":720,\"caption\":\"exTerra Services s.r.o.\"},\"image\":{\"@id\":\"https:\\\/\\\/www.exterra-services.cz\\\/#\\\/schema\\\/logo\\\/image\\\/\"}}]}<\/script>\n<!-- \/ Yoast SEO plugin. -->","yoast_head_json":{"title":"MS Office - u\u017eivatelsk\u00e1 \u0161kolen\u00ed\/konzultace &#8226; exTerra Services &#8226; profesion\u00e1ln\u00ed IT \u0159e\u0161en\u00ed","robots":{"index":"index","follow":"follow","max-snippet":"max-snippet:-1","max-image-preview":"max-image-preview:large","max-video-preview":"max-video-preview:-1"},"canonical":"https:\/\/www.exterra-services.cz\/index.php\/ms-office-uzivatelska-skoleni-konzultace\/","og_locale":"cs_CZ","og_type":"article","og_title":"MS Office - u\u017eivatelsk\u00e1 \u0161kolen\u00ed\/konzultace &#8226; exTerra Services &#8226; profesion\u00e1ln\u00ed IT \u0159e\u0161en\u00ed","og_description":"\u00da\u010dast na \u0161kolen\u00ed je nutn\u00e9 rezervovat minim\u00e1ln\u011b 14 dn\u00ed p\u0159edem! Individu\u00e1ln\u00ed term\u00edn lze ur\u010dit po p\u0159edchoz\u00ed domluv\u011b. Smyslem tohoto \u0161kolen\u00ed je sezn\u00e1mit \u00fa\u010dastn\u00edky s \u00a0novinkami a u\u017eite\u010dn\u00fdmi tipy, kter\u00e9 jim usnadn\u00ed pr\u00e1ci a zefektivn\u00ed jejich pou\u017e\u00edv\u00e1n\u00ed program\u016f kancel\u00e1\u0159sk\u00e9ho bal\u00edku MS Office. \u0160kolen\u00ed Word \u0160kolen\u00ed Excel \u0160kolen\u00ed PowerPoint \u0160kolen\u00ed Projekt \u0160kolen\u00ed Outlook Rozsah \u0161kolen\u00ed pro ka\u017edou [&hellip;]","og_url":"https:\/\/www.exterra-services.cz\/index.php\/ms-office-uzivatelska-skoleni-konzultace\/","og_site_name":"exTerra Services","article_modified_time":"2021-09-06T17:37:20+00:00","twitter_card":"summary_large_image","twitter_misc":{"Odhadovan\u00e1 doba \u010dten\u00ed":"1 minuta"},"schema":{"@context":"https:\/\/schema.org","@graph":[{"@type":"WebPage","@id":"https:\/\/www.exterra-services.cz\/index.php\/ms-office-uzivatelska-skoleni-konzultace\/","url":"https:\/\/www.exterra-services.cz\/index.php\/ms-office-uzivatelska-skoleni-konzultace\/","name":"MS Office - u\u017eivatelsk\u00e1 \u0161kolen\u00ed\/konzultace &#8226; exTerra Services &#8226; profesion\u00e1ln\u00ed IT \u0159e\u0161en\u00ed","isPartOf":{"@id":"https:\/\/www.exterra-services.cz\/#website"},"datePublished":"2019-01-25T22:00:53+00:00","dateModified":"2021-09-06T17:37:20+00:00","breadcrumb":{"@id":"https:\/\/www.exterra-services.cz\/index.php\/ms-office-uzivatelska-skoleni-konzultace\/#breadcrumb"},"inLanguage":"cs","potentialAction":[{"@type":"ReadAction","target":["https:\/\/www.exterra-services.cz\/index.php\/ms-office-uzivatelska-skoleni-konzultace\/"]}]},{"@type":"BreadcrumbList","@id":"https:\/\/www.exterra-services.cz\/index.php\/ms-office-uzivatelska-skoleni-konzultace\/#breadcrumb","itemListElement":[{"@type":"ListItem","position":1,"name":"Dom\u016f","item":"https:\/\/www.exterra-services.cz\/"},{"@type":"ListItem","position":2,"name":"MS Office &#8211; u\u017eivatelsk\u00e1 \u0161kolen\u00ed\/konzultace"}]},{"@type":"WebSite","@id":"https:\/\/www.exterra-services.cz\/#website","url":"https:\/\/www.exterra-services.cz\/","name":"exTerra Services","description":"profesion\u00e1ln\u00ed IT \u0159e\u0161en\u00ed","publisher":{"@id":"https:\/\/www.exterra-services.cz\/#organization"},"potentialAction":[{"@type":"SearchAction","target":{"@type":"EntryPoint","urlTemplate":"https:\/\/www.exterra-services.cz\/?s={search_term_string}"},"query-input":{"@type":"PropertyValueSpecification","valueRequired":true,"valueName":"search_term_string"}}],"inLanguage":"cs"},{"@type":"Organization","@id":"https:\/\/www.exterra-services.cz\/#organization","name":"exTerra Services s.r.o.","url":"https:\/\/www.exterra-services.cz\/","logo":{"@type":"ImageObject","inLanguage":"cs","@id":"https:\/\/www.exterra-services.cz\/#\/schema\/logo\/image\/","url":"https:\/\/www.exterra-services.cz\/wp-content\/uploads\/2018\/12\/logo.png","contentUrl":"https:\/\/www.exterra-services.cz\/wp-content\/uploads\/2018\/12\/logo.png","width":1280,"height":720,"caption":"exTerra Services s.r.o."},"image":{"@id":"https:\/\/www.exterra-services.cz\/#\/schema\/logo\/image\/"}}]}},"jetpack_sharing_enabled":true,"_links":{"self":[{"href":"https:\/\/www.exterra-services.cz\/index.php\/wp-json\/wp\/v2\/pages\/1057","targetHints":{"allow":["GET"]}}],"collection":[{"href":"https:\/\/www.exterra-services.cz\/index.php\/wp-json\/wp\/v2\/pages"}],"about":[{"href":"https:\/\/www.exterra-services.cz\/index.php\/wp-json\/wp\/v2\/types\/page"}],"author":[{"embeddable":true,"href":"https:\/\/www.exterra-services.cz\/index.php\/wp-json\/wp\/v2\/users\/1"}],"replies":[{"embeddable":true,"href":"https:\/\/www.exterra-services.cz\/index.php\/wp-json\/wp\/v2\/comments?post=1057"}],"version-history":[{"count":2,"href":"https:\/\/www.exterra-services.cz\/index.php\/wp-json\/wp\/v2\/pages\/1057\/revisions"}],"predecessor-version":[{"id":3541,"href":"https:\/\/www.exterra-services.cz\/index.php\/wp-json\/wp\/v2\/pages\/1057\/revisions\/3541"}],"wp:attachment":[{"href":"https:\/\/www.exterra-services.cz\/index.php\/wp-json\/wp\/v2\/media?parent=1057"}],"curies":[{"name":"wp","href":"https:\/\/api.w.org\/{rel}","templated":true}]}}