{"id":1051,"date":"2019-01-25T22:57:06","date_gmt":"2019-01-25T21:57:06","guid":{"rendered":"http:\/\/192.168.156.19\/?page_id=1051"},"modified":"2021-09-06T19:21:16","modified_gmt":"2021-09-06T17:21:16","slug":"treninkovy-program-linux","status":"publish","type":"page","link":"https:\/\/www.exterra-services.cz\/index.php\/treninkovy-program-linux\/","title":{"rendered":"Tr\u00e9ninkov\u00fd program &#8211; Linux"},"content":{"rendered":"<h4 style=\"text-align: center;\"><span style=\"color: #000000;\">\u00da\u010dast na \u0161kolen\u00ed je nutn\u00e9 rezervovat minim\u00e1ln\u011b 14 dn\u00ed p\u0159edem!<\/span><br \/>\n<span style=\"color: #000000;\">Individu\u00e1ln\u00ed term\u00edn lze ur\u010dit po p\u0159edchoz\u00ed domluv\u011b.<\/span><\/h4>\n<p><span style=\"color: #000000;\">Smyslem tohoto programu je sezn\u00e1mit \u00fa\u010dastn\u00edky kurzu s obecn\u011b platn\u00fdmi postupy p\u0159i administraci OS Linux, uk\u00e1zat \u0159e\u0161en\u00ed \u010dast\u00fdch probl\u00e9m\u016f a nau\u010dit systematicky \u0159e\u0161it vznikl\u00e9 krize a hav\u00e1rie.<\/span><\/p>\n<hr \/>\n<h5><span style=\"color: #000000;\"><strong>Obsahem tr\u00e9ninku jsou n\u00e1sleduj\u00edc\u00ed oblasti, kter\u00e9 je mo\u017eno roz\u0161\u00ed\u0159it o dal\u0161\u00ed body:<\/strong><\/span><\/h5>\n<ul>\n<li style=\"padding: 0px; margin: 5px; position: relative; list-style-image: url('..\/dx\/li.jpg\/$file\/li.jpg'); list-style-position: inside; font-size: 14.3px;\"><span style=\"color: #000000;\">v\u00fdb\u011br hardware &#8211; HW n\u00e1roky, kompatibilita;<\/span><\/li>\n<li style=\"padding: 0px; margin: 5px; position: relative; list-style-image: url('..\/dx\/li.jpg\/$file\/li.jpg'); list-style-position: inside; font-size: 14.3px;\"><span style=\"color: #000000;\">volba syst\u00e9mu (32 vs. 64bit) a distribuce;<\/span><\/li>\n<li style=\"padding: 0px; margin: 5px; position: relative; list-style-image: url('..\/dx\/li.jpg\/$file\/li.jpg'); list-style-position: inside; font-size: 14.3px;\"><span style=\"color: #000000;\">fyzick\u00e1 instalace syst\u00e9mu \u2013 mo\u017enosti, volba bal\u00ed\u010dk\u016f, d\u011blen\u00ed disku<\/span><\/li>\n<li style=\"padding: 0px; margin: 5px; position: relative; list-style-image: url('..\/dx\/li.jpg\/$file\/li.jpg'); list-style-position: inside; font-size: 14.3px;\"><span style=\"color: #000000;\">z\u00e1kladn\u00ed nastaven\u00ed \u2013 u\u017eivatel\u00e9\/skupiny, z\u00e1kladn\u00ed nastaven\u00ed zabezpe\u010den\u00ed;<\/span><\/li>\n<li style=\"padding: 0px; margin: 5px; position: relative; list-style-image: url('..\/dx\/li.jpg\/$file\/li.jpg'); list-style-position: inside; font-size: 14.3px;\"><span style=\"color: #000000;\">pokro\u010dil\u00e1 spr\u00e1va u\u017eivatel\u016f a skupin \u2013 adres\u00e1\u0159ov\u00e9 slu\u017eby OpenLDAP;<\/span><\/li>\n<li style=\"padding: 0px; margin: 5px; position: relative; list-style-image: url('..\/dx\/li.jpg\/$file\/li.jpg'); list-style-position: inside; font-size: 14.3px;\"><span style=\"color: #000000;\">adres\u00e1\u0159ov\u00e1 struktura, konfigura\u010dn\u00ed soubory;<\/span><\/li>\n<li style=\"padding: 0px; margin: 5px; position: relative; list-style-image: url('..\/dx\/li.jpg\/$file\/li.jpg'); list-style-position: inside; font-size: 14.3px;\"><span style=\"color: #000000;\">souborov\u00e9 syst\u00e9my \u2013 pr\u00e1ce s nimi, v\u00fdhody\/nev\u00fdhody, oprava fs;<\/span><\/li>\n<li style=\"padding: 0px; margin: 5px; position: relative; list-style-image: url('..\/dx\/li.jpg\/$file\/li.jpg'); list-style-position: inside; font-size: 14.3px;\"><span style=\"color: #000000;\">pr\u00e1ce s pr\u00e1vy nad soubory a adres\u00e1\u0159i;<\/span><\/li>\n<li style=\"padding: 0px; margin: 5px; position: relative; list-style-image: url('..\/dx\/li.jpg\/$file\/li.jpg'); list-style-position: inside; font-size: 14.3px;\"><span style=\"color: #000000;\">z\u00e1lohov\u00e1n\u00ed a obnova syst\u00e9mu \u2013 zku\u0161enosti z praxe;<\/span><\/li>\n<li style=\"padding: 0px; margin: 5px; position: relative; list-style-image: url('..\/dx\/li.jpg\/$file\/li.jpg'); list-style-position: inside; font-size: 14.3px;\"><span style=\"color: #000000;\">aktualizace\/upgrade syst\u00e9mu \u2013 praktick\u00e9 uk\u00e1zky, mo\u017en\u00e9 probl\u00e9my a jejich \u0159e\u0161en\u00ed;<\/span><\/li>\n<li style=\"padding: 0px; margin: 5px; position: relative; list-style-image: url('..\/dx\/li.jpg\/$file\/li.jpg'); list-style-position: inside; font-size: 14.3px;\"><span style=\"color: #000000;\">napojen\u00ed na extern\u00ed syst\u00e9my \u2013 NFS, Samba (server i klient), LDAP;<\/span><\/li>\n<li style=\"padding: 0px; margin: 5px; position: relative; list-style-image: url('..\/dx\/li.jpg\/$file\/li.jpg'); list-style-position: inside; font-size: 14.3px;\"><span style=\"color: #000000;\">monitoring syst\u00e9mu \u2013 syst\u00e9mov\u00e9 a aplika\u010dn\u00ed logy, n\u00e1stroje syst\u00e9mu a n\u00e1stroje t\u0159et\u00edch stran;<\/span><\/li>\n<li style=\"padding: 0px; margin: 5px; position: relative; list-style-image: url('..\/dx\/li.jpg\/$file\/li.jpg'); list-style-position: inside; font-size: 14.3px;\"><span style=\"color: #000000;\">krizov\u00e1 komunikace s u\u017eivateli v p\u0159\u00edpad\u011b hav\u00e1ri\u00ed.<\/span><\/li>\n<\/ul>\n<hr \/>\n<p><span style=\"color: #000000;\">Rozsah tr\u00e9ninku:\u00a0<strong>2 dny<\/strong><\/span><\/p>\n<p><span style=\"color: #000000;\">Frekventanti maj\u00ed k dispozici vlastn\u00ed PC, na n\u011bm\u017e pracuj\u00ed.<\/span><\/p>\n<p><span style=\"color: #000000;\">V cen\u011b jsou zahrnuty ti\u0161t\u011bn\u00e9 materi\u00e1ly a CD s pou\u017eit\u00fdmi n\u00e1stroji a dokumentac\u00ed.<\/span><\/p>\n<p><span style=\"color: #000000;\">V dob\u011b p\u0159est\u00e1vek bude frekventant\u016fm k dispozici k\u00e1va, \u010daj, nealko a su\u0161enky.<\/span><\/p>\n<h4 style=\"text-align: center;\"><span style=\"color: #000000;\">Cena\/osobu\/2 dny:<strong> 15 000 K\u010d bez DPH<\/strong><\/span><\/h4>\n","protected":false},"excerpt":{"rendered":"<p>\u00da\u010dast na \u0161kolen\u00ed je nutn\u00e9 rezervovat minim\u00e1ln\u011b 14 dn\u00ed p\u0159edem! Individu\u00e1ln\u00ed term\u00edn lze ur\u010dit po p\u0159edchoz\u00ed domluv\u011b. Smyslem tohoto programu je sezn\u00e1mit \u00fa\u010dastn\u00edky kurzu s obecn\u011b platn\u00fdmi postupy p\u0159i administraci OS Linux, uk\u00e1zat \u0159e\u0161en\u00ed \u010dast\u00fdch probl\u00e9m\u016f a nau\u010dit systematicky \u0159e\u0161it vznikl\u00e9 krize a hav\u00e1rie. Obsahem tr\u00e9ninku jsou n\u00e1sleduj\u00edc\u00ed oblasti, kter\u00e9 je mo\u017eno roz\u0161\u00ed\u0159it o dal\u0161\u00ed [&hellip;]<\/p>\n","protected":false},"author":1,"featured_media":0,"parent":0,"menu_order":0,"comment_status":"closed","ping_status":"closed","template":"","meta":{"ocean_post_layout":"","ocean_both_sidebars_style":"","ocean_both_sidebars_content_width":0,"ocean_both_sidebars_sidebars_width":0,"ocean_sidebar":"0","ocean_second_sidebar":"0","ocean_disable_margins":"enable","ocean_add_body_class":"","ocean_shortcode_before_top_bar":"","ocean_shortcode_after_top_bar":"","ocean_shortcode_before_header":"","ocean_shortcode_after_header":"","ocean_has_shortcode":"","ocean_shortcode_after_title":"","ocean_shortcode_before_footer_widgets":"","ocean_shortcode_after_footer_widgets":"","ocean_shortcode_before_footer_bottom":"","ocean_shortcode_after_footer_bottom":"","ocean_display_top_bar":"default","ocean_display_header":"default","ocean_header_style":"","ocean_center_header_left_menu":"0","ocean_custom_header_template":"0","ocean_custom_logo":0,"ocean_custom_retina_logo":0,"ocean_custom_logo_max_width":0,"ocean_custom_logo_tablet_max_width":0,"ocean_custom_logo_mobile_max_width":0,"ocean_custom_logo_max_height":0,"ocean_custom_logo_tablet_max_height":0,"ocean_custom_logo_mobile_max_height":0,"ocean_header_custom_menu":"0","ocean_menu_typo_font_family":"0","ocean_menu_typo_font_subset":"","ocean_menu_typo_font_size":0,"ocean_menu_typo_font_size_tablet":0,"ocean_menu_typo_font_size_mobile":0,"ocean_menu_typo_font_size_unit":"px","ocean_menu_typo_font_weight":"","ocean_menu_typo_font_weight_tablet":"","ocean_menu_typo_font_weight_mobile":"","ocean_menu_typo_transform":"","ocean_menu_typo_transform_tablet":"","ocean_menu_typo_transform_mobile":"","ocean_menu_typo_line_height":0,"ocean_menu_typo_line_height_tablet":0,"ocean_menu_typo_line_height_mobile":0,"ocean_menu_typo_line_height_unit":"","ocean_menu_typo_spacing":0,"ocean_menu_typo_spacing_tablet":0,"ocean_menu_typo_spacing_mobile":0,"ocean_menu_typo_spacing_unit":"","ocean_menu_link_color":"","ocean_menu_link_color_hover":"","ocean_menu_link_color_active":"","ocean_menu_link_background":"","ocean_menu_link_hover_background":"","ocean_menu_link_active_background":"","ocean_menu_social_links_bg":"","ocean_menu_social_hover_links_bg":"","ocean_menu_social_links_color":"","ocean_menu_social_hover_links_color":"","ocean_disable_title":"default","ocean_disable_heading":"default","ocean_post_title":"","ocean_post_subheading":"","ocean_post_title_style":"","ocean_post_title_background_color":"","ocean_post_title_background":0,"ocean_post_title_bg_image_position":"","ocean_post_title_bg_image_attachment":"","ocean_post_title_bg_image_repeat":"","ocean_post_title_bg_image_size":"","ocean_post_title_height":0,"ocean_post_title_bg_overlay":0.5,"ocean_post_title_bg_overlay_color":"","ocean_disable_breadcrumbs":"default","ocean_breadcrumbs_color":"","ocean_breadcrumbs_separator_color":"","ocean_breadcrumbs_links_color":"","ocean_breadcrumbs_links_hover_color":"","ocean_display_footer_widgets":"default","ocean_display_footer_bottom":"default","ocean_custom_footer_template":"0","footnotes":""},"class_list":["post-1051","page","type-page","status-publish","hentry","entry"],"yoast_head":"<!-- This site is optimized with the Yoast SEO plugin v27.4 - https:\/\/yoast.com\/product\/yoast-seo-wordpress\/ -->\n<title>Tr\u00e9ninkov\u00fd program - Linux &#8226; exTerra Services &#8226; profesion\u00e1ln\u00ed IT \u0159e\u0161en\u00ed<\/title>\n<meta name=\"robots\" content=\"index, follow, max-snippet:-1, max-image-preview:large, max-video-preview:-1\" \/>\n<link rel=\"canonical\" href=\"https:\/\/www.exterra-services.cz\/index.php\/treninkovy-program-linux\/\" \/>\n<meta property=\"og:locale\" content=\"cs_CZ\" \/>\n<meta property=\"og:type\" content=\"article\" \/>\n<meta property=\"og:title\" content=\"Tr\u00e9ninkov\u00fd program - Linux &#8226; exTerra Services &#8226; profesion\u00e1ln\u00ed IT \u0159e\u0161en\u00ed\" \/>\n<meta property=\"og:description\" content=\"\u00da\u010dast na \u0161kolen\u00ed je nutn\u00e9 rezervovat minim\u00e1ln\u011b 14 dn\u00ed p\u0159edem! Individu\u00e1ln\u00ed term\u00edn lze ur\u010dit po p\u0159edchoz\u00ed domluv\u011b. Smyslem tohoto programu je sezn\u00e1mit \u00fa\u010dastn\u00edky kurzu s obecn\u011b platn\u00fdmi postupy p\u0159i administraci OS Linux, uk\u00e1zat \u0159e\u0161en\u00ed \u010dast\u00fdch probl\u00e9m\u016f a nau\u010dit systematicky \u0159e\u0161it vznikl\u00e9 krize a hav\u00e1rie. Obsahem tr\u00e9ninku jsou n\u00e1sleduj\u00edc\u00ed oblasti, kter\u00e9 je mo\u017eno roz\u0161\u00ed\u0159it o dal\u0161\u00ed [&hellip;]\" \/>\n<meta property=\"og:url\" content=\"https:\/\/www.exterra-services.cz\/index.php\/treninkovy-program-linux\/\" \/>\n<meta property=\"og:site_name\" content=\"exTerra Services\" \/>\n<meta property=\"article:modified_time\" content=\"2021-09-06T17:21:16+00:00\" \/>\n<meta name=\"twitter:card\" content=\"summary_large_image\" \/>\n<meta name=\"twitter:label1\" content=\"Odhadovan\u00e1 doba \u010dten\u00ed\" \/>\n\t<meta name=\"twitter:data1\" content=\"1 minuta\" \/>\n<script type=\"application\/ld+json\" class=\"yoast-schema-graph\">{\"@context\":\"https:\\\/\\\/schema.org\",\"@graph\":[{\"@type\":\"WebPage\",\"@id\":\"https:\\\/\\\/www.exterra-services.cz\\\/index.php\\\/treninkovy-program-linux\\\/\",\"url\":\"https:\\\/\\\/www.exterra-services.cz\\\/index.php\\\/treninkovy-program-linux\\\/\",\"name\":\"Tr\u00e9ninkov\u00fd program - Linux &#8226; exTerra Services &#8226; profesion\u00e1ln\u00ed IT \u0159e\u0161en\u00ed\",\"isPartOf\":{\"@id\":\"https:\\\/\\\/www.exterra-services.cz\\\/#website\"},\"datePublished\":\"2019-01-25T21:57:06+00:00\",\"dateModified\":\"2021-09-06T17:21:16+00:00\",\"breadcrumb\":{\"@id\":\"https:\\\/\\\/www.exterra-services.cz\\\/index.php\\\/treninkovy-program-linux\\\/#breadcrumb\"},\"inLanguage\":\"cs\",\"potentialAction\":[{\"@type\":\"ReadAction\",\"target\":[\"https:\\\/\\\/www.exterra-services.cz\\\/index.php\\\/treninkovy-program-linux\\\/\"]}]},{\"@type\":\"BreadcrumbList\",\"@id\":\"https:\\\/\\\/www.exterra-services.cz\\\/index.php\\\/treninkovy-program-linux\\\/#breadcrumb\",\"itemListElement\":[{\"@type\":\"ListItem\",\"position\":1,\"name\":\"Dom\u016f\",\"item\":\"https:\\\/\\\/www.exterra-services.cz\\\/\"},{\"@type\":\"ListItem\",\"position\":2,\"name\":\"Tr\u00e9ninkov\u00fd program &#8211; Linux\"}]},{\"@type\":\"WebSite\",\"@id\":\"https:\\\/\\\/www.exterra-services.cz\\\/#website\",\"url\":\"https:\\\/\\\/www.exterra-services.cz\\\/\",\"name\":\"exTerra Services\",\"description\":\"profesion\u00e1ln\u00ed IT \u0159e\u0161en\u00ed\",\"publisher\":{\"@id\":\"https:\\\/\\\/www.exterra-services.cz\\\/#organization\"},\"potentialAction\":[{\"@type\":\"SearchAction\",\"target\":{\"@type\":\"EntryPoint\",\"urlTemplate\":\"https:\\\/\\\/www.exterra-services.cz\\\/?s={search_term_string}\"},\"query-input\":{\"@type\":\"PropertyValueSpecification\",\"valueRequired\":true,\"valueName\":\"search_term_string\"}}],\"inLanguage\":\"cs\"},{\"@type\":\"Organization\",\"@id\":\"https:\\\/\\\/www.exterra-services.cz\\\/#organization\",\"name\":\"exTerra Services s.r.o.\",\"url\":\"https:\\\/\\\/www.exterra-services.cz\\\/\",\"logo\":{\"@type\":\"ImageObject\",\"inLanguage\":\"cs\",\"@id\":\"https:\\\/\\\/www.exterra-services.cz\\\/#\\\/schema\\\/logo\\\/image\\\/\",\"url\":\"https:\\\/\\\/www.exterra-services.cz\\\/wp-content\\\/uploads\\\/2018\\\/12\\\/logo.png\",\"contentUrl\":\"https:\\\/\\\/www.exterra-services.cz\\\/wp-content\\\/uploads\\\/2018\\\/12\\\/logo.png\",\"width\":1280,\"height\":720,\"caption\":\"exTerra Services s.r.o.\"},\"image\":{\"@id\":\"https:\\\/\\\/www.exterra-services.cz\\\/#\\\/schema\\\/logo\\\/image\\\/\"}}]}<\/script>\n<!-- \/ Yoast SEO plugin. -->","yoast_head_json":{"title":"Tr\u00e9ninkov\u00fd program - Linux &#8226; exTerra Services &#8226; profesion\u00e1ln\u00ed IT \u0159e\u0161en\u00ed","robots":{"index":"index","follow":"follow","max-snippet":"max-snippet:-1","max-image-preview":"max-image-preview:large","max-video-preview":"max-video-preview:-1"},"canonical":"https:\/\/www.exterra-services.cz\/index.php\/treninkovy-program-linux\/","og_locale":"cs_CZ","og_type":"article","og_title":"Tr\u00e9ninkov\u00fd program - Linux &#8226; exTerra Services &#8226; profesion\u00e1ln\u00ed IT \u0159e\u0161en\u00ed","og_description":"\u00da\u010dast na \u0161kolen\u00ed je nutn\u00e9 rezervovat minim\u00e1ln\u011b 14 dn\u00ed p\u0159edem! Individu\u00e1ln\u00ed term\u00edn lze ur\u010dit po p\u0159edchoz\u00ed domluv\u011b. Smyslem tohoto programu je sezn\u00e1mit \u00fa\u010dastn\u00edky kurzu s obecn\u011b platn\u00fdmi postupy p\u0159i administraci OS Linux, uk\u00e1zat \u0159e\u0161en\u00ed \u010dast\u00fdch probl\u00e9m\u016f a nau\u010dit systematicky \u0159e\u0161it vznikl\u00e9 krize a hav\u00e1rie. Obsahem tr\u00e9ninku jsou n\u00e1sleduj\u00edc\u00ed oblasti, kter\u00e9 je mo\u017eno roz\u0161\u00ed\u0159it o dal\u0161\u00ed [&hellip;]","og_url":"https:\/\/www.exterra-services.cz\/index.php\/treninkovy-program-linux\/","og_site_name":"exTerra Services","article_modified_time":"2021-09-06T17:21:16+00:00","twitter_card":"summary_large_image","twitter_misc":{"Odhadovan\u00e1 doba \u010dten\u00ed":"1 minuta"},"schema":{"@context":"https:\/\/schema.org","@graph":[{"@type":"WebPage","@id":"https:\/\/www.exterra-services.cz\/index.php\/treninkovy-program-linux\/","url":"https:\/\/www.exterra-services.cz\/index.php\/treninkovy-program-linux\/","name":"Tr\u00e9ninkov\u00fd program - Linux &#8226; exTerra Services &#8226; profesion\u00e1ln\u00ed IT \u0159e\u0161en\u00ed","isPartOf":{"@id":"https:\/\/www.exterra-services.cz\/#website"},"datePublished":"2019-01-25T21:57:06+00:00","dateModified":"2021-09-06T17:21:16+00:00","breadcrumb":{"@id":"https:\/\/www.exterra-services.cz\/index.php\/treninkovy-program-linux\/#breadcrumb"},"inLanguage":"cs","potentialAction":[{"@type":"ReadAction","target":["https:\/\/www.exterra-services.cz\/index.php\/treninkovy-program-linux\/"]}]},{"@type":"BreadcrumbList","@id":"https:\/\/www.exterra-services.cz\/index.php\/treninkovy-program-linux\/#breadcrumb","itemListElement":[{"@type":"ListItem","position":1,"name":"Dom\u016f","item":"https:\/\/www.exterra-services.cz\/"},{"@type":"ListItem","position":2,"name":"Tr\u00e9ninkov\u00fd program &#8211; Linux"}]},{"@type":"WebSite","@id":"https:\/\/www.exterra-services.cz\/#website","url":"https:\/\/www.exterra-services.cz\/","name":"exTerra Services","description":"profesion\u00e1ln\u00ed IT \u0159e\u0161en\u00ed","publisher":{"@id":"https:\/\/www.exterra-services.cz\/#organization"},"potentialAction":[{"@type":"SearchAction","target":{"@type":"EntryPoint","urlTemplate":"https:\/\/www.exterra-services.cz\/?s={search_term_string}"},"query-input":{"@type":"PropertyValueSpecification","valueRequired":true,"valueName":"search_term_string"}}],"inLanguage":"cs"},{"@type":"Organization","@id":"https:\/\/www.exterra-services.cz\/#organization","name":"exTerra Services s.r.o.","url":"https:\/\/www.exterra-services.cz\/","logo":{"@type":"ImageObject","inLanguage":"cs","@id":"https:\/\/www.exterra-services.cz\/#\/schema\/logo\/image\/","url":"https:\/\/www.exterra-services.cz\/wp-content\/uploads\/2018\/12\/logo.png","contentUrl":"https:\/\/www.exterra-services.cz\/wp-content\/uploads\/2018\/12\/logo.png","width":1280,"height":720,"caption":"exTerra Services s.r.o."},"image":{"@id":"https:\/\/www.exterra-services.cz\/#\/schema\/logo\/image\/"}}]}},"jetpack_sharing_enabled":true,"_links":{"self":[{"href":"https:\/\/www.exterra-services.cz\/index.php\/wp-json\/wp\/v2\/pages\/1051","targetHints":{"allow":["GET"]}}],"collection":[{"href":"https:\/\/www.exterra-services.cz\/index.php\/wp-json\/wp\/v2\/pages"}],"about":[{"href":"https:\/\/www.exterra-services.cz\/index.php\/wp-json\/wp\/v2\/types\/page"}],"author":[{"embeddable":true,"href":"https:\/\/www.exterra-services.cz\/index.php\/wp-json\/wp\/v2\/users\/1"}],"replies":[{"embeddable":true,"href":"https:\/\/www.exterra-services.cz\/index.php\/wp-json\/wp\/v2\/comments?post=1051"}],"version-history":[{"count":3,"href":"https:\/\/www.exterra-services.cz\/index.php\/wp-json\/wp\/v2\/pages\/1051\/revisions"}],"predecessor-version":[{"id":3532,"href":"https:\/\/www.exterra-services.cz\/index.php\/wp-json\/wp\/v2\/pages\/1051\/revisions\/3532"}],"wp:attachment":[{"href":"https:\/\/www.exterra-services.cz\/index.php\/wp-json\/wp\/v2\/media?parent=1051"}],"curies":[{"name":"wp","href":"https:\/\/api.w.org\/{rel}","templated":true}]}}